{"id":24072,"date":"2024-11-30T16:29:56","date_gmt":"2024-11-30T15:29:56","guid":{"rendered":"https:\/\/mamaterra.lt\/parduotuve\/non%20class\u00e9\/doterra-gardenijos-ranku-kremas\/"},"modified":"2024-11-30T16:38:47","modified_gmt":"2024-11-30T15:38:47","slug":"doterra-gardenijos-ranku-kremas","status":"publish","type":"product","link":"https:\/\/mamaterra.lt\/fr\/parduotuve\/hygiene-et-soins-de-la-peau\/doterra-soleil-fr\/doterra-gardenijos-ranku-kremas\/","title":{"rendered":"Cr\u00e8me pour les mains doTERRA Gardenia Restorative"},"content":{"rendered":"<h6>Cr\u00e8me pour les mains doTERRA Gardenia Restorative<\/h6>\n<p>Avec son ar\u00f4me invitant et r\u00e9confortant, la cr\u00e8me pour les mains Gardenia Restorative est non grasse, p\u00e9n\u00e8tre rapidement et procure une hydratation apaisante.<br \/>\nOffrez \u00e0 votre peau un luxe transformateur avec la cr\u00e8me r\u00e9paratrice pour les mains Gardenia, qui contient de l&rsquo;huile essentielle de Gardenia certifi\u00e9e CPTG (Certified Pure Tested Grade\u00ae) et un m\u00e9lange frais de jasmin, de ch\u00e8vrefeuille, d&rsquo;osmanthus, d&rsquo;orange sauvage et de romarin. Gr\u00e2ce \u00e0 un m\u00e9lange profond\u00e9ment hydratant de beurre de karit\u00e9 et d&rsquo;huile de graines de tournesol, la cr\u00e8me pour les mains Gardenia est intens\u00e9ment nourrissante et laisse les mains douces et souples.<\/p>\n","protected":false},"excerpt":{"rendered":"<p>Avec son ar\u00f4me invitant et r\u00e9confortant, la cr\u00e8me r\u00e9paratrice pour les mains Gardenia n&rsquo;est pas grasse, p\u00e9n\u00e8tre rapidement et procure une hydratation apaisante<\/p>\n","protected":false},"featured_media":24066,"template":"","meta":{"site-sidebar-layout":"default","site-content-layout":"","ast-site-content-layout":"default","site-content-style":"default","site-sidebar-style":"default","ast-global-header-display":"","ast-banner-title-visibility":"","ast-main-header-display":"","ast-hfb-above-header-display":"","ast-hfb-below-header-display":"","ast-hfb-mobile-header-display":"","site-post-title":"","ast-breadcrumbs-content":"","ast-featured-img":"","footer-sml-layout":"","ast-disable-related-posts":"","theme-transparent-header-meta":"default","adv-header-id-meta":"","stick-header-meta":"","header-above-stick-meta":"","header-main-stick-meta":"","header-below-stick-meta":"","astra-migrate-meta-layouts":"set","ast-page-background-enabled":"default","ast-page-background-meta":{"desktop":{"background-color":"","background-image":"","background-repeat":"repeat","background-position":"center center","background-size":"auto","background-attachment":"scroll","background-type":"","background-media":"","overlay-type":"","overlay-color":"","overlay-opacity":"","overlay-gradient":""},"tablet":{"background-color":"","background-image":"","background-repeat":"repeat","background-position":"center center","background-size":"auto","background-attachment":"scroll","background-type":"","background-media":"","overlay-type":"","overlay-color":"","overlay-opacity":"","overlay-gradient":""},"mobile":{"background-color":"","background-image":"","background-repeat":"repeat","background-position":"center center","background-size":"auto","background-attachment":"scroll","background-type":"","background-media":"","overlay-type":"","overlay-color":"","overlay-opacity":"","overlay-gradient":""}},"ast-content-background-meta":{"desktop":{"background-color":"var(--ast-global-color-5)","background-image":"","background-repeat":"repeat","background-position":"center center","background-size":"auto","background-attachment":"scroll","background-type":"","background-media":"","overlay-type":"","overlay-color":"","overlay-opacity":"","overlay-gradient":""},"tablet":{"background-color":"var(--ast-global-color-5)","background-image":"","background-repeat":"repeat","background-position":"center center","background-size":"auto","background-attachment":"scroll","background-type":"","background-media":"","overlay-type":"","overlay-color":"","overlay-opacity":"","overlay-gradient":""},"mobile":{"background-color":"var(--ast-global-color-5)","background-image":"","background-repeat":"repeat","background-position":"center center","background-size":"auto","background-attachment":"scroll","background-type":"","background-media":"","overlay-type":"","overlay-color":"","overlay-opacity":"","overlay-gradient":""}}},"product_brand":[],"product_cat":[1923,1930,3580,3579,1960,2010],"product_tag":[],"class_list":{"0":"post-24072","1":"product","2":"type-product","3":"status-publish","4":"has-post-thumbnail","6":"product_cat-cadeaux","7":"product_cat-cadeaux-pour-femmes","8":"product_cat-doterra-saules-linija-fr","9":"product_cat-doterra-soleil-fr","10":"product_cat-hygiene-et-soins-de-la-peau","11":"product_cat-pour-femme","12":"desktop-align-left","13":"tablet-align-left","14":"mobile-align-left","16":"first","17":"outofstock","18":"taxable","19":"shipping-taxable","20":"purchasable","21":"product-type-simple"},"_links":{"self":[{"href":"https:\/\/mamaterra.lt\/fr\/wp-json\/wp\/v2\/product\/24072","targetHints":{"allow":["GET"]}}],"collection":[{"href":"https:\/\/mamaterra.lt\/fr\/wp-json\/wp\/v2\/product"}],"about":[{"href":"https:\/\/mamaterra.lt\/fr\/wp-json\/wp\/v2\/types\/product"}],"wp:featuredmedia":[{"embeddable":true,"href":"https:\/\/mamaterra.lt\/fr\/wp-json\/wp\/v2\/media\/24066"}],"wp:attachment":[{"href":"https:\/\/mamaterra.lt\/fr\/wp-json\/wp\/v2\/media?parent=24072"}],"wp:term":[{"taxonomy":"product_brand","embeddable":true,"href":"https:\/\/mamaterra.lt\/fr\/wp-json\/wp\/v2\/product_brand?post=24072"},{"taxonomy":"product_cat","embeddable":true,"href":"https:\/\/mamaterra.lt\/fr\/wp-json\/wp\/v2\/product_cat?post=24072"},{"taxonomy":"product_tag","embeddable":true,"href":"https:\/\/mamaterra.lt\/fr\/wp-json\/wp\/v2\/product_tag?post=24072"}],"curies":[{"name":"wp","href":"https:\/\/api.w.org\/{rel}","templated":true}]}}