{"id":23980,"date":"2024-11-28T18:08:43","date_gmt":"2024-11-28T17:08:43","guid":{"rendered":"https:\/\/mamaterra.lt\/parduotuve\/non%20class\u00e9\/doterra-pb-restore\/"},"modified":"2024-11-28T18:23:40","modified_gmt":"2024-11-28T17:23:40","slug":"doterra-pb-restore","status":"publish","type":"product","link":"https:\/\/mamaterra.lt\/fr\/parduotuve\/digestion-fr\/doterra-pb-restore\/","title":{"rendered":"DoTERRA PB Restore"},"content":{"rendered":"<h6>DoTERRA PB Restore<\/h6>\n<h6 class=\"spotlight__head-latin-title\">avec des cultures bact\u00e9riennes vivantes et des fructooligosaccharides<\/h6>\n<p>PB Restore est formul\u00e9 comme un suppl\u00e9ment de base b\u00e9n\u00e9fique pour votre corps. Envelopp\u00e9 dans une capsule \u00e0 double chambre, il contient 30 composants pr\u00e9biotiques, probiotiques et postbiotiques bioactifs. Chaque g\u00e9lule contient 18 milliards de cellules vivantes au moment de l&rsquo;utilisation. Gr\u00e2ce \u00e0 une technologie d&rsquo;encapsulation avanc\u00e9e, la capsule ext\u00e9rieure prot\u00e8ge les pr\u00e9biotiques et les postbiotiques, tandis que la capsule int\u00e9rieure, lib\u00e9r\u00e9e au fil du temps, contient 28 souches probiotiques. Ce syst\u00e8me innovant de g\u00e9lules \u00e0 double couche prot\u00e8ge les cultures bioactives de l&rsquo;environnement difficile de l&rsquo;estomac, garantissant ainsi une diffusion optimale de leurs bienfaits actifs.<\/p>\n<p>Prendre 1 g\u00e9lule par jour, juste avant le repas.<\/p>\n","protected":false},"excerpt":{"rendered":"<ul class=\"spotlight__list-custom custom-list\">\n<li>Fournit une formulation unique de 30 pr\u00e9biotiques, probiotiques et postbiotiques.<br \/>\nContient 28 souches probiotiques diff\u00e9rentes de PB Assist+\u2122.<\/li>\n<li>Inclut le fructooligosaccharide (FOS), un pr\u00e9biotique essentiel, un hydrate de carbone naturel qui favorise s\u00e9lectivement la croissance des bact\u00e9ries b\u00e9n\u00e9fiques.<\/li>\n<li>Fournit des unit\u00e9s formant des colonies (UFC) de probiotiques, comprenant une gamme vari\u00e9e de 28 cultures actives soigneusement s\u00e9lectionn\u00e9es parmi 20 esp\u00e8ces diff\u00e9rentes, garantissant une diversit\u00e9 microbienne exceptionnelle.<\/li>\n<li>La technologie unique de la capsule \u00e0 double couche prot\u00e8ge les cultures bioactives de l&rsquo;environnement hostile de l&rsquo;estomac et leur permet d&rsquo;exercer leurs effets b\u00e9n\u00e9fiques.<\/li>\n<\/ul>\n","protected":false},"featured_media":23974,"template":"","meta":{"site-sidebar-layout":"default","site-content-layout":"","ast-site-content-layout":"default","site-content-style":"default","site-sidebar-style":"default","ast-global-header-display":"","ast-banner-title-visibility":"","ast-main-header-display":"","ast-hfb-above-header-display":"","ast-hfb-below-header-display":"","ast-hfb-mobile-header-display":"","site-post-title":"","ast-breadcrumbs-content":"","ast-featured-img":"","footer-sml-layout":"","ast-disable-related-posts":"","theme-transparent-header-meta":"default","adv-header-id-meta":"","stick-header-meta":"","header-above-stick-meta":"","header-main-stick-meta":"","header-below-stick-meta":"","astra-migrate-meta-layouts":"set","ast-page-background-enabled":"default","ast-page-background-meta":{"desktop":{"background-color":"","background-image":"","background-repeat":"repeat","background-position":"center center","background-size":"auto","background-attachment":"scroll","background-type":"","background-media":"","overlay-type":"","overlay-color":"","overlay-opacity":"","overlay-gradient":""},"tablet":{"background-color":"","background-image":"","background-repeat":"repeat","background-position":"center center","background-size":"auto","background-attachment":"scroll","background-type":"","background-media":"","overlay-type":"","overlay-color":"","overlay-opacity":"","overlay-gradient":""},"mobile":{"background-color":"","background-image":"","background-repeat":"repeat","background-position":"center center","background-size":"auto","background-attachment":"scroll","background-type":"","background-media":"","overlay-type":"","overlay-color":"","overlay-opacity":"","overlay-gradient":""}},"ast-content-background-meta":{"desktop":{"background-color":"var(--ast-global-color-5)","background-image":"","background-repeat":"repeat","background-position":"center center","background-size":"auto","background-attachment":"scroll","background-type":"","background-media":"","overlay-type":"","overlay-color":"","overlay-opacity":"","overlay-gradient":""},"tablet":{"background-color":"var(--ast-global-color-5)","background-image":"","background-repeat":"repeat","background-position":"center center","background-size":"auto","background-attachment":"scroll","background-type":"","background-media":"","overlay-type":"","overlay-color":"","overlay-opacity":"","overlay-gradient":""},"mobile":{"background-color":"var(--ast-global-color-5)","background-image":"","background-repeat":"repeat","background-position":"center center","background-size":"auto","background-attachment":"scroll","background-type":"","background-media":"","overlay-type":"","overlay-color":"","overlay-opacity":"","overlay-gradient":""}}},"product_brand":[],"product_cat":[2050],"product_tag":[],"class_list":{"0":"post-23980","1":"product","2":"type-product","3":"status-publish","4":"has-post-thumbnail","6":"product_cat-digestion-fr","7":"desktop-align-left","8":"tablet-align-left","9":"mobile-align-left","11":"first","12":"instock","13":"taxable","14":"shipping-taxable","15":"purchasable","16":"product-type-simple"},"_links":{"self":[{"href":"https:\/\/mamaterra.lt\/fr\/wp-json\/wp\/v2\/product\/23980","targetHints":{"allow":["GET"]}}],"collection":[{"href":"https:\/\/mamaterra.lt\/fr\/wp-json\/wp\/v2\/product"}],"about":[{"href":"https:\/\/mamaterra.lt\/fr\/wp-json\/wp\/v2\/types\/product"}],"wp:featuredmedia":[{"embeddable":true,"href":"https:\/\/mamaterra.lt\/fr\/wp-json\/wp\/v2\/media\/23974"}],"wp:attachment":[{"href":"https:\/\/mamaterra.lt\/fr\/wp-json\/wp\/v2\/media?parent=23980"}],"wp:term":[{"taxonomy":"product_brand","embeddable":true,"href":"https:\/\/mamaterra.lt\/fr\/wp-json\/wp\/v2\/product_brand?post=23980"},{"taxonomy":"product_cat","embeddable":true,"href":"https:\/\/mamaterra.lt\/fr\/wp-json\/wp\/v2\/product_cat?post=23980"},{"taxonomy":"product_tag","embeddable":true,"href":"https:\/\/mamaterra.lt\/fr\/wp-json\/wp\/v2\/product_tag?post=23980"}],"curies":[{"name":"wp","href":"https:\/\/api.w.org\/{rel}","templated":true}]}}