{"id":23862,"date":"2024-11-03T19:39:24","date_gmt":"2024-11-03T18:39:24","guid":{"rendered":"https:\/\/mamaterra.lt\/parduotuve\/non%20class\u00e9\/doterra-karsto-vandens-sildykle-ir-holiday-love-5-ml\/"},"modified":"2024-11-03T19:48:20","modified_gmt":"2024-11-03T18:48:20","slug":"doterra-bouillotte-amour-des-fetes-5-ml","status":"publish","type":"product","link":"https:\/\/mamaterra.lt\/fr\/parduotuve\/cadeaux\/doterra-bouillotte-amour-des-fetes-5-ml\/","title":{"rendered":"doTERRA Bouillotte &#038; Amour des F\u00eates (5 ml)"},"content":{"rendered":"<h6 class=\"spotlight__head-title\">doTERRA Bouillotte &amp; Amour des F\u00eates (5 ml)<\/h6>\n<p>&nbsp;<\/p>\n<p>Un duo qui incarne l&rsquo;essence de la chaleur douillette des f\u00eates de fin d&rsquo;ann\u00e9e.<\/p>\n<p>Holiday Love contient des huiles essentielles et des absolus purs tels que le bois de c\u00e8dre, le sapin de Sib\u00e9rie, l&rsquo;orange sauvage, l&rsquo;encens et le boswellia, Baume du P\u00e9rou, Nootka, Labdanum, Cannelle, F\u00e8ve Tonka et Vanille.<\/p>\n<p>Le chauffe-eau en caoutchouc, dot\u00e9 d&rsquo;une housse en polaire ultra-douce pour le confort et la protection, r\u00e9chauffera le c\u0153ur et l&rsquo;esprit de tous les amateurs d&rsquo;huiles essentielles. L&rsquo;ensemble a un aspect et un toucher charmants et est pr\u00e9sent\u00e9 dans un beau coffret cadeau de la marque d\u014dTERRA.<\/p>\n","protected":false},"excerpt":{"rendered":"<h6 class=\"spotlight__head-title\">doTERRA Bouillotte &amp; Amour des F\u00eates (5 ml)<\/h6>\n<p>&nbsp;<\/p>\n<p>Un duo qui incarne l&rsquo;essence de la chaleur douillette des f\u00eates de fin d&rsquo;ann\u00e9e.<\/p>\n","protected":false},"featured_media":23843,"template":"","meta":{"site-sidebar-layout":"default","site-content-layout":"","ast-site-content-layout":"default","site-content-style":"default","site-sidebar-style":"default","ast-global-header-display":"","ast-banner-title-visibility":"","ast-main-header-display":"","ast-hfb-above-header-display":"","ast-hfb-below-header-display":"","ast-hfb-mobile-header-display":"","site-post-title":"","ast-breadcrumbs-content":"","ast-featured-img":"","footer-sml-layout":"","ast-disable-related-posts":"","theme-transparent-header-meta":"default","adv-header-id-meta":"","stick-header-meta":"","header-above-stick-meta":"","header-main-stick-meta":"","header-below-stick-meta":"","astra-migrate-meta-layouts":"set","ast-page-background-enabled":"default","ast-page-background-meta":{"desktop":{"background-color":"","background-image":"","background-repeat":"repeat","background-position":"center center","background-size":"auto","background-attachment":"scroll","background-type":"","background-media":"","overlay-type":"","overlay-color":"","overlay-opacity":"","overlay-gradient":""},"tablet":{"background-color":"","background-image":"","background-repeat":"repeat","background-position":"center center","background-size":"auto","background-attachment":"scroll","background-type":"","background-media":"","overlay-type":"","overlay-color":"","overlay-opacity":"","overlay-gradient":""},"mobile":{"background-color":"","background-image":"","background-repeat":"repeat","background-position":"center center","background-size":"auto","background-attachment":"scroll","background-type":"","background-media":"","overlay-type":"","overlay-color":"","overlay-opacity":"","overlay-gradient":""}},"ast-content-background-meta":{"desktop":{"background-color":"var(--ast-global-color-5)","background-image":"","background-repeat":"repeat","background-position":"center center","background-size":"auto","background-attachment":"scroll","background-type":"","background-media":"","overlay-type":"","overlay-color":"","overlay-opacity":"","overlay-gradient":""},"tablet":{"background-color":"var(--ast-global-color-5)","background-image":"","background-repeat":"repeat","background-position":"center center","background-size":"auto","background-attachment":"scroll","background-type":"","background-media":"","overlay-type":"","overlay-color":"","overlay-opacity":"","overlay-gradient":""},"mobile":{"background-color":"var(--ast-global-color-5)","background-image":"","background-repeat":"repeat","background-position":"center center","background-size":"auto","background-attachment":"scroll","background-type":"","background-media":"","overlay-type":"","overlay-color":"","overlay-opacity":"","overlay-gradient":""}}},"product_brand":[],"product_cat":[1923],"product_tag":[],"class_list":{"0":"post-23862","1":"product","2":"type-product","3":"status-publish","4":"has-post-thumbnail","6":"product_cat-cadeaux","7":"desktop-align-left","8":"tablet-align-left","9":"mobile-align-left","11":"first","12":"instock","13":"taxable","14":"shipping-taxable","15":"purchasable","16":"product-type-simple"},"_links":{"self":[{"href":"https:\/\/mamaterra.lt\/fr\/wp-json\/wp\/v2\/product\/23862","targetHints":{"allow":["GET"]}}],"collection":[{"href":"https:\/\/mamaterra.lt\/fr\/wp-json\/wp\/v2\/product"}],"about":[{"href":"https:\/\/mamaterra.lt\/fr\/wp-json\/wp\/v2\/types\/product"}],"wp:featuredmedia":[{"embeddable":true,"href":"https:\/\/mamaterra.lt\/fr\/wp-json\/wp\/v2\/media\/23843"}],"wp:attachment":[{"href":"https:\/\/mamaterra.lt\/fr\/wp-json\/wp\/v2\/media?parent=23862"}],"wp:term":[{"taxonomy":"product_brand","embeddable":true,"href":"https:\/\/mamaterra.lt\/fr\/wp-json\/wp\/v2\/product_brand?post=23862"},{"taxonomy":"product_cat","embeddable":true,"href":"https:\/\/mamaterra.lt\/fr\/wp-json\/wp\/v2\/product_cat?post=23862"},{"taxonomy":"product_tag","embeddable":true,"href":"https:\/\/mamaterra.lt\/fr\/wp-json\/wp\/v2\/product_tag?post=23862"}],"curies":[{"name":"wp","href":"https:\/\/api.w.org\/{rel}","templated":true}]}}