{"id":23470,"date":"2024-07-11T19:00:46","date_gmt":"2024-07-11T18:00:46","guid":{"rendered":"https:\/\/mamaterra.lt\/parduotuve\/maaratlemata\/pripildomas-ranku-prausiklio-dozatorius-stiklinis\/"},"modified":"2024-07-11T19:09:19","modified_gmt":"2024-07-11T18:09:19","slug":"distributeur-rechargeable-de-savon-pour-les-mains-en-verre","status":"publish","type":"product","link":"https:\/\/mamaterra.lt\/fr\/parduotuve\/hygiene-et-soins-de-la-peau\/distributeur-rechargeable-de-savon-pour-les-mains-en-verre\/","title":{"rendered":"Distributeur rechargeable de savon pour les mains en verre"},"content":{"rendered":"<p><strong>Distributeur rechargeable de savon pour les mains en verre<\/strong><\/p>\n<p>Con\u00e7ue pour le consommateur conscient, cette bouteille en verre durable et r\u00e9utilisable est pratique et facile \u00e0 remplir avec votre nettoyant pour les mains doTERRA pr\u00e9f\u00e9r\u00e9. En tant que produit de notre gamme d\u014dTERRA ab\u014dde\u2122, nous nous effor\u00e7ons d&rsquo;utiliser autant que possible du verre recyclable plut\u00f4t que du plastique \u00e0 usage unique. Ce choix respectueux de l&rsquo;environnement permet non seulement de r\u00e9duire l&rsquo;utilisation du plastique dans les m\u00e9nages, mais aussi d&rsquo;ajouter un attrait esth\u00e9tique au produit et \u00e0 votre maison. En offrant efficacit\u00e9 et durabilit\u00e9, vous pouvez compter sur doTERRA pour fournir des solutions respectueuses de l&rsquo;environnement qui refl\u00e8tent notre responsabilit\u00e9 partag\u00e9e de prot\u00e9ger la plan\u00e8te.<\/p>\n<p>Magnifiquement con\u00e7u et esth\u00e9tiquement agr\u00e9able.<br \/>\nDistributeur en verre ambr\u00e9 tr\u00e8s durable avec pompe en m\u00e9tal bross\u00e9.<br \/>\nFonctionnel et durable, facile \u00e0 remplir.<br \/>\nDestin\u00e9 \u00e0 \u00eatre utilis\u00e9 avec les concentr\u00e9s doTERRA pour le lavage des mains.<\/p>\n","protected":false},"excerpt":{"rendered":"<p>1. Versez le concentr\u00e9 moussant doTERRA pour le lavage des mains* dans la bouteille en verre jusqu&rsquo;\u00e0 ce qu&rsquo;il atteigne la ligne de remplissage du concentr\u00e9.<br \/>\n2. Ajoutez de l&rsquo;eau purifi\u00e9e jusqu&rsquo;\u00e0 ce que le m\u00e9lange atteigne la ligne de remplissage de l&rsquo;eau.<br \/>\n3. Fixer solidement la pompe \u00e0 la bouteille et agiter doucement.<br \/>\n4. Utiliser au besoin pour se laver les mains.<\/p>\n","protected":false},"featured_media":23461,"template":"","meta":{"site-sidebar-layout":"default","site-content-layout":"","ast-site-content-layout":"default","site-content-style":"default","site-sidebar-style":"default","ast-global-header-display":"","ast-banner-title-visibility":"","ast-main-header-display":"","ast-hfb-above-header-display":"","ast-hfb-below-header-display":"","ast-hfb-mobile-header-display":"","site-post-title":"","ast-breadcrumbs-content":"","ast-featured-img":"","footer-sml-layout":"","ast-disable-related-posts":"","theme-transparent-header-meta":"","adv-header-id-meta":"","stick-header-meta":"","header-above-stick-meta":"","header-main-stick-meta":"","header-below-stick-meta":"","astra-migrate-meta-layouts":"set","ast-page-background-enabled":"default","ast-page-background-meta":{"desktop":{"background-color":"","background-image":"","background-repeat":"repeat","background-position":"center center","background-size":"auto","background-attachment":"scroll","background-type":"","background-media":"","overlay-type":"","overlay-color":"","overlay-opacity":"","overlay-gradient":""},"tablet":{"background-color":"","background-image":"","background-repeat":"repeat","background-position":"center center","background-size":"auto","background-attachment":"scroll","background-type":"","background-media":"","overlay-type":"","overlay-color":"","overlay-opacity":"","overlay-gradient":""},"mobile":{"background-color":"","background-image":"","background-repeat":"repeat","background-position":"center center","background-size":"auto","background-attachment":"scroll","background-type":"","background-media":"","overlay-type":"","overlay-color":"","overlay-opacity":"","overlay-gradient":""}},"ast-content-background-meta":{"desktop":{"background-color":"var(--ast-global-color-5)","background-image":"","background-repeat":"repeat","background-position":"center center","background-size":"auto","background-attachment":"scroll","background-type":"","background-media":"","overlay-type":"","overlay-color":"","overlay-opacity":"","overlay-gradient":""},"tablet":{"background-color":"var(--ast-global-color-5)","background-image":"","background-repeat":"repeat","background-position":"center center","background-size":"auto","background-attachment":"scroll","background-type":"","background-media":"","overlay-type":"","overlay-color":"","overlay-opacity":"","overlay-gradient":""},"mobile":{"background-color":"var(--ast-global-color-5)","background-image":"","background-repeat":"repeat","background-position":"center center","background-size":"auto","background-attachment":"scroll","background-type":"","background-media":"","overlay-type":"","overlay-color":"","overlay-opacity":"","overlay-gradient":""}}},"product_brand":[],"product_cat":[1960,2030],"product_tag":[],"class_list":{"0":"post-23470","1":"product","2":"type-product","3":"status-publish","4":"has-post-thumbnail","6":"product_cat-hygiene-et-soins-de-la-peau","7":"product_cat-supplements","8":"desktop-align-left","9":"tablet-align-left","10":"mobile-align-left","12":"first","13":"instock","14":"taxable","15":"shipping-taxable","16":"product-type-simple"},"_links":{"self":[{"href":"https:\/\/mamaterra.lt\/fr\/wp-json\/wp\/v2\/product\/23470","targetHints":{"allow":["GET"]}}],"collection":[{"href":"https:\/\/mamaterra.lt\/fr\/wp-json\/wp\/v2\/product"}],"about":[{"href":"https:\/\/mamaterra.lt\/fr\/wp-json\/wp\/v2\/types\/product"}],"wp:featuredmedia":[{"embeddable":true,"href":"https:\/\/mamaterra.lt\/fr\/wp-json\/wp\/v2\/media\/23461"}],"wp:attachment":[{"href":"https:\/\/mamaterra.lt\/fr\/wp-json\/wp\/v2\/media?parent=23470"}],"wp:term":[{"taxonomy":"product_brand","embeddable":true,"href":"https:\/\/mamaterra.lt\/fr\/wp-json\/wp\/v2\/product_brand?post=23470"},{"taxonomy":"product_cat","embeddable":true,"href":"https:\/\/mamaterra.lt\/fr\/wp-json\/wp\/v2\/product_cat?post=23470"},{"taxonomy":"product_tag","embeddable":true,"href":"https:\/\/mamaterra.lt\/fr\/wp-json\/wp\/v2\/product_tag?post=23470"}],"curies":[{"name":"wp","href":"https:\/\/api.w.org\/{rel}","templated":true}]}}