{"id":23446,"date":"2024-07-11T18:29:26","date_gmt":"2024-07-11T17:29:26","guid":{"rendered":"https:\/\/mamaterra.lt\/parduotuve\/maaratlemata\/doterra-costa-brio-ir-automobilinis-difuzorius\/"},"modified":"2024-07-11T18:45:18","modified_gmt":"2024-07-11T17:45:18","slug":"doterra-costa-brio-et-diffuseur-pour-voiture","status":"publish","type":"product","link":"https:\/\/mamaterra.lt\/fr\/parduotuve\/huiles-essentielles\/melanges-dhuiles-essentielles\/doterra-costa-brio-et-diffuseur-pour-voiture\/","title":{"rendered":"doTERRA Costa Brio et diffuseur pour voiture"},"content":{"rendered":"<p><strong>doTERRA Costa Brio et diffuseur pour voiture<\/strong><\/p>\n<p>Capturant l&rsquo;allure vibrante de l&rsquo;Am\u00e9rique du Sud, le m\u00e9lange Costa Brio Enlivening est doux, terreux, citronn\u00e9, r\u00e9sineux, bois\u00e9 et floral. Tout espace devient une retraite tranquille avec de nombreux usages et avantages. Associ\u00e9 au diffuseur Car Clip. Embrassez le voyage en d\u00e9placement, peu importe o\u00f9 la route vous m\u00e8ne.<\/p>\n<p>Laissez l&rsquo;essence envo\u00fbtante de doTERRA Costa Brio vous transporter dans les paysages color\u00e9s de l&rsquo;Am\u00e9rique du Sud, o\u00f9 chaque goutte capture l&rsquo;\u00e9clat de sa magie. L&rsquo;ar\u00f4me du m\u00e9lange Costa Brio est une symphonie de notes sucr\u00e9es, terreuses, citronn\u00e9es, r\u00e9sineuses, bois\u00e9es et florales. Cette fusion harmonieuse d&rsquo;huiles essentielles contient du bois de c\u00e8dre, du magnolia, du breu branco, de la menthe bergamote, du fenouil doux, du citron et du baume du P\u00e9rou. L&rsquo;orange sauvage, le poivre rose, le copaiba, le petit grain, le bois de ga\u00efac et la f\u00e8ve tonka proviennent d&rsquo;Am\u00e9rique du Sud gr\u00e2ce \u00e0 des initiatives Co-Impact Sourcing\u2122, garantissant ainsi un m\u00e9lange qui pr\u00e9sente une vari\u00e9t\u00e9 de bienfaits et qui \u00e9l\u00e8ve \u00e9galement les communaut\u00e9s.<\/p>\n<p>Il peut \u00e9galement s&rsquo;agir d&rsquo;un parfum personnel unique. Con\u00e7u comme un parfum masculin, il est \u00e9galement tr\u00e8s attrayant pour les femmes.<\/p>\n","protected":false},"excerpt":{"rendered":"<ul>\n<li>\u00a0Costa Brio &#8211; Un m\u00e9lange rafra\u00eechissant de bois herbac\u00e9 et de fum\u00e9e.<\/li>\n<li>Persuasif, apaisant et ancr\u00e9 dans la r\u00e9alit\u00e9.<\/li>\n<li>Parfait pour la m\u00e9ditation et pour un usage quotidien comme source d&rsquo;inspiration.<\/li>\n<\/ul>\n","protected":false},"featured_media":23728,"template":"","meta":{"site-sidebar-layout":"default","site-content-layout":"","ast-site-content-layout":"default","site-content-style":"default","site-sidebar-style":"default","ast-global-header-display":"","ast-banner-title-visibility":"","ast-main-header-display":"","ast-hfb-above-header-display":"","ast-hfb-below-header-display":"","ast-hfb-mobile-header-display":"","site-post-title":"","ast-breadcrumbs-content":"","ast-featured-img":"","footer-sml-layout":"","ast-disable-related-posts":"","theme-transparent-header-meta":"","adv-header-id-meta":"","stick-header-meta":"","header-above-stick-meta":"","header-main-stick-meta":"","header-below-stick-meta":"","astra-migrate-meta-layouts":"set","ast-page-background-enabled":"default","ast-page-background-meta":{"desktop":{"background-color":"","background-image":"","background-repeat":"repeat","background-position":"center center","background-size":"auto","background-attachment":"scroll","background-type":"","background-media":"","overlay-type":"","overlay-color":"","overlay-opacity":"","overlay-gradient":""},"tablet":{"background-color":"","background-image":"","background-repeat":"repeat","background-position":"center center","background-size":"auto","background-attachment":"scroll","background-type":"","background-media":"","overlay-type":"","overlay-color":"","overlay-opacity":"","overlay-gradient":""},"mobile":{"background-color":"","background-image":"","background-repeat":"repeat","background-position":"center center","background-size":"auto","background-attachment":"scroll","background-type":"","background-media":"","overlay-type":"","overlay-color":"","overlay-opacity":"","overlay-gradient":""}},"ast-content-background-meta":{"desktop":{"background-color":"var(--ast-global-color-5)","background-image":"","background-repeat":"repeat","background-position":"center center","background-size":"auto","background-attachment":"scroll","background-type":"","background-media":"","overlay-type":"","overlay-color":"","overlay-opacity":"","overlay-gradient":""},"tablet":{"background-color":"var(--ast-global-color-5)","background-image":"","background-repeat":"repeat","background-position":"center center","background-size":"auto","background-attachment":"scroll","background-type":"","background-media":"","overlay-type":"","overlay-color":"","overlay-opacity":"","overlay-gradient":""},"mobile":{"background-color":"var(--ast-global-color-5)","background-image":"","background-repeat":"repeat","background-position":"center center","background-size":"auto","background-attachment":"scroll","background-type":"","background-media":"","overlay-type":"","overlay-color":"","overlay-opacity":"","overlay-gradient":""}}},"product_brand":[],"product_cat":[1935,1918,1945],"product_tag":[],"class_list":{"0":"post-23446","1":"product","2":"type-product","3":"status-publish","4":"has-post-thumbnail","6":"product_cat-cadeaux-pour-hommes","7":"product_cat-diffuseurs","8":"product_cat-melanges-dhuiles-essentielles","9":"desktop-align-left","10":"tablet-align-left","11":"mobile-align-left","13":"first","14":"instock","15":"taxable","16":"shipping-taxable","17":"product-type-simple"},"_links":{"self":[{"href":"https:\/\/mamaterra.lt\/fr\/wp-json\/wp\/v2\/product\/23446","targetHints":{"allow":["GET"]}}],"collection":[{"href":"https:\/\/mamaterra.lt\/fr\/wp-json\/wp\/v2\/product"}],"about":[{"href":"https:\/\/mamaterra.lt\/fr\/wp-json\/wp\/v2\/types\/product"}],"wp:featuredmedia":[{"embeddable":true,"href":"https:\/\/mamaterra.lt\/fr\/wp-json\/wp\/v2\/media\/23728"}],"wp:attachment":[{"href":"https:\/\/mamaterra.lt\/fr\/wp-json\/wp\/v2\/media?parent=23446"}],"wp:term":[{"taxonomy":"product_brand","embeddable":true,"href":"https:\/\/mamaterra.lt\/fr\/wp-json\/wp\/v2\/product_brand?post=23446"},{"taxonomy":"product_cat","embeddable":true,"href":"https:\/\/mamaterra.lt\/fr\/wp-json\/wp\/v2\/product_cat?post=23446"},{"taxonomy":"product_tag","embeddable":true,"href":"https:\/\/mamaterra.lt\/fr\/wp-json\/wp\/v2\/product_tag?post=23446"}],"curies":[{"name":"wp","href":"https:\/\/api.w.org\/{rel}","templated":true}]}}