{"id":23313,"date":"2024-06-01T14:05:21","date_gmt":"2024-06-01T13:05:21","guid":{"rendered":"https:\/\/mamaterra.lt\/parduotuve\/maaratlemata\/doterra-moringa-rose-moringu-ir-roziu-misinys\/"},"modified":"2024-06-01T14:28:43","modified_gmt":"2024-06-01T13:28:43","slug":"doterra-moringa-rose","status":"publish","type":"product","link":"https:\/\/mamaterra.lt\/fr\/parduotuve\/huiles-essentielles\/doterra-moringa-rose\/","title":{"rendered":"d\u014dTERRA Moringa Rose"},"content":{"rendered":"<h3 class=\"spotlight__head-title\">d\u014dTERRA Moringa Rose<\/h3>\n<h6 class=\"spotlight__head-latin-title\">M\u00e9lange nourrissant<\/h6>\n<p>&nbsp;<\/p>\n<p>Offrez \u00e0 votre peau les incroyables propri\u00e9t\u00e9s des huiles de Moringa et de Rose. Profond\u00e9ment hydratante et merveilleusement nourrissante, cette huile luxueuse pour le visage a le parfum floral frais de l&rsquo;huile essentielle de rose et le parfum l\u00e9g\u00e8rement sucr\u00e9 du moringa (Moringa). Cette huile l\u00e9g\u00e8re est douce et p\u00e9n\u00e8tre rapidement dans la peau, la laissant douce, lumineuse et \u00e9clatante. L&rsquo;huile nourrissante de Moringa (Moringa) combin\u00e9e \u00e0 l&rsquo;huile essentielle de Rose (Rose) doTERRA peut aider \u00e0 maintenir un teint d&rsquo;apparence saine et uniforme. Le m\u00e9lange hautement efficace d&rsquo;huiles de Moringa et de Rose vous laissera une peau radieuse et \u00e9clatante tous les jours.<\/p>\n<p>L&rsquo;huile de moringa (Moringa) est extraite du moringa, dont les graines sont riches en acide ol\u00e9ique et autres acides gras.<\/p>\n","protected":false},"excerpt":{"rendered":"<ul class=\"spotlight__list-custom custom-list\">\n<li>Le produit est bas\u00e9 sur l&rsquo;huile de Moringa, qui \u00e9tait utilis\u00e9e par les Grecs, les Romains et les \u00c9gyptiens pour les cosm\u00e9tiques et la parfumerie en raison de ses propri\u00e9t\u00e9s \u00e9mollientes.<\/li>\n<li>Une huile pour le visage riche, hydratante et luxueuse contenant de l&rsquo;huile essentielle de rose doTERRA.<\/li>\n<li>Elle apaise la peau et l&rsquo;aide \u00e0 conserver sa douceur et sa souplesse.<\/li>\n<li>Son parfum floral est l\u00e9ger et l\u00e9g\u00e8rement sucr\u00e9.<\/li>\n<\/ul>\n","protected":false},"featured_media":23333,"template":"","meta":{"site-sidebar-layout":"default","site-content-layout":"","ast-site-content-layout":"default","site-content-style":"default","site-sidebar-style":"default","ast-global-header-display":"","ast-banner-title-visibility":"","ast-main-header-display":"","ast-hfb-above-header-display":"","ast-hfb-below-header-display":"","ast-hfb-mobile-header-display":"","site-post-title":"","ast-breadcrumbs-content":"","ast-featured-img":"","footer-sml-layout":"","ast-disable-related-posts":"","theme-transparent-header-meta":"","adv-header-id-meta":"","stick-header-meta":"","header-above-stick-meta":"","header-main-stick-meta":"","header-below-stick-meta":"","astra-migrate-meta-layouts":"set","ast-page-background-enabled":"default","ast-page-background-meta":{"desktop":{"background-color":"","background-image":"","background-repeat":"repeat","background-position":"center center","background-size":"auto","background-attachment":"scroll","background-type":"","background-media":"","overlay-type":"","overlay-color":"","overlay-opacity":"","overlay-gradient":""},"tablet":{"background-color":"","background-image":"","background-repeat":"repeat","background-position":"center center","background-size":"auto","background-attachment":"scroll","background-type":"","background-media":"","overlay-type":"","overlay-color":"","overlay-opacity":"","overlay-gradient":""},"mobile":{"background-color":"","background-image":"","background-repeat":"repeat","background-position":"center center","background-size":"auto","background-attachment":"scroll","background-type":"","background-media":"","overlay-type":"","overlay-color":"","overlay-opacity":"","overlay-gradient":""}},"ast-content-background-meta":{"desktop":{"background-color":"var(--ast-global-color-5)","background-image":"","background-repeat":"repeat","background-position":"center center","background-size":"auto","background-attachment":"scroll","background-type":"","background-media":"","overlay-type":"","overlay-color":"","overlay-opacity":"","overlay-gradient":""},"tablet":{"background-color":"var(--ast-global-color-5)","background-image":"","background-repeat":"repeat","background-position":"center center","background-size":"auto","background-attachment":"scroll","background-type":"","background-media":"","overlay-type":"","overlay-color":"","overlay-opacity":"","overlay-gradient":""},"mobile":{"background-color":"var(--ast-global-color-5)","background-image":"","background-repeat":"repeat","background-position":"center center","background-size":"auto","background-attachment":"scroll","background-type":"","background-media":"","overlay-type":"","overlay-color":"","overlay-opacity":"","overlay-gradient":""}}},"product_brand":[],"product_cat":[1940],"product_tag":[],"class_list":{"0":"post-23313","1":"product","2":"type-product","3":"status-publish","4":"has-post-thumbnail","6":"product_cat-huiles-essentielles","7":"desktop-align-left","8":"tablet-align-left","9":"mobile-align-left","11":"first","12":"instock","13":"taxable","14":"shipping-taxable","15":"product-type-simple"},"_links":{"self":[{"href":"https:\/\/mamaterra.lt\/fr\/wp-json\/wp\/v2\/product\/23313","targetHints":{"allow":["GET"]}}],"collection":[{"href":"https:\/\/mamaterra.lt\/fr\/wp-json\/wp\/v2\/product"}],"about":[{"href":"https:\/\/mamaterra.lt\/fr\/wp-json\/wp\/v2\/types\/product"}],"wp:featuredmedia":[{"embeddable":true,"href":"https:\/\/mamaterra.lt\/fr\/wp-json\/wp\/v2\/media\/23333"}],"wp:attachment":[{"href":"https:\/\/mamaterra.lt\/fr\/wp-json\/wp\/v2\/media?parent=23313"}],"wp:term":[{"taxonomy":"product_brand","embeddable":true,"href":"https:\/\/mamaterra.lt\/fr\/wp-json\/wp\/v2\/product_brand?post=23313"},{"taxonomy":"product_cat","embeddable":true,"href":"https:\/\/mamaterra.lt\/fr\/wp-json\/wp\/v2\/product_cat?post=23313"},{"taxonomy":"product_tag","embeddable":true,"href":"https:\/\/mamaterra.lt\/fr\/wp-json\/wp\/v2\/product_tag?post=23313"}],"curies":[{"name":"wp","href":"https:\/\/api.w.org\/{rel}","templated":true}]}}