{"id":23295,"date":"2022-12-01T12:56:13","date_gmt":"2022-12-01T11:56:13","guid":{"rendered":"https:\/\/mamaterra.lt\/parduotuve\/non%20class\u00e9\/doterra-roziu-hidrolato-purskiklis-100ml-rose-hydrosol-mist\/"},"modified":"2024-06-01T13:55:47","modified_gmt":"2024-06-01T12:55:47","slug":"brume-dhydrolat-de-rose-doterra","status":"publish","type":"product","link":"https:\/\/mamaterra.lt\/fr\/parduotuve\/cadeaux\/cadeaux-pour-femmes\/brume-dhydrolat-de-rose-doterra\/","title":{"rendered":"Brume d&rsquo;hydrolat de rose doTERRA"},"content":{"rendered":"<p>Brume d&rsquo;hydrolat de rose doTERRA (Brume d&rsquo;hydrolat de rose)<\/p>\n<p>100 ml<\/p>\n<p>&nbsp;<\/p>\n<p>Brume d&rsquo;hydrolat de rose doTERRA Description g\u00e9n\u00e9rale :<\/p>\n<p>Avec son merveilleux parfum d&rsquo;Europe, la brume d&rsquo;hydrolat de rose doTERRA est une offre extravagante \u00e0 dur\u00e9e limit\u00e9e que vous ne voudrez pas manquer. Les membres de notre famille en Europe peuvent \u00eatre parmi les premiers membres de la communaut\u00e9 doTERRA \u00e0 faire l&rsquo;exp\u00e9rience de ses impressionnants bienfaits !<\/p>\n<div><\/div>\n<div>\n<p>Ce spray l\u00e9ger et \u00e0 s\u00e9chage rapide nettoie, hydrate et tonifie la peau, faisant passer votre routine de soins \u00e0 la vitesse sup\u00e9rieure. Pr\u00e9sent\u00e9e dans un magnifique flacon en verre givr\u00e9 et enrichie des nombreux bienfaits de notre huile essentielle de rose pr\u00e9f\u00e9r\u00e9e, la brume \u00e0 l&rsquo;hydrosol de rose doTERRA est un pur bonheur de 100 ml.<\/p>\n<p>Ce merveilleux produit incarne l&rsquo;essence m\u00eame de l&rsquo;indulgence. Il pourrait bien \u00eatre le meilleur cadeau que vous puissiez offrir cette ann\u00e9e !<\/p>\n<\/div>\n<p>&nbsp;<\/p>\n<p>&nbsp;<\/p>\n","protected":false},"excerpt":{"rendered":"<ul class=\"spotlight__list-custom custom-list\">\n<li>Ce spray merveilleusement parfum\u00e9 rafra\u00eechira votre peau et illuminera votre humeur pour la journ\u00e9e.<\/li>\n<li>Contenant de l&rsquo;eau florale de Rosa damascena, le spray a le parfum floral familier de la rose.<\/li>\n<li>Un compl\u00e9ment luxueux \u00e0 votre routine quotidienne de soins de la peau.<\/li>\n<\/ul>\n","protected":false},"featured_media":23296,"template":"","meta":{"site-sidebar-layout":"default","site-content-layout":"default","ast-site-content-layout":"default","site-content-style":"default","site-sidebar-style":"default","ast-global-header-display":"","ast-banner-title-visibility":"","ast-main-header-display":"","ast-hfb-above-header-display":"","ast-hfb-below-header-display":"","ast-hfb-mobile-header-display":"","site-post-title":"","ast-breadcrumbs-content":"","ast-featured-img":"","footer-sml-layout":"","ast-disable-related-posts":"","theme-transparent-header-meta":"default","adv-header-id-meta":"","stick-header-meta":"","header-above-stick-meta":"","header-main-stick-meta":"","header-below-stick-meta":"","astra-migrate-meta-layouts":"set","ast-page-background-enabled":"default","ast-page-background-meta":{"desktop":{"background-color":"","background-image":"","background-repeat":"repeat","background-position":"center center","background-size":"auto","background-attachment":"scroll","background-type":"","background-media":"","overlay-type":"","overlay-color":"","overlay-opacity":"","overlay-gradient":""},"tablet":{"background-color":"","background-image":"","background-repeat":"repeat","background-position":"center center","background-size":"auto","background-attachment":"scroll","background-type":"","background-media":"","overlay-type":"","overlay-color":"","overlay-opacity":"","overlay-gradient":""},"mobile":{"background-color":"","background-image":"","background-repeat":"repeat","background-position":"center center","background-size":"auto","background-attachment":"scroll","background-type":"","background-media":"","overlay-type":"","overlay-color":"","overlay-opacity":"","overlay-gradient":""}},"ast-content-background-meta":{"desktop":{"background-color":"var(--ast-global-color-5)","background-image":"","background-repeat":"repeat","background-position":"center center","background-size":"auto","background-attachment":"scroll","background-type":"","background-media":"","overlay-type":"","overlay-color":"","overlay-opacity":"","overlay-gradient":""},"tablet":{"background-color":"var(--ast-global-color-5)","background-image":"","background-repeat":"repeat","background-position":"center center","background-size":"auto","background-attachment":"scroll","background-type":"","background-media":"","overlay-type":"","overlay-color":"","overlay-opacity":"","overlay-gradient":""},"mobile":{"background-color":"var(--ast-global-color-5)","background-image":"","background-repeat":"repeat","background-position":"center center","background-size":"auto","background-attachment":"scroll","background-type":"","background-media":"","overlay-type":"","overlay-color":"","overlay-opacity":"","overlay-gradient":""}}},"product_brand":[],"product_cat":[1923,1930,1960,2010],"product_tag":[],"class_list":{"0":"post-23295","1":"product","2":"type-product","3":"status-publish","4":"has-post-thumbnail","6":"product_cat-cadeaux","7":"product_cat-cadeaux-pour-femmes","8":"product_cat-hygiene-et-soins-de-la-peau","9":"product_cat-pour-femme","10":"desktop-align-left","11":"tablet-align-left","12":"mobile-align-left","14":"first","15":"instock","16":"taxable","17":"shipping-taxable","18":"purchasable","19":"product-type-simple"},"_links":{"self":[{"href":"https:\/\/mamaterra.lt\/fr\/wp-json\/wp\/v2\/product\/23295","targetHints":{"allow":["GET"]}}],"collection":[{"href":"https:\/\/mamaterra.lt\/fr\/wp-json\/wp\/v2\/product"}],"about":[{"href":"https:\/\/mamaterra.lt\/fr\/wp-json\/wp\/v2\/types\/product"}],"wp:featuredmedia":[{"embeddable":true,"href":"https:\/\/mamaterra.lt\/fr\/wp-json\/wp\/v2\/media\/23296"}],"wp:attachment":[{"href":"https:\/\/mamaterra.lt\/fr\/wp-json\/wp\/v2\/media?parent=23295"}],"wp:term":[{"taxonomy":"product_brand","embeddable":true,"href":"https:\/\/mamaterra.lt\/fr\/wp-json\/wp\/v2\/product_brand?post=23295"},{"taxonomy":"product_cat","embeddable":true,"href":"https:\/\/mamaterra.lt\/fr\/wp-json\/wp\/v2\/product_cat?post=23295"},{"taxonomy":"product_tag","embeddable":true,"href":"https:\/\/mamaterra.lt\/fr\/wp-json\/wp\/v2\/product_tag?post=23295"}],"curies":[{"name":"wp","href":"https:\/\/api.w.org\/{rel}","templated":true}]}}