{"id":23153,"date":"2024-05-01T18:36:24","date_gmt":"2024-05-01T17:36:24","guid":{"rendered":"https:\/\/mamaterra.lt\/parduotuve\/niet-gecategoriseerd\/drekinantis-mineralinis-veido-kremas-nuo-saules-doterra-sun-face-mineral-sunscreen-daily-moisturiser\/"},"modified":"2024-05-01T18:49:54","modified_gmt":"2024-05-01T17:49:54","slug":"doterra-sun-face-mineral-sunscreen-daily-moisturiser-creme-solaire-minerale-pour-le-visage","status":"publish","type":"product","link":"https:\/\/mamaterra.lt\/fr\/parduotuve\/hygiene-et-soins-de-la-peau\/doterra-soleil-fr\/doterra-sun-face-mineral-sunscreen-daily-moisturiser-creme-solaire-minerale-pour-le-visage\/","title":{"rendered":"d\u014dTERRA\u2122 sun Face Mineral Sunscreen Daily Moisturiser (Cr\u00e8me solaire min\u00e9rale pour le visage)"},"content":{"rendered":"<h6>d\u014dTERRA\u2122 sun Face Mineral Sunscreen Daily Moisturiser (Cr\u00e8me solaire min\u00e9rale pour le visage)<\/h6>\n<p>B\u00e9n\u00e9ficiez d&rsquo;une protection solaire que vous aurez h\u00e2te de retrouver chaque jour gr\u00e2ce \u00e0 l&rsquo;\u00e9cran solaire min\u00e9ral doTERRA sun Face. Cette cr\u00e8me hydratante test\u00e9e par des dermatologues offre une protection solaire FPS 30 \u00e0 large spectre gr\u00e2ce \u00e0 des protecteurs min\u00e9raux pour les peaux sensibles. Sa formule l\u00e9g\u00e8re \u00e0 absorption rapide prot\u00e8ge des rayons UVA\/UVB et de la lumi\u00e8re bleue, sans sensation grasse ni traces blanches. Des plantes riches comme les huiles d&rsquo;\u00e9vodia et de p\u00e9pins de raisin, gorg\u00e9es d&rsquo;antioxydants, nourrissent la peau aux c\u00f4t\u00e9s de la vitamine E et d&rsquo;un m\u00e9lange rafra\u00eechissant d&rsquo;huiles essentielles. Sans danger pour les r\u00e9cifs et v\u00e9g\u00e9talienne, la cr\u00e8me hydratante quotidienne Sun Face Mineral Sunscreen de doTERRA utilise de l&rsquo;oxyde de zinc non nano qui reste sur la peau sans l&rsquo;absorber<\/p>\n<h3 class=\"product-uses__block-title\">Mode d&#8217;emploi<\/h3>\n<div class=\"product-uses__directions-for-use\">\n<div class=\"product-uses__directions-for-use-item\">\n<div class=\"product-uses__directions-for-use-icon\">\n<div class=\"icon-- icon--xxl\"><\/div>\n<\/div>\n<div class=\"product-uses__directions-for-use-copy\">Appliquer g\u00e9n\u00e9reusement 15 minutes avant l&rsquo;exposition au soleil. Appliquer sur toute la peau expos\u00e9e au soleil. Utiliser un \u00e9cran solaire r\u00e9sistant \u00e0 l&rsquo;eau en cas de baignade ou de transpiration. Renouveler l&rsquo;application au moins toutes les 2 heures. Mesures de protection solaire. Passer du temps au soleil augmente le risque de cancer de la peau et de vieillissement pr\u00e9coce de la peau. Pour r\u00e9duire ce risque, utilisez r\u00e9guli\u00e8rement un \u00e9cran solaire avec un indice de protection \u00e0 large spectre de 15 ou plus et prenez d&rsquo;autres mesures de protection solaire, notamment : limitez le temps pass\u00e9 au soleil, en particulier de 10 heures \u00e0 14 heures. Portez des chemises \u00e0 manches longues, des pantalons, des chapeaux et des lunettes de soleil.<\/div>\n<div>\n<h3 class=\"product-uses__block-title\">Pr\u00e9cautions<\/h3>\n<div class=\"product-uses__cautions-body\">\n<p>Pour usage externe uniquement. Ne pas utiliser sur une peau ab\u00eem\u00e9e ou cass\u00e9e. Lors de l&rsquo;utilisation de ce produit, ne pas le laisser entrer en contact avec les yeux. Rincer \u00e0 l&rsquo;eau. Arr\u00eater l&rsquo;utilisation et consulter un m\u00e9decin en cas d&rsquo;\u00e9ruption cutan\u00e9e. Tenir hors de port\u00e9e des enfants. En cas d&rsquo;ingestion, consulter imm\u00e9diatement un m\u00e9decin. Conserver \u00e0 temp\u00e9rature ambiante.<\/p>\n<\/div>\n<\/div>\n<\/div>\n<\/div>\n<p>&nbsp;<\/p>\n","protected":false},"excerpt":{"rendered":"<ul class=\"spotlight__list-custom custom-list\">\n<li>Hydrate gr\u00e2ce \u00e0 une formule test\u00e9e par des dermatologues, sans danger pour les peaux sensibles, et offre une protection solaire FPS 30.<\/li>\n<li>Enrichit la peau de vitamine E et d&rsquo;un m\u00e9lange de substances v\u00e9g\u00e9tales riches en antioxydants, dont l&rsquo;evodia, l&rsquo;huile de p\u00e9pins de raisin et les huiles essentielles CPTG\u2122.<\/li>\n<li>Prot\u00e8ge contre l&rsquo;exposition au soleil et \u00e0 la lumi\u00e8re bleue gr\u00e2ce \u00e0 une formule non com\u00e9dog\u00e8ne, respectueuse des r\u00e9cifs et v\u00e9g\u00e9talienne, test\u00e9e par des dermatologues.<\/li>\n<li>Exempt de phtalates, d&rsquo;oxybenzone et de parfums synth\u00e9tiques<br \/>\nConvient aux v\u00e9g\u00e9taliens et aux r\u00e9cifs coralliens<\/li>\n<\/ul>\n","protected":false},"featured_media":23154,"template":"","meta":{"site-sidebar-layout":"default","site-content-layout":"","ast-site-content-layout":"default","site-content-style":"default","site-sidebar-style":"default","ast-global-header-display":"","ast-banner-title-visibility":"","ast-main-header-display":"","ast-hfb-above-header-display":"","ast-hfb-below-header-display":"","ast-hfb-mobile-header-display":"","site-post-title":"","ast-breadcrumbs-content":"","ast-featured-img":"","footer-sml-layout":"","ast-disable-related-posts":"","theme-transparent-header-meta":"","adv-header-id-meta":"","stick-header-meta":"","header-above-stick-meta":"","header-main-stick-meta":"","header-below-stick-meta":"","astra-migrate-meta-layouts":"set","ast-page-background-enabled":"default","ast-page-background-meta":{"desktop":{"background-color":"","background-image":"","background-repeat":"repeat","background-position":"center center","background-size":"auto","background-attachment":"scroll","background-type":"","background-media":"","overlay-type":"","overlay-color":"","overlay-opacity":"","overlay-gradient":""},"tablet":{"background-color":"","background-image":"","background-repeat":"repeat","background-position":"center center","background-size":"auto","background-attachment":"scroll","background-type":"","background-media":"","overlay-type":"","overlay-color":"","overlay-opacity":"","overlay-gradient":""},"mobile":{"background-color":"","background-image":"","background-repeat":"repeat","background-position":"center center","background-size":"auto","background-attachment":"scroll","background-type":"","background-media":"","overlay-type":"","overlay-color":"","overlay-opacity":"","overlay-gradient":""}},"ast-content-background-meta":{"desktop":{"background-color":"var(--ast-global-color-5)","background-image":"","background-repeat":"repeat","background-position":"center center","background-size":"auto","background-attachment":"scroll","background-type":"","background-media":"","overlay-type":"","overlay-color":"","overlay-opacity":"","overlay-gradient":""},"tablet":{"background-color":"var(--ast-global-color-5)","background-image":"","background-repeat":"repeat","background-position":"center center","background-size":"auto","background-attachment":"scroll","background-type":"","background-media":"","overlay-type":"","overlay-color":"","overlay-opacity":"","overlay-gradient":""},"mobile":{"background-color":"var(--ast-global-color-5)","background-image":"","background-repeat":"repeat","background-position":"center center","background-size":"auto","background-attachment":"scroll","background-type":"","background-media":"","overlay-type":"","overlay-color":"","overlay-opacity":"","overlay-gradient":""}}},"product_brand":[],"product_cat":[3580,3579,1960,2010,2045],"product_tag":[],"class_list":{"0":"post-23153","1":"product","2":"type-product","3":"status-publish","4":"has-post-thumbnail","6":"product_cat-doterra-saules-linija-fr","7":"product_cat-doterra-soleil-fr","8":"product_cat-hygiene-et-soins-de-la-peau","9":"product_cat-pour-femme","10":"product_cat-pour-les-enfants","11":"desktop-align-left","12":"tablet-align-left","13":"mobile-align-left","15":"first","16":"instock","17":"taxable","18":"shipping-taxable","19":"product-type-simple"},"_links":{"self":[{"href":"https:\/\/mamaterra.lt\/fr\/wp-json\/wp\/v2\/product\/23153","targetHints":{"allow":["GET"]}}],"collection":[{"href":"https:\/\/mamaterra.lt\/fr\/wp-json\/wp\/v2\/product"}],"about":[{"href":"https:\/\/mamaterra.lt\/fr\/wp-json\/wp\/v2\/types\/product"}],"wp:featuredmedia":[{"embeddable":true,"href":"https:\/\/mamaterra.lt\/fr\/wp-json\/wp\/v2\/media\/23154"}],"wp:attachment":[{"href":"https:\/\/mamaterra.lt\/fr\/wp-json\/wp\/v2\/media?parent=23153"}],"wp:term":[{"taxonomy":"product_brand","embeddable":true,"href":"https:\/\/mamaterra.lt\/fr\/wp-json\/wp\/v2\/product_brand?post=23153"},{"taxonomy":"product_cat","embeddable":true,"href":"https:\/\/mamaterra.lt\/fr\/wp-json\/wp\/v2\/product_cat?post=23153"},{"taxonomy":"product_tag","embeddable":true,"href":"https:\/\/mamaterra.lt\/fr\/wp-json\/wp\/v2\/product_tag?post=23153"}],"curies":[{"name":"wp","href":"https:\/\/api.w.org\/{rel}","templated":true}]}}