{"id":23043,"date":"2022-09-06T14:52:52","date_gmt":"2022-09-06T13:52:52","guid":{"rendered":"https:\/\/mamaterra.lt\/parduotuve\/niet-gecategoriseerd\/doterra-frakcionuotas-kokosu-aliejus-115ml\/"},"modified":"2024-04-04T18:36:37","modified_gmt":"2024-04-04T17:36:37","slug":"doterra-huile-de-noix-de-coco-fractionnee-115ml","status":"publish","type":"product","link":"https:\/\/mamaterra.lt\/fr\/parduotuve\/hygiene-et-soins-de-la-peau\/doterra-huile-de-noix-de-coco-fractionnee-115ml\/","title":{"rendered":"doTERRA Huile de noix de coco fractionn\u00e9e 115ml"},"content":{"rendered":"<p><strong>doTERRA Huile de noix de coco fractionn\u00e9e<\/strong><\/p>\n<p>115 ml<\/p>\n<p>\u00ab\u00a0L&rsquo;huile de base enti\u00e8rement naturelle recommand\u00e9e par doTERRA, l&rsquo;huile de coco fractionn\u00e9e, est un \u00e9mollient l\u00e9ger qui adoucit et hydrate la peau s\u00e8che, tandis que les huiles essentielles sont mieux r\u00e9parties.<\/p>\n<ul>\n<li>Contrairement \u00e0 d&rsquo;autres huiles v\u00e9g\u00e9tales, l&rsquo;huile de coco fractionn\u00e9e donne \u00e0 la peau une sensation douce et soyeuse sans la rendre grasse.<\/li>\n<li>L&rsquo;huile de coco fractionn\u00e9e est facilement absorb\u00e9e par la peau et se m\u00e9lange \u00e0 toutes les huiles essentielles.<\/li>\n<li>Incolore et inodore, l&rsquo;huile de coco fractionn\u00e9e est id\u00e9ale pour \u00eatre m\u00e9lang\u00e9e aux huiles essentielles, car elle pr\u00e9serve et maintient leur parfum d&rsquo;origine et leurs propri\u00e9t\u00e9s b\u00e9n\u00e9fiques.<\/li>\n<li>Id\u00e9ale pour les peaux s\u00e8ches ou \u00e0 probl\u00e8mes, cette huile constitue une barri\u00e8re topique apaisante sans obstruer les pores.<\/li>\n<li>L&rsquo;huile de coco fractionn\u00e9e doit \u00eatre utilis\u00e9e avec une huile essentielle forte pour r\u00e9duire la sensibilit\u00e9 de la peau.<\/li>\n<\/ul>\n","protected":false},"excerpt":{"rendered":"<ul>\n<li>Contrairement \u00e0 d&rsquo;autres huiles v\u00e9g\u00e9tales, l&rsquo;huile de noix de coco fractionn\u00e9e laisse la peau douce comme de la soie et souple sans \u00eatre grasse.<\/li>\n<li>L&rsquo;huile de coco fractionn\u00e9e est facilement absorb\u00e9e par la peau et se m\u00e9lange \u00e0 toutes les huiles essentielles.<\/li>\n<\/ul>\n","protected":false},"featured_media":23044,"template":"","meta":{"site-sidebar-layout":"default","site-content-layout":"default","ast-site-content-layout":"default","site-content-style":"default","site-sidebar-style":"default","ast-global-header-display":"","ast-banner-title-visibility":"","ast-main-header-display":"","ast-hfb-above-header-display":"","ast-hfb-below-header-display":"","ast-hfb-mobile-header-display":"","site-post-title":"","ast-breadcrumbs-content":"","ast-featured-img":"","footer-sml-layout":"","ast-disable-related-posts":"","theme-transparent-header-meta":"default","adv-header-id-meta":"","stick-header-meta":"","header-above-stick-meta":"","header-main-stick-meta":"","header-below-stick-meta":"","astra-migrate-meta-layouts":"set","ast-page-background-enabled":"default","ast-page-background-meta":{"desktop":{"background-color":"","background-image":"","background-repeat":"repeat","background-position":"center center","background-size":"auto","background-attachment":"scroll","background-type":"","background-media":"","overlay-type":"","overlay-color":"","overlay-opacity":"","overlay-gradient":""},"tablet":{"background-color":"","background-image":"","background-repeat":"repeat","background-position":"center center","background-size":"auto","background-attachment":"scroll","background-type":"","background-media":"","overlay-type":"","overlay-color":"","overlay-opacity":"","overlay-gradient":""},"mobile":{"background-color":"","background-image":"","background-repeat":"repeat","background-position":"center center","background-size":"auto","background-attachment":"scroll","background-type":"","background-media":"","overlay-type":"","overlay-color":"","overlay-opacity":"","overlay-gradient":""}},"ast-content-background-meta":{"desktop":{"background-color":"var(--ast-global-color-5)","background-image":"","background-repeat":"repeat","background-position":"center center","background-size":"auto","background-attachment":"scroll","background-type":"","background-media":"","overlay-type":"","overlay-color":"","overlay-opacity":"","overlay-gradient":""},"tablet":{"background-color":"var(--ast-global-color-5)","background-image":"","background-repeat":"repeat","background-position":"center center","background-size":"auto","background-attachment":"scroll","background-type":"","background-media":"","overlay-type":"","overlay-color":"","overlay-opacity":"","overlay-gradient":""},"mobile":{"background-color":"var(--ast-global-color-5)","background-image":"","background-repeat":"repeat","background-position":"center center","background-size":"auto","background-attachment":"scroll","background-type":"","background-media":"","overlay-type":"","overlay-color":"","overlay-opacity":"","overlay-gradient":""}}},"product_brand":[],"product_cat":[1960,2000,2030],"product_tag":[2193,3232],"class_list":{"0":"post-23043","1":"product","2":"type-product","3":"status-publish","4":"has-post-thumbnail","6":"product_cat-hygiene-et-soins-de-la-peau","7":"product_cat-massage-fr","8":"product_cat-supplements","9":"product_tag-115ml-fr","10":"product_tag-huiles-essentielles","11":"desktop-align-left","12":"tablet-align-left","13":"mobile-align-left","15":"first","16":"instock","17":"taxable","18":"shipping-taxable","19":"purchasable","20":"product-type-simple"},"_links":{"self":[{"href":"https:\/\/mamaterra.lt\/fr\/wp-json\/wp\/v2\/product\/23043","targetHints":{"allow":["GET"]}}],"collection":[{"href":"https:\/\/mamaterra.lt\/fr\/wp-json\/wp\/v2\/product"}],"about":[{"href":"https:\/\/mamaterra.lt\/fr\/wp-json\/wp\/v2\/types\/product"}],"wp:featuredmedia":[{"embeddable":true,"href":"https:\/\/mamaterra.lt\/fr\/wp-json\/wp\/v2\/media\/23044"}],"wp:attachment":[{"href":"https:\/\/mamaterra.lt\/fr\/wp-json\/wp\/v2\/media?parent=23043"}],"wp:term":[{"taxonomy":"product_brand","embeddable":true,"href":"https:\/\/mamaterra.lt\/fr\/wp-json\/wp\/v2\/product_brand?post=23043"},{"taxonomy":"product_cat","embeddable":true,"href":"https:\/\/mamaterra.lt\/fr\/wp-json\/wp\/v2\/product_cat?post=23043"},{"taxonomy":"product_tag","embeddable":true,"href":"https:\/\/mamaterra.lt\/fr\/wp-json\/wp\/v2\/product_tag?post=23043"}],"curies":[{"name":"wp","href":"https:\/\/api.w.org\/{rel}","templated":true}]}}