{"id":23029,"date":"2021-04-18T17:05:51","date_gmt":"2021-04-18T16:05:51","guid":{"rendered":"https:\/\/mamaterra.lt\/parduotuve\/niet-gecategoriseerd\/doterra-aromatouch-eteriniu-alieju-misinys-masazui-15ml\/"},"modified":"2024-04-04T18:18:04","modified_gmt":"2024-04-04T17:18:04","slug":"doterra-aromatouch-melange-dhuiles-essentielles-pour-le-massage-15m","status":"publish","type":"product","link":"https:\/\/mamaterra.lt\/fr\/parduotuve\/huiles-essentielles\/melanges-dhuiles-essentielles\/doterra-aromatouch-melange-dhuiles-essentielles-pour-le-massage-15m\/","title":{"rendered":"doTERRA AromaTouch\u2122 M\u00e9lange d&rsquo;huiles essentielles pour le massage 15ml"},"content":{"rendered":"<p><strong>doTERRA AromaTouch\u2122 M\u00e9lange d&rsquo;huiles essentielles pour le massage<\/strong><\/p>\n<p>15ml<\/p>\n<p>&nbsp;<\/p>\n<p><strong>M\u00e9lange d&rsquo;huiles essentielles pour massage doTERRA AromaTouch\u2122 Description et ingr\u00e9dients :<\/strong><\/p>\n<p>Les huiles essentielles sont utilis\u00e9es pour le massage depuis la nuit des temps, c&rsquo;est pourquoi doTERRA a d\u00e9velopp\u00e9 un m\u00e9lange de massage exclusif d&rsquo;huiles essentielles apaisantes et relaxantes pour enrichir diverses techniques de massage.<\/p>\n<ul>\n<li>Peut aider \u00e0 soulager la tension et procurer une sensation d&rsquo;apaisement.<\/li>\n<li>A un effet calmant et relaxant<\/li>\n<li>Enrichit tout massage d&rsquo;un ar\u00f4me apaisant.<\/li>\n<\/ul>\n<p>Pour plus d&rsquo;informations sur le <strong>m\u00e9lange d&rsquo;huiles essentielles doTERRA AromaTouch\u2122 <\/strong>, regardez la vid\u00e9o ci-dessous.<\/p>\n<p><iframe title=\"doTERRA Aromatouch essential oil blend - the Emotional Uses\" src=\"https:\/\/www.youtube.com\/embed\/YgEPkyIRU_g\" width=\"853\" height=\"480\" frameborder=\"0\" allowfullscreen=\"allowfullscreen\"><\/iframe><\/p>\n","protected":false},"excerpt":{"rendered":"<ul>\n<li>Peut aider \u00e0 soulager les tensions et procurer une sensation apaisante.<\/li>\n<li>A un effet calmant et relaxant<\/li>\n<li>Enrichit tout massage d&rsquo;un ar\u00f4me apaisant.<\/li>\n<\/ul>\n","protected":false},"featured_media":23030,"template":"","meta":{"site-sidebar-layout":"default","site-content-layout":"default","ast-site-content-layout":"default","site-content-style":"default","site-sidebar-style":"default","ast-global-header-display":"","ast-banner-title-visibility":"","ast-main-header-display":"","ast-hfb-above-header-display":"","ast-hfb-below-header-display":"","ast-hfb-mobile-header-display":"","site-post-title":"","ast-breadcrumbs-content":"","ast-featured-img":"","footer-sml-layout":"","ast-disable-related-posts":"","theme-transparent-header-meta":"default","adv-header-id-meta":"","stick-header-meta":"","header-above-stick-meta":"","header-main-stick-meta":"","header-below-stick-meta":"","astra-migrate-meta-layouts":"set","ast-page-background-enabled":"default","ast-page-background-meta":{"desktop":{"background-color":"","background-image":"","background-repeat":"repeat","background-position":"center center","background-size":"auto","background-attachment":"scroll","background-type":"","background-media":"","overlay-type":"","overlay-color":"","overlay-opacity":"","overlay-gradient":""},"tablet":{"background-color":"","background-image":"","background-repeat":"repeat","background-position":"center center","background-size":"auto","background-attachment":"scroll","background-type":"","background-media":"","overlay-type":"","overlay-color":"","overlay-opacity":"","overlay-gradient":""},"mobile":{"background-color":"","background-image":"","background-repeat":"repeat","background-position":"center center","background-size":"auto","background-attachment":"scroll","background-type":"","background-media":"","overlay-type":"","overlay-color":"","overlay-opacity":"","overlay-gradient":""}},"ast-content-background-meta":{"desktop":{"background-color":"var(--ast-global-color-5)","background-image":"","background-repeat":"repeat","background-position":"center center","background-size":"auto","background-attachment":"scroll","background-type":"","background-media":"","overlay-type":"","overlay-color":"","overlay-opacity":"","overlay-gradient":""},"tablet":{"background-color":"var(--ast-global-color-5)","background-image":"","background-repeat":"repeat","background-position":"center center","background-size":"auto","background-attachment":"scroll","background-type":"","background-media":"","overlay-type":"","overlay-color":"","overlay-opacity":"","overlay-gradient":""},"mobile":{"background-color":"var(--ast-global-color-5)","background-image":"","background-repeat":"repeat","background-position":"center center","background-size":"auto","background-attachment":"scroll","background-type":"","background-media":"","overlay-type":"","overlay-color":"","overlay-opacity":"","overlay-gradient":""}}},"product_brand":[],"product_cat":[1940,2040,2000,1945],"product_tag":[2094,3192,3237],"class_list":{"0":"post-23029","1":"product","2":"type-product","3":"status-publish","4":"has-post-thumbnail","6":"product_cat-huiles-essentielles","7":"product_cat-la-gestion-du-stress","8":"product_cat-massage-fr","9":"product_cat-melanges-dhuiles-essentielles","10":"product_tag-15-ml-fr","11":"product_tag-aromatouch-fr","12":"product_tag-melanges-dhuiles-essentielles","13":"desktop-align-left","14":"tablet-align-left","15":"mobile-align-left","17":"first","18":"instock","19":"sale","20":"featured","21":"taxable","22":"shipping-taxable","23":"purchasable","24":"product-type-simple"},"_links":{"self":[{"href":"https:\/\/mamaterra.lt\/fr\/wp-json\/wp\/v2\/product\/23029","targetHints":{"allow":["GET"]}}],"collection":[{"href":"https:\/\/mamaterra.lt\/fr\/wp-json\/wp\/v2\/product"}],"about":[{"href":"https:\/\/mamaterra.lt\/fr\/wp-json\/wp\/v2\/types\/product"}],"wp:featuredmedia":[{"embeddable":true,"href":"https:\/\/mamaterra.lt\/fr\/wp-json\/wp\/v2\/media\/23030"}],"wp:attachment":[{"href":"https:\/\/mamaterra.lt\/fr\/wp-json\/wp\/v2\/media?parent=23029"}],"wp:term":[{"taxonomy":"product_brand","embeddable":true,"href":"https:\/\/mamaterra.lt\/fr\/wp-json\/wp\/v2\/product_brand?post=23029"},{"taxonomy":"product_cat","embeddable":true,"href":"https:\/\/mamaterra.lt\/fr\/wp-json\/wp\/v2\/product_cat?post=23029"},{"taxonomy":"product_tag","embeddable":true,"href":"https:\/\/mamaterra.lt\/fr\/wp-json\/wp\/v2\/product_tag?post=23029"}],"curies":[{"name":"wp","href":"https:\/\/api.w.org\/{rel}","templated":true}]}}