{"id":23002,"date":"2021-04-18T16:39:55","date_gmt":"2021-04-18T15:39:55","guid":{"rendered":"https:\/\/mamaterra.lt\/parduotuve\/non%20class\u00e9\/kadagiu-uogu-juniper-berry-tyras-doterra-eterinis-aliejus-5ml\/"},"modified":"2024-04-02T19:39:27","modified_gmt":"2024-04-02T18:39:27","slug":"huile-essentielle-pure-de-baies-de-genevrier-juniper-berry-de-doterra-5ml","status":"publish","type":"product","link":"https:\/\/mamaterra.lt\/fr\/parduotuve\/huiles-essentielles\/huiles-essentielles-pures\/huile-essentielle-pure-de-baies-de-genevrier-juniper-berry-de-doterra-5ml\/","title":{"rendered":"Huile essentielle pure de baies de gen\u00e9vrier (JUNIPER BERRY) de doTERRA 5ml"},"content":{"rendered":"<p><strong>Huile essentielle pure de baies de gen\u00e9vrier (JUNIPER BERRY) de doTERRA\u00a0<\/strong><\/p>\n<p>Juniperus communis | 5ml<\/p>\n<p>Huile essentielle pure doTERRA de baies de gen\u00e9vrier (JUNIPER BERRY) Description :<\/p>\n<p>L&rsquo;ar\u00f4me \u00e9pic\u00e9, bois\u00e9 et rafra\u00eechissant de l&rsquo;huile essentielle de baies de gen\u00e9vrier a une longue histoire d&rsquo;utilisation traditionnelle et de bienfaits pour la sant\u00e9.<\/p>\n<p>Agit comme un tonique naturel pour la peau<br \/>\nDonne une \u00e9pice savoureuse aux boissons chaudes et aux desserts.<br \/>\nApaise et aide \u00e0 ancrer les \u00e9motions<\/p>\n<p>&nbsp;<\/p>\n<p>Pour plus d&rsquo;informations sur l&rsquo;huile essentielle doTERRA de baies de gen\u00e9vrier, regardez la vid\u00e9o ci-dessous.<\/p>\n<p><iframe title=\"Detoxifying, Refreshing, and Purifying- Add Juniper Berry to Your Workout Routine\" src=\"https:\/\/www.youtube.com\/embed\/y47-1MmuaE4\" width=\"853\" height=\"480\" frameborder=\"0\" allowfullscreen=\"allowfullscreen\"><\/iframe><\/p>\n","protected":false},"excerpt":{"rendered":"<ul>\n<li>Agit comme un tonique naturel pour la peau<\/li>\n<li>Donne une \u00e9pice savoureuse aux boissons chaudes et aux desserts.<\/li>\n<li>Apaise et aide \u00e0 ancrer les \u00e9motions<\/li>\n<\/ul>\n","protected":false},"featured_media":23003,"template":"","meta":{"site-sidebar-layout":"default","site-content-layout":"default","ast-site-content-layout":"default","site-content-style":"default","site-sidebar-style":"default","ast-global-header-display":"","ast-banner-title-visibility":"","ast-main-header-display":"","ast-hfb-above-header-display":"","ast-hfb-below-header-display":"","ast-hfb-mobile-header-display":"","site-post-title":"","ast-breadcrumbs-content":"","ast-featured-img":"","footer-sml-layout":"","ast-disable-related-posts":"","theme-transparent-header-meta":"default","adv-header-id-meta":"","stick-header-meta":"","header-above-stick-meta":"","header-main-stick-meta":"","header-below-stick-meta":"","astra-migrate-meta-layouts":"set","ast-page-background-enabled":"default","ast-page-background-meta":{"desktop":{"background-color":"","background-image":"","background-repeat":"repeat","background-position":"center center","background-size":"auto","background-attachment":"scroll","background-type":"","background-media":"","overlay-type":"","overlay-color":"","overlay-opacity":"","overlay-gradient":""},"tablet":{"background-color":"","background-image":"","background-repeat":"repeat","background-position":"center center","background-size":"auto","background-attachment":"scroll","background-type":"","background-media":"","overlay-type":"","overlay-color":"","overlay-opacity":"","overlay-gradient":""},"mobile":{"background-color":"","background-image":"","background-repeat":"repeat","background-position":"center center","background-size":"auto","background-attachment":"scroll","background-type":"","background-media":"","overlay-type":"","overlay-color":"","overlay-opacity":"","overlay-gradient":""}},"ast-content-background-meta":{"desktop":{"background-color":"var(--ast-global-color-5)","background-image":"","background-repeat":"repeat","background-position":"center center","background-size":"auto","background-attachment":"scroll","background-type":"","background-media":"","overlay-type":"","overlay-color":"","overlay-opacity":"","overlay-gradient":""},"tablet":{"background-color":"var(--ast-global-color-5)","background-image":"","background-repeat":"repeat","background-position":"center center","background-size":"auto","background-attachment":"scroll","background-type":"","background-media":"","overlay-type":"","overlay-color":"","overlay-opacity":"","overlay-gradient":""},"mobile":{"background-color":"var(--ast-global-color-5)","background-image":"","background-repeat":"repeat","background-position":"center center","background-size":"auto","background-attachment":"scroll","background-type":"","background-media":"","overlay-type":"","overlay-color":"","overlay-opacity":"","overlay-gradient":""}}},"product_brand":[],"product_cat":[2005,1940,1950],"product_tag":[2063,3232,3397],"class_list":{"0":"post-23002","1":"product","2":"type-product","3":"status-publish","4":"has-post-thumbnail","6":"product_cat-dormir-fr","7":"product_cat-huiles-essentielles","8":"product_cat-huiles-essentielles-pures","9":"product_tag-5-ml-fr","10":"product_tag-huiles-essentielles","11":"product_tag-juniper-berry-fr","12":"desktop-align-left","13":"tablet-align-left","14":"mobile-align-left","16":"first","17":"instock","18":"taxable","19":"shipping-taxable","20":"purchasable","21":"product-type-simple"},"_links":{"self":[{"href":"https:\/\/mamaterra.lt\/fr\/wp-json\/wp\/v2\/product\/23002","targetHints":{"allow":["GET"]}}],"collection":[{"href":"https:\/\/mamaterra.lt\/fr\/wp-json\/wp\/v2\/product"}],"about":[{"href":"https:\/\/mamaterra.lt\/fr\/wp-json\/wp\/v2\/types\/product"}],"wp:featuredmedia":[{"embeddable":true,"href":"https:\/\/mamaterra.lt\/fr\/wp-json\/wp\/v2\/media\/23003"}],"wp:attachment":[{"href":"https:\/\/mamaterra.lt\/fr\/wp-json\/wp\/v2\/media?parent=23002"}],"wp:term":[{"taxonomy":"product_brand","embeddable":true,"href":"https:\/\/mamaterra.lt\/fr\/wp-json\/wp\/v2\/product_brand?post=23002"},{"taxonomy":"product_cat","embeddable":true,"href":"https:\/\/mamaterra.lt\/fr\/wp-json\/wp\/v2\/product_cat?post=23002"},{"taxonomy":"product_tag","embeddable":true,"href":"https:\/\/mamaterra.lt\/fr\/wp-json\/wp\/v2\/product_tag?post=23002"}],"curies":[{"name":"wp","href":"https:\/\/api.w.org\/{rel}","templated":true}]}}