{"id":22970,"date":"2021-04-18T16:08:51","date_gmt":"2021-04-18T15:08:51","guid":{"rendered":"https:\/\/mamaterra.lt\/parduotuve\/non%20class\u00e9\/tuju-arbovitae-doterra-tyras-eterinis-aliejus-5ml\/"},"modified":"2024-04-02T19:11:53","modified_gmt":"2024-04-02T18:11:53","slug":"thuja-arborvitae-huile-essentielle-doterra-pure-5ml","status":"publish","type":"product","link":"https:\/\/mamaterra.lt\/fr\/parduotuve\/huiles-essentielles\/huiles-essentielles-pures\/thuja-arborvitae-huile-essentielle-doterra-pure-5ml\/","title":{"rendered":"Thuja (ARBORVITAE) Huile Essentielle doTERRA Pure 5ml"},"content":{"rendered":"<p><strong>Thuja (ARBORVITAE) Huile Essentielle doTERRA Pure\u00a0<\/strong><\/p>\n<p>Thuja plicata | 5ml<\/p>\n<p>Thuja (ARBORVITAE) Huile essentielle pure doTERRA Description :<\/p>\n<p>L&rsquo;arbre de vie, connu sous le nom de thuya, est d&rsquo;une taille impressionnante et poss\u00e8de de nombreuses propri\u00e9t\u00e9s b\u00e9n\u00e9fiques.<\/p>\n<p>Il permet \u00e0 la peau de rester propre et d&rsquo;avoir une apparence saine<br \/>\nAgent nettoyant<br \/>\nAr\u00f4me apaisant<\/p>\n<p>&nbsp;<\/p>\n<p>Pour plus d&rsquo;informations sur l&rsquo;huile essentielle de thuya (ARBORVITAE) doTERRA, regardez la vid\u00e9o ci-dessous.<\/p>\n<p><iframe title=\"Arborvitae Oil: Benefits And Uses From The \" src=\"https:\/\/www.youtube.com\/embed\/xkhOHynwSOM\" width=\"853\" height=\"480\" frameborder=\"0\" allowfullscreen=\"allowfullscreen\"><\/iframe><\/p>\n","protected":false},"excerpt":{"rendered":"<ul>\n<li>Garde la peau propre et d&rsquo;apparence saine<\/li>\n<li>Nettoyant<\/li>\n<li>Ar\u00f4me apaisant<\/li>\n<\/ul>\n","protected":false},"featured_media":22971,"template":"","meta":{"site-sidebar-layout":"default","site-content-layout":"default","ast-site-content-layout":"default","site-content-style":"default","site-sidebar-style":"default","ast-global-header-display":"","ast-banner-title-visibility":"","ast-main-header-display":"","ast-hfb-above-header-display":"","ast-hfb-below-header-display":"","ast-hfb-mobile-header-display":"","site-post-title":"","ast-breadcrumbs-content":"","ast-featured-img":"","footer-sml-layout":"","ast-disable-related-posts":"","theme-transparent-header-meta":"default","adv-header-id-meta":"","stick-header-meta":"","header-above-stick-meta":"","header-main-stick-meta":"","header-below-stick-meta":"","astra-migrate-meta-layouts":"set","ast-page-background-enabled":"default","ast-page-background-meta":{"desktop":{"background-color":"","background-image":"","background-repeat":"repeat","background-position":"center center","background-size":"auto","background-attachment":"scroll","background-type":"","background-media":"","overlay-type":"","overlay-color":"","overlay-opacity":"","overlay-gradient":""},"tablet":{"background-color":"","background-image":"","background-repeat":"repeat","background-position":"center center","background-size":"auto","background-attachment":"scroll","background-type":"","background-media":"","overlay-type":"","overlay-color":"","overlay-opacity":"","overlay-gradient":""},"mobile":{"background-color":"","background-image":"","background-repeat":"repeat","background-position":"center center","background-size":"auto","background-attachment":"scroll","background-type":"","background-media":"","overlay-type":"","overlay-color":"","overlay-opacity":"","overlay-gradient":""}},"ast-content-background-meta":{"desktop":{"background-color":"var(--ast-global-color-5)","background-image":"","background-repeat":"repeat","background-position":"center center","background-size":"auto","background-attachment":"scroll","background-type":"","background-media":"","overlay-type":"","overlay-color":"","overlay-opacity":"","overlay-gradient":""},"tablet":{"background-color":"var(--ast-global-color-5)","background-image":"","background-repeat":"repeat","background-position":"center center","background-size":"auto","background-attachment":"scroll","background-type":"","background-media":"","overlay-type":"","overlay-color":"","overlay-opacity":"","overlay-gradient":""},"mobile":{"background-color":"var(--ast-global-color-5)","background-image":"","background-repeat":"repeat","background-position":"center center","background-size":"auto","background-attachment":"scroll","background-type":"","background-media":"","overlay-type":"","overlay-color":"","overlay-opacity":"","overlay-gradient":""}}},"product_brand":[],"product_cat":[1940,1950],"product_tag":[2063,2989,3232],"class_list":{"0":"post-22970","1":"product","2":"type-product","3":"status-publish","4":"has-post-thumbnail","6":"product_cat-huiles-essentielles","7":"product_cat-huiles-essentielles-pures","8":"product_tag-5-ml-fr","9":"product_tag-arborvitae-fr","10":"product_tag-huiles-essentielles","11":"desktop-align-left","12":"tablet-align-left","13":"mobile-align-left","15":"first","16":"instock","17":"taxable","18":"shipping-taxable","19":"purchasable","20":"product-type-simple"},"_links":{"self":[{"href":"https:\/\/mamaterra.lt\/fr\/wp-json\/wp\/v2\/product\/22970","targetHints":{"allow":["GET"]}}],"collection":[{"href":"https:\/\/mamaterra.lt\/fr\/wp-json\/wp\/v2\/product"}],"about":[{"href":"https:\/\/mamaterra.lt\/fr\/wp-json\/wp\/v2\/types\/product"}],"wp:featuredmedia":[{"embeddable":true,"href":"https:\/\/mamaterra.lt\/fr\/wp-json\/wp\/v2\/media\/22971"}],"wp:attachment":[{"href":"https:\/\/mamaterra.lt\/fr\/wp-json\/wp\/v2\/media?parent=22970"}],"wp:term":[{"taxonomy":"product_brand","embeddable":true,"href":"https:\/\/mamaterra.lt\/fr\/wp-json\/wp\/v2\/product_brand?post=22970"},{"taxonomy":"product_cat","embeddable":true,"href":"https:\/\/mamaterra.lt\/fr\/wp-json\/wp\/v2\/product_cat?post=22970"},{"taxonomy":"product_tag","embeddable":true,"href":"https:\/\/mamaterra.lt\/fr\/wp-json\/wp\/v2\/product_tag?post=22970"}],"curies":[{"name":"wp","href":"https:\/\/api.w.org\/{rel}","templated":true}]}}