{"id":22958,"date":"2021-04-18T16:25:07","date_gmt":"2021-04-18T15:25:07","guid":{"rendered":"https:\/\/mamaterra.lt\/parduotuve\/non%20class\u00e9\/juoduju-pipiru-black-pepper-tyras-doterra-eterinis-aliejus-5ml\/"},"modified":"2024-04-02T19:00:07","modified_gmt":"2024-04-02T18:00:07","slug":"poivre-noir-huile-essentielle-doterra-pure","status":"publish","type":"product","link":"https:\/\/mamaterra.lt\/fr\/parduotuve\/huiles-essentielles\/huiles-essentielles-pures\/poivre-noir-huile-essentielle-doterra-pure\/","title":{"rendered":"POIVRE NOIR Huile essentielle doTERRA pure"},"content":{"rendered":"<p><strong>POIVRE NOIR Huile essentielle doTERRA pure<\/strong><\/p>\n<p>Piper nigrum | 5ml<\/p>\n<p>Poivre noir (BLACK PEPPER) Huile essentielle doTERRA pure Description :<\/p>\n<p>Stimulante et parfum\u00e9e, l&rsquo;huile essentielle de poivre noir aromatise tous les plats et a des effets b\u00e9n\u00e9fiques sur la peau.<\/p>\n<p>Rehausse la saveur des aliments<br \/>\nVaporisez-la dans un diffuseur lorsque vous souhaitez un ar\u00f4me apaisant.<br \/>\nA un effet r\u00e9chauffant lorsqu&rsquo;elle est appliqu\u00e9e sur la peau<\/p>\n<p>&nbsp;<\/p>\n<p>Pour plus d&rsquo;informations sur l&rsquo;huile essentielle doTERRA POIVRE NOIR, regardez la vid\u00e9o ci-dessous.<\/p>\n<p><iframe title=\"d\u014dTERRA Black Pepper Essential Oil\" src=\"https:\/\/www.youtube.com\/embed\/TSE52MgOskA\" width=\"853\" height=\"480\" frameborder=\"0\" allowfullscreen=\"allowfullscreen\"><\/iframe><\/p>\n","protected":false},"excerpt":{"rendered":"<ul>\n<li>L&rsquo;huile essentielle de poivre noir rehausse la saveur des aliments<\/li>\n<li>Vaporisez-la dans un diffuseur lorsque vous souhaitez obtenir un ar\u00f4me apaisant.<\/li>\n<li>A un effet r\u00e9chauffant lorsqu&rsquo;elle est appliqu\u00e9e sur la peau<\/li>\n<\/ul>\n","protected":false},"featured_media":22959,"template":"","meta":{"site-sidebar-layout":"default","site-content-layout":"default","ast-site-content-layout":"default","site-content-style":"default","site-sidebar-style":"default","ast-global-header-display":"","ast-banner-title-visibility":"","ast-main-header-display":"","ast-hfb-above-header-display":"","ast-hfb-below-header-display":"","ast-hfb-mobile-header-display":"","site-post-title":"","ast-breadcrumbs-content":"","ast-featured-img":"","footer-sml-layout":"","ast-disable-related-posts":"","theme-transparent-header-meta":"default","adv-header-id-meta":"","stick-header-meta":"","header-above-stick-meta":"","header-main-stick-meta":"","header-below-stick-meta":"","astra-migrate-meta-layouts":"set","ast-page-background-enabled":"default","ast-page-background-meta":{"desktop":{"background-color":"","background-image":"","background-repeat":"repeat","background-position":"center center","background-size":"auto","background-attachment":"scroll","background-type":"","background-media":"","overlay-type":"","overlay-color":"","overlay-opacity":"","overlay-gradient":""},"tablet":{"background-color":"","background-image":"","background-repeat":"repeat","background-position":"center center","background-size":"auto","background-attachment":"scroll","background-type":"","background-media":"","overlay-type":"","overlay-color":"","overlay-opacity":"","overlay-gradient":""},"mobile":{"background-color":"","background-image":"","background-repeat":"repeat","background-position":"center center","background-size":"auto","background-attachment":"scroll","background-type":"","background-media":"","overlay-type":"","overlay-color":"","overlay-opacity":"","overlay-gradient":""}},"ast-content-background-meta":{"desktop":{"background-color":"var(--ast-global-color-5)","background-image":"","background-repeat":"repeat","background-position":"center center","background-size":"auto","background-attachment":"scroll","background-type":"","background-media":"","overlay-type":"","overlay-color":"","overlay-opacity":"","overlay-gradient":""},"tablet":{"background-color":"var(--ast-global-color-5)","background-image":"","background-repeat":"repeat","background-position":"center center","background-size":"auto","background-attachment":"scroll","background-type":"","background-media":"","overlay-type":"","overlay-color":"","overlay-opacity":"","overlay-gradient":""},"mobile":{"background-color":"var(--ast-global-color-5)","background-image":"","background-repeat":"repeat","background-position":"center center","background-size":"auto","background-attachment":"scroll","background-type":"","background-media":"","overlay-type":"","overlay-color":"","overlay-opacity":"","overlay-gradient":""}}},"product_brand":[],"product_cat":[1940,1950],"product_tag":[2063,2952,3232],"class_list":{"0":"post-22958","1":"product","2":"type-product","3":"status-publish","4":"has-post-thumbnail","6":"product_cat-huiles-essentielles","7":"product_cat-huiles-essentielles-pures","8":"product_tag-5-ml-fr","9":"product_tag-black-pepper-fr","10":"product_tag-huiles-essentielles","11":"desktop-align-left","12":"tablet-align-left","13":"mobile-align-left","15":"first","16":"instock","17":"taxable","18":"shipping-taxable","19":"purchasable","20":"product-type-simple"},"_links":{"self":[{"href":"https:\/\/mamaterra.lt\/fr\/wp-json\/wp\/v2\/product\/22958","targetHints":{"allow":["GET"]}}],"collection":[{"href":"https:\/\/mamaterra.lt\/fr\/wp-json\/wp\/v2\/product"}],"about":[{"href":"https:\/\/mamaterra.lt\/fr\/wp-json\/wp\/v2\/types\/product"}],"wp:featuredmedia":[{"embeddable":true,"href":"https:\/\/mamaterra.lt\/fr\/wp-json\/wp\/v2\/media\/22959"}],"wp:attachment":[{"href":"https:\/\/mamaterra.lt\/fr\/wp-json\/wp\/v2\/media?parent=22958"}],"wp:term":[{"taxonomy":"product_brand","embeddable":true,"href":"https:\/\/mamaterra.lt\/fr\/wp-json\/wp\/v2\/product_brand?post=22958"},{"taxonomy":"product_cat","embeddable":true,"href":"https:\/\/mamaterra.lt\/fr\/wp-json\/wp\/v2\/product_cat?post=22958"},{"taxonomy":"product_tag","embeddable":true,"href":"https:\/\/mamaterra.lt\/fr\/wp-json\/wp\/v2\/product_tag?post=22958"}],"curies":[{"name":"wp","href":"https:\/\/api.w.org\/{rel}","templated":true}]}}