{"id":22941,"date":"2021-04-18T16:26:54","date_gmt":"2021-04-18T15:26:54","guid":{"rendered":"https:\/\/mamaterra.lt\/parduotuve\/non%20class\u00e9\/juoduju-egliu-black-spruce-tyras-doterra-eterinis-aliejus-5ml\/"},"modified":"2024-04-02T18:50:54","modified_gmt":"2024-04-02T17:50:54","slug":"black-spruce-huile-essentielle-doterra-pure-5ml","status":"publish","type":"product","link":"https:\/\/mamaterra.lt\/fr\/parduotuve\/huiles-essentielles\/huiles-essentielles-pures\/black-spruce-huile-essentielle-doterra-pure-5ml\/","title":{"rendered":"BLACK SPRUCE Huile essentielle doTERRA pure 5ml"},"content":{"rendered":"<p><strong>BLACK SPRUCE Huile essentielle doTERRA pure<\/strong><\/p>\n<p>Picea mariana | 5ml<\/p>\n<p>Cette huile essentielle de bois puissant est utilis\u00e9e par les Am\u00e9rindiens depuis l&rsquo;\u00e9poque des Am\u00e9rindiens. L&rsquo;huile essentielle d&rsquo;\u00e9pinette noire les aidait \u00e0 soigner la beaut\u00e9 de leur peau et \u00e9tait un produit pr\u00e9cieux pour leur gu\u00e9rison spirituelle et leur purification.<\/p>\n<p>Apaise la peau<br \/>\nLa teneur \u00e9lev\u00e9e en ac\u00e9tate de bornite favorise la relaxation et le calme.<br \/>\nApaise les petites irritations de la peau<br \/>\nApr\u00e8s une s\u00e9ance d&rsquo;entra\u00eenement intense, massez-vous avec cette huile pour apaiser votre peau et vous sentir mieux.<\/p>\n<p>&nbsp;<\/p>\n<p>Pour plus d&rsquo;informations sur l&rsquo;huile essentielle doTERRA BLACK SPRUCE, regardez la vid\u00e9o ci-dessous.<\/p>\n<p><iframe title=\"doTERRA Black Spruce Essential Oil Sourcing (Translated Subtitles)\" src=\"https:\/\/www.youtube.com\/embed\/yzjLeha1epo\" width=\"853\" height=\"480\" frameborder=\"0\" allowfullscreen=\"allowfullscreen\"><\/iframe><\/p>\n","protected":false},"excerpt":{"rendered":"<ul>\n<li>Apaise la peau<\/li>\n<li>La teneur \u00e9lev\u00e9e en ac\u00e9tate de bornite favorise une sensation de d\u00e9tente et de calme.<\/li>\n<li>Apaise les petites irritations de la peau<\/li>\n<li>Apr\u00e8s une s\u00e9ance d&rsquo;entra\u00eenement intense, massez votre peau avec cette huile pour l&rsquo;apaiser et la faire se sentir mieux.<\/li>\n<li><\/li>\n<\/ul>\n","protected":false},"featured_media":22942,"template":"","meta":{"site-sidebar-layout":"default","site-content-layout":"default","ast-site-content-layout":"default","site-content-style":"default","site-sidebar-style":"default","ast-global-header-display":"","ast-banner-title-visibility":"","ast-main-header-display":"","ast-hfb-above-header-display":"","ast-hfb-below-header-display":"","ast-hfb-mobile-header-display":"","site-post-title":"","ast-breadcrumbs-content":"","ast-featured-img":"","footer-sml-layout":"","ast-disable-related-posts":"","theme-transparent-header-meta":"default","adv-header-id-meta":"","stick-header-meta":"","header-above-stick-meta":"","header-main-stick-meta":"","header-below-stick-meta":"","astra-migrate-meta-layouts":"set","ast-page-background-enabled":"default","ast-page-background-meta":{"desktop":{"background-color":"","background-image":"","background-repeat":"repeat","background-position":"center center","background-size":"auto","background-attachment":"scroll","background-type":"","background-media":"","overlay-type":"","overlay-color":"","overlay-opacity":"","overlay-gradient":""},"tablet":{"background-color":"","background-image":"","background-repeat":"repeat","background-position":"center center","background-size":"auto","background-attachment":"scroll","background-type":"","background-media":"","overlay-type":"","overlay-color":"","overlay-opacity":"","overlay-gradient":""},"mobile":{"background-color":"","background-image":"","background-repeat":"repeat","background-position":"center center","background-size":"auto","background-attachment":"scroll","background-type":"","background-media":"","overlay-type":"","overlay-color":"","overlay-opacity":"","overlay-gradient":""}},"ast-content-background-meta":{"desktop":{"background-color":"var(--ast-global-color-5)","background-image":"","background-repeat":"repeat","background-position":"center center","background-size":"auto","background-attachment":"scroll","background-type":"","background-media":"","overlay-type":"","overlay-color":"","overlay-opacity":"","overlay-gradient":""},"tablet":{"background-color":"var(--ast-global-color-5)","background-image":"","background-repeat":"repeat","background-position":"center center","background-size":"auto","background-attachment":"scroll","background-type":"","background-media":"","overlay-type":"","overlay-color":"","overlay-opacity":"","overlay-gradient":""},"mobile":{"background-color":"var(--ast-global-color-5)","background-image":"","background-repeat":"repeat","background-position":"center center","background-size":"auto","background-attachment":"scroll","background-type":"","background-media":"","overlay-type":"","overlay-color":"","overlay-opacity":"","overlay-gradient":""}}},"product_brand":[],"product_cat":[1940,1950,2040,2000,2035],"product_tag":[2063,2950,3232],"class_list":{"0":"post-22941","1":"product","2":"type-product","3":"status-publish","4":"has-post-thumbnail","6":"product_cat-huiles-essentielles","7":"product_cat-huiles-essentielles-pures","8":"product_cat-la-gestion-du-stress","9":"product_cat-massage-fr","10":"product_cat-purification-de-lair","11":"product_tag-5-ml-fr","12":"product_tag-black-spruce-fr","13":"product_tag-huiles-essentielles","14":"desktop-align-left","15":"tablet-align-left","16":"mobile-align-left","18":"first","19":"instock","20":"taxable","21":"shipping-taxable","22":"purchasable","23":"product-type-simple"},"_links":{"self":[{"href":"https:\/\/mamaterra.lt\/fr\/wp-json\/wp\/v2\/product\/22941","targetHints":{"allow":["GET"]}}],"collection":[{"href":"https:\/\/mamaterra.lt\/fr\/wp-json\/wp\/v2\/product"}],"about":[{"href":"https:\/\/mamaterra.lt\/fr\/wp-json\/wp\/v2\/types\/product"}],"wp:featuredmedia":[{"embeddable":true,"href":"https:\/\/mamaterra.lt\/fr\/wp-json\/wp\/v2\/media\/22942"}],"wp:attachment":[{"href":"https:\/\/mamaterra.lt\/fr\/wp-json\/wp\/v2\/media?parent=22941"}],"wp:term":[{"taxonomy":"product_brand","embeddable":true,"href":"https:\/\/mamaterra.lt\/fr\/wp-json\/wp\/v2\/product_brand?post=22941"},{"taxonomy":"product_cat","embeddable":true,"href":"https:\/\/mamaterra.lt\/fr\/wp-json\/wp\/v2\/product_cat?post=22941"},{"taxonomy":"product_tag","embeddable":true,"href":"https:\/\/mamaterra.lt\/fr\/wp-json\/wp\/v2\/product_tag?post=22941"}],"curies":[{"name":"wp","href":"https:\/\/api.w.org\/{rel}","templated":true}]}}