{"id":22892,"date":"2024-04-01T11:33:09","date_gmt":"2024-04-01T10:33:09","guid":{"rendered":"https:\/\/mamaterra.lt\/?post_type=product&#038;p=22892"},"modified":"2025-10-08T18:06:36","modified_gmt":"2025-10-08T17:06:36","slug":"diffuseur-bubble-doterra-et-melange-dhuiles-essentielles-hygge","status":"publish","type":"product","link":"https:\/\/mamaterra.lt\/fr\/parduotuve\/huiles-essentielles\/melanges-dhuiles-essentielles\/diffuseur-bubble-doterra-et-melange-dhuiles-essentielles-hygge\/","title":{"rendered":"Diffuseur Bubble doTERRA et m\u00e9lange d&rsquo;huiles essentielles Hygge"},"content":{"rendered":"<h6>Diffuseur Bubble doTERRA et m\u00e9lange d&rsquo;huiles essentielles Hygge 10ml<\/h6>\n<h6><\/h6>\n<h6><\/h6>\n<p>Ce duo sp\u00e9cial est compos\u00e9 de deux produits, disponibles pour une dur\u00e9e limit\u00e9e, le diffuseur Bubble et le m\u00e9lange d&rsquo;huiles essentielles Hygge de doTERRA (10ml).<br \/>\nLe design petit et discret du diffuseur Bubble lui conf\u00e8re une bonne image.<br \/>\nLe diffuseur ne n\u00e9cessite pas d&rsquo;eau.<br \/>\nLorsque le capteur de mouvement du diffuseur est d\u00e9clench\u00e9, les parfums se diffusent sans effort.<\/p>\n<p><iframe title=\"YouTube video player\" src=\"https:\/\/www.youtube-nocookie.com\/embed\/sbjYtKSPFGs\" width=\"560\" height=\"315\" frameborder=\"0\" allowfullscreen=\"allowfullscreen\"><\/iframe><\/p>\n","protected":false},"excerpt":{"rendered":"<p>Ce duo sp\u00e9cial se compose de deux produits, disponibles pour une dur\u00e9e limit\u00e9e, le Diffuseur de bulles et le m\u00e9lange d&rsquo;huiles essentielles doTERRA Hygge. Le Diffuseur de bulles ne n\u00e9cessite pas l&rsquo;utilisation d&rsquo;eau.<\/p>\n","protected":false},"featured_media":25880,"template":"","meta":{"site-sidebar-layout":"default","site-content-layout":"","ast-site-content-layout":"default","site-content-style":"default","site-sidebar-style":"default","ast-global-header-display":"","ast-banner-title-visibility":"","ast-main-header-display":"","ast-hfb-above-header-display":"","ast-hfb-below-header-display":"","ast-hfb-mobile-header-display":"","site-post-title":"","ast-breadcrumbs-content":"","ast-featured-img":"","footer-sml-layout":"","ast-disable-related-posts":"","theme-transparent-header-meta":"","adv-header-id-meta":"","stick-header-meta":"","header-above-stick-meta":"","header-main-stick-meta":"","header-below-stick-meta":"","astra-migrate-meta-layouts":"set","ast-page-background-enabled":"default","ast-page-background-meta":{"desktop":{"background-color":"","background-image":"","background-repeat":"repeat","background-position":"center center","background-size":"auto","background-attachment":"scroll","background-type":"","background-media":"","overlay-type":"","overlay-color":"","overlay-opacity":"","overlay-gradient":""},"tablet":{"background-color":"","background-image":"","background-repeat":"repeat","background-position":"center center","background-size":"auto","background-attachment":"scroll","background-type":"","background-media":"","overlay-type":"","overlay-color":"","overlay-opacity":"","overlay-gradient":""},"mobile":{"background-color":"","background-image":"","background-repeat":"repeat","background-position":"center center","background-size":"auto","background-attachment":"scroll","background-type":"","background-media":"","overlay-type":"","overlay-color":"","overlay-opacity":"","overlay-gradient":""}},"ast-content-background-meta":{"desktop":{"background-color":"var(--ast-global-color-5)","background-image":"","background-repeat":"repeat","background-position":"center center","background-size":"auto","background-attachment":"scroll","background-type":"","background-media":"","overlay-type":"","overlay-color":"","overlay-opacity":"","overlay-gradient":""},"tablet":{"background-color":"var(--ast-global-color-5)","background-image":"","background-repeat":"repeat","background-position":"center center","background-size":"auto","background-attachment":"scroll","background-type":"","background-media":"","overlay-type":"","overlay-color":"","overlay-opacity":"","overlay-gradient":""},"mobile":{"background-color":"var(--ast-global-color-5)","background-image":"","background-repeat":"repeat","background-position":"center center","background-size":"auto","background-attachment":"scroll","background-type":"","background-media":"","overlay-type":"","overlay-color":"","overlay-opacity":"","overlay-gradient":""}}},"product_brand":[],"product_cat":[1923,1918,1940,1945,2035],"product_tag":[2100,2933,3222,3237],"class_list":{"0":"post-22892","1":"product","2":"type-product","3":"status-publish","4":"has-post-thumbnail","6":"product_cat-cadeaux","7":"product_cat-diffuseurs","8":"product_cat-huiles-essentielles","9":"product_cat-melanges-dhuiles-essentielles","10":"product_cat-purification-de-lair","11":"product_tag-15ml-fr","12":"product_tag-bubble-fr","13":"product_tag-diffuseur","14":"product_tag-melanges-dhuiles-essentielles","15":"desktop-align-left","16":"tablet-align-left","17":"mobile-align-left","19":"first","20":"instock","21":"taxable","22":"shipping-taxable","23":"product-type-simple"},"_links":{"self":[{"href":"https:\/\/mamaterra.lt\/fr\/wp-json\/wp\/v2\/product\/22892","targetHints":{"allow":["GET"]}}],"collection":[{"href":"https:\/\/mamaterra.lt\/fr\/wp-json\/wp\/v2\/product"}],"about":[{"href":"https:\/\/mamaterra.lt\/fr\/wp-json\/wp\/v2\/types\/product"}],"wp:featuredmedia":[{"embeddable":true,"href":"https:\/\/mamaterra.lt\/fr\/wp-json\/wp\/v2\/media\/25880"}],"wp:attachment":[{"href":"https:\/\/mamaterra.lt\/fr\/wp-json\/wp\/v2\/media?parent=22892"}],"wp:term":[{"taxonomy":"product_brand","embeddable":true,"href":"https:\/\/mamaterra.lt\/fr\/wp-json\/wp\/v2\/product_brand?post=22892"},{"taxonomy":"product_cat","embeddable":true,"href":"https:\/\/mamaterra.lt\/fr\/wp-json\/wp\/v2\/product_cat?post=22892"},{"taxonomy":"product_tag","embeddable":true,"href":"https:\/\/mamaterra.lt\/fr\/wp-json\/wp\/v2\/product_tag?post=22892"}],"curies":[{"name":"wp","href":"https:\/\/api.w.org\/{rel}","templated":true}]}}