{"id":22847,"date":"2023-11-20T19:33:11","date_gmt":"2023-11-20T18:33:11","guid":{"rendered":"https:\/\/mamaterra.lt\/parduotuve\/non%20class\u00e9\/doterra-serenity-stick-valerian\/"},"modified":"2025-06-10T07:19:15","modified_gmt":"2025-06-10T06:19:15","slug":"doterra-serenity-stick-valerian","status":"publish","type":"product","link":"https:\/\/mamaterra.lt\/fr\/parduotuve\/huiles-essentielles\/melanges-dhuiles-essentielles\/doterra-serenity-stick-valerian\/","title":{"rendered":"doTERRA Serenity Stick + Valerian"},"content":{"rendered":"<p>La pr\u00e9paration au coucher n&rsquo;a jamais \u00e9t\u00e9 aussi pratique que gr\u00e2ce \u00e0 l&rsquo;absorption rapide et \u00e0 l&rsquo;application en douceur du b\u00e2ton doTERRA Serenity + Val\u00e9riane. Le m\u00e9lange Restful de doTERRA Serenity contient de l&rsquo;huile essentielle de lavande certifi\u00e9e CPTG Certified Pure Tested Grade\u00ae &#8211; reconnue pour apaiser la peau lorsqu&rsquo;elle est appliqu\u00e9e par voie topique, tout en d\u00e9gageant un ar\u00f4me r\u00e9confortant et enracinant qui contribue \u00e0 un environnement propice au repos. Le stick associe le m\u00e9lange Restful \u00e0 l&rsquo;huile essentielle de val\u00e9riane pour cr\u00e9er une ambiance relaxante lorsqu&rsquo;il est utilis\u00e9 en conjonction avec une hygi\u00e8ne de sommeil saine.<\/p>\n<p>Lavande<br \/>\nBois de c\u00e8dre<br \/>\nRacine de val\u00e9riane<br \/>\nCoriandre<br \/>\nYlang Ylang<br \/>\nMarjolaine<br \/>\nCamomille romaine<br \/>\nBois de santal<br \/>\nV\u00e9tiver<\/p>\n<p>Le b\u00e2ton de s\u00e9r\u00e9nit\u00e9 + val\u00e9riane doTERRA est exempt de parab\u00e8nes, de phtalates et de parfums synth\u00e9tiques.<\/p>\n<h6>Utilisation<\/h6>\n<p>Appliquer \u00e0 l&rsquo;int\u00e9rieur des poignets, \u00e0 l&rsquo;arri\u00e8re du cou, sur la poitrine et sur la plante des pieds, au besoin, pour se pr\u00e9parer au repos.<\/p>\n<h6>Pr\u00e9cautions<\/h6>\n<p>\u00c9viter l&rsquo;application sur le visage. \u00c9viter le contact avec les yeux. Pour usage externe uniquement. En cas d&rsquo;irritation, cesser l&rsquo;utilisation.<\/p>\n","protected":false},"excerpt":{"rendered":"<p>Appliquer \u00e0 l&rsquo;int\u00e9rieur des poignets, \u00e0 l&rsquo;arri\u00e8re du cou, sur la poitrine et sur la plante des pieds, au besoin, pour se pr\u00e9parer au repos.<\/p>\n","protected":false},"featured_media":22848,"template":"","meta":{"site-sidebar-layout":"default","site-content-layout":"","ast-site-content-layout":"default","site-content-style":"default","site-sidebar-style":"default","ast-global-header-display":"","ast-banner-title-visibility":"","ast-main-header-display":"","ast-hfb-above-header-display":"","ast-hfb-below-header-display":"","ast-hfb-mobile-header-display":"","site-post-title":"","ast-breadcrumbs-content":"","ast-featured-img":"","footer-sml-layout":"","ast-disable-related-posts":"","theme-transparent-header-meta":"","adv-header-id-meta":"","stick-header-meta":"","header-above-stick-meta":"","header-main-stick-meta":"","header-below-stick-meta":"","astra-migrate-meta-layouts":"set","ast-page-background-enabled":"default","ast-page-background-meta":{"desktop":{"background-color":"","background-image":"","background-repeat":"repeat","background-position":"center center","background-size":"auto","background-attachment":"scroll","background-type":"","background-media":"","overlay-type":"","overlay-color":"","overlay-opacity":"","overlay-gradient":""},"tablet":{"background-color":"","background-image":"","background-repeat":"repeat","background-position":"center center","background-size":"auto","background-attachment":"scroll","background-type":"","background-media":"","overlay-type":"","overlay-color":"","overlay-opacity":"","overlay-gradient":""},"mobile":{"background-color":"","background-image":"","background-repeat":"repeat","background-position":"center center","background-size":"auto","background-attachment":"scroll","background-type":"","background-media":"","overlay-type":"","overlay-color":"","overlay-opacity":"","overlay-gradient":""}},"ast-content-background-meta":{"desktop":{"background-color":"var(--ast-global-color-5)","background-image":"","background-repeat":"repeat","background-position":"center center","background-size":"auto","background-attachment":"scroll","background-type":"","background-media":"","overlay-type":"","overlay-color":"","overlay-opacity":"","overlay-gradient":""},"tablet":{"background-color":"var(--ast-global-color-5)","background-image":"","background-repeat":"repeat","background-position":"center center","background-size":"auto","background-attachment":"scroll","background-type":"","background-media":"","overlay-type":"","overlay-color":"","overlay-opacity":"","overlay-gradient":""},"mobile":{"background-color":"var(--ast-global-color-5)","background-image":"","background-repeat":"repeat","background-position":"center center","background-size":"auto","background-attachment":"scroll","background-type":"","background-media":"","overlay-type":"","overlay-color":"","overlay-opacity":"","overlay-gradient":""}}},"product_brand":[],"product_cat":[1923,2005,2040,1945,2010,2045],"product_tag":[],"class_list":{"0":"post-22847","1":"product","2":"type-product","3":"status-publish","4":"has-post-thumbnail","6":"product_cat-cadeaux","7":"product_cat-dormir-fr","8":"product_cat-la-gestion-du-stress","9":"product_cat-melanges-dhuiles-essentielles","10":"product_cat-pour-femme","11":"product_cat-pour-les-enfants","12":"desktop-align-left","13":"tablet-align-left","14":"mobile-align-left","16":"first","17":"instock","18":"taxable","19":"shipping-taxable","20":"product-type-simple"},"_links":{"self":[{"href":"https:\/\/mamaterra.lt\/fr\/wp-json\/wp\/v2\/product\/22847","targetHints":{"allow":["GET"]}}],"collection":[{"href":"https:\/\/mamaterra.lt\/fr\/wp-json\/wp\/v2\/product"}],"about":[{"href":"https:\/\/mamaterra.lt\/fr\/wp-json\/wp\/v2\/types\/product"}],"wp:featuredmedia":[{"embeddable":true,"href":"https:\/\/mamaterra.lt\/fr\/wp-json\/wp\/v2\/media\/22848"}],"wp:attachment":[{"href":"https:\/\/mamaterra.lt\/fr\/wp-json\/wp\/v2\/media?parent=22847"}],"wp:term":[{"taxonomy":"product_brand","embeddable":true,"href":"https:\/\/mamaterra.lt\/fr\/wp-json\/wp\/v2\/product_brand?post=22847"},{"taxonomy":"product_cat","embeddable":true,"href":"https:\/\/mamaterra.lt\/fr\/wp-json\/wp\/v2\/product_cat?post=22847"},{"taxonomy":"product_tag","embeddable":true,"href":"https:\/\/mamaterra.lt\/fr\/wp-json\/wp\/v2\/product_tag?post=22847"}],"curies":[{"name":"wp","href":"https:\/\/api.w.org\/{rel}","templated":true}]}}