{"id":22838,"date":"2023-08-24T21:00:26","date_gmt":"2023-08-24T20:00:26","guid":{"rendered":"https:\/\/mamaterra.lt\/parduotuve\/non%20class\u00e9\/sotumo-guma-su-metapwr-metaboliniu-misiniu\/"},"modified":"2024-03-26T19:56:57","modified_gmt":"2024-03-26T18:56:57","slug":"metapwr-melange-metabolique-gomme-de-satiete","status":"publish","type":"product","link":"https:\/\/mamaterra.lt\/fr\/parduotuve\/huiles-essentielles\/melanges-dhuiles-essentielles\/metapwr-melange-metabolique-gomme-de-satiete\/","title":{"rendered":"MetaPWR M\u00e9lange m\u00e9tabolique Gomme de sati\u00e9t\u00e9"},"content":{"rendered":"<h6 class=\"product__title mb-3\">MetaPWR M\u00e9lange m\u00e9tabolique Gomme de sati\u00e9t\u00e9<\/h6>\n<p>&nbsp;<\/p>\n<div class=\"product__desc d-md-block d-sm-block d-none\">\n<p>Savoureuse avec un go\u00fbt sucr\u00e9, menthol\u00e9 et \u00e9pic\u00e9 durable, la gomme MetaPWR Satiety Gum aide \u00e0 r\u00e9duire les fringales, favorise une alimentation r\u00e9fl\u00e9chie et soutient un m\u00e9tabolisme sain. * D\u00e9velopp\u00e9e avec des chercheurs de doTERRA, MetaPWR Satiety Gum contient des ratios cliniquement \u00e9quilibr\u00e9s d&rsquo;huiles essentielles CPTG\u00ae de pamplemousse, de citron, de menthe poivr\u00e9e, de gingembre et d&rsquo;\u00e9corce de cannelle afin de promouvoir la sant\u00e9 du m\u00e9tabolisme et de r\u00e9duire les fringales.<\/p>\n<p>Le chewing-gum MetaPWR Satiety Gum, qui fait partie du MetaPWR Metabolic System, soutient les r\u00e9gimes de vie sains ax\u00e9s sur l&rsquo;augmentation de l&rsquo;\u00e9nergie et de la vitalit\u00e9, la sant\u00e9 m\u00e9tabolique et la gestion du poids, afin de prolonger la dur\u00e9e de vie.*<\/p>\n<p>Sans OGM<br \/>\nSans soja<br \/>\nSans conservateurs<br \/>\nSans produits laitiers<br \/>\nPas de gluten<br \/>\nSans \u00e9dulcorants ni ar\u00f4mes artificiels<br \/>\nTaille : 30 pi\u00e8ces<\/p>\n<\/div>\n","protected":false},"excerpt":{"rendered":"<p style=\"padding-left: 40px;\">Savoureuse avec un go\u00fbt sucr\u00e9, menthol\u00e9 et \u00e9pic\u00e9 durable, la gomme MetaPWR Satiety Gum aide \u00e0 r\u00e9duire les fringales, favorise une alimentation r\u00e9fl\u00e9chie et soutient un m\u00e9tabolisme sain.<\/p>\n","protected":false},"featured_media":0,"template":"","meta":{"site-sidebar-layout":"default","site-content-layout":"","ast-site-content-layout":"default","site-content-style":"default","site-sidebar-style":"default","ast-global-header-display":"","ast-banner-title-visibility":"","ast-main-header-display":"","ast-hfb-above-header-display":"","ast-hfb-below-header-display":"","ast-hfb-mobile-header-display":"","site-post-title":"","ast-breadcrumbs-content":"","ast-featured-img":"","footer-sml-layout":"","ast-disable-related-posts":"","theme-transparent-header-meta":"default","adv-header-id-meta":"","stick-header-meta":"","header-above-stick-meta":"","header-main-stick-meta":"","header-below-stick-meta":"","astra-migrate-meta-layouts":"set","ast-page-background-enabled":"default","ast-page-background-meta":{"desktop":{"background-color":"","background-image":"","background-repeat":"repeat","background-position":"center center","background-size":"auto","background-attachment":"scroll","background-type":"","background-media":"","overlay-type":"","overlay-color":"","overlay-opacity":"","overlay-gradient":""},"tablet":{"background-color":"","background-image":"","background-repeat":"repeat","background-position":"center center","background-size":"auto","background-attachment":"scroll","background-type":"","background-media":"","overlay-type":"","overlay-color":"","overlay-opacity":"","overlay-gradient":""},"mobile":{"background-color":"","background-image":"","background-repeat":"repeat","background-position":"center center","background-size":"auto","background-attachment":"scroll","background-type":"","background-media":"","overlay-type":"","overlay-color":"","overlay-opacity":"","overlay-gradient":""}},"ast-content-background-meta":{"desktop":{"background-color":"var(--ast-global-color-5)","background-image":"","background-repeat":"repeat","background-position":"center center","background-size":"auto","background-attachment":"scroll","background-type":"","background-media":"","overlay-type":"","overlay-color":"","overlay-opacity":"","overlay-gradient":""},"tablet":{"background-color":"var(--ast-global-color-5)","background-image":"","background-repeat":"repeat","background-position":"center center","background-size":"auto","background-attachment":"scroll","background-type":"","background-media":"","overlay-type":"","overlay-color":"","overlay-opacity":"","overlay-gradient":""},"mobile":{"background-color":"var(--ast-global-color-5)","background-image":"","background-repeat":"repeat","background-position":"center center","background-size":"auto","background-attachment":"scroll","background-type":"","background-media":"","overlay-type":"","overlay-color":"","overlay-opacity":"","overlay-gradient":""}}},"product_brand":[],"product_cat":[2050,1945],"product_tag":[],"class_list":{"0":"post-22838","1":"product","2":"type-product","3":"status-publish","5":"product_cat-digestion-fr","6":"product_cat-melanges-dhuiles-essentielles","7":"desktop-align-left","8":"tablet-align-left","9":"mobile-align-left","11":"first","12":"outofstock","13":"sale","14":"taxable","15":"shipping-taxable","16":"purchasable","17":"product-type-simple"},"_links":{"self":[{"href":"https:\/\/mamaterra.lt\/fr\/wp-json\/wp\/v2\/product\/22838","targetHints":{"allow":["GET"]}}],"collection":[{"href":"https:\/\/mamaterra.lt\/fr\/wp-json\/wp\/v2\/product"}],"about":[{"href":"https:\/\/mamaterra.lt\/fr\/wp-json\/wp\/v2\/types\/product"}],"wp:attachment":[{"href":"https:\/\/mamaterra.lt\/fr\/wp-json\/wp\/v2\/media?parent=22838"}],"wp:term":[{"taxonomy":"product_brand","embeddable":true,"href":"https:\/\/mamaterra.lt\/fr\/wp-json\/wp\/v2\/product_brand?post=22838"},{"taxonomy":"product_cat","embeddable":true,"href":"https:\/\/mamaterra.lt\/fr\/wp-json\/wp\/v2\/product_cat?post=22838"},{"taxonomy":"product_tag","embeddable":true,"href":"https:\/\/mamaterra.lt\/fr\/wp-json\/wp\/v2\/product_tag?post=22838"}],"curies":[{"name":"wp","href":"https:\/\/api.w.org\/{rel}","templated":true}]}}