{"id":22812,"date":"2023-05-10T20:36:20","date_gmt":"2023-05-10T19:36:20","guid":{"rendered":"https:\/\/mamaterra.lt\/parduotuve\/non%20class\u00e9\/metapwr-assist\/"},"modified":"2024-03-24T15:11:55","modified_gmt":"2024-03-24T14:11:55","slug":"metapwr-assist","status":"publish","type":"product","link":"https:\/\/mamaterra.lt\/fr\/parduotuve\/huiles-essentielles\/melanges-dhuiles-essentielles\/metapwr-assist\/","title":{"rendered":"MetaPWR Assist"},"content":{"rendered":"<p>Augmentez la valeur nutritionnelle de votre alimentation avec MetaPWR\u2122 Assist. Chaque capsule contient de l&rsquo;extrait de feuille de m\u00fbrier, de la berb\u00e9rine, de la poudre d&rsquo;\u00e9corce de cannelle et le m\u00e9lange exclusif d&rsquo;huiles essentielles de MetaPWR. Lorsqu&rsquo;il est pris avant le repas principal de la journ\u00e9e, ce puissant compl\u00e9ment \u00e0 votre routine quotidienne de bien-\u00eatre aura le plus grand impact sur votre corps. En utilisant un processus de premi\u00e8re qualit\u00e9 pour maximiser l&rsquo;extraction de l&rsquo;ingr\u00e9dient actif de l&rsquo;extrait de feuille de m\u00fbrier, les chercheurs cliniques de d\u014dTERRA ont mis au point le MetaPWR Assist, intrins\u00e8quement stimulant.<\/p>\n<p>Principaux avantages<br \/>\nNe contient pas d&rsquo;OGM, de produits laitiers, de soja, de gluten, de conservateurs, d&rsquo;\u00e9dulcorants ou d&rsquo;ar\u00f4mes artificiels.<br \/>\nLes feuilles de m\u00fbrier peuvent contribuer \u00e0 maintenir l&rsquo;\u00e9quilibre m\u00e9tabolique des glucides dans l&rsquo;organisme*.<\/p>\n<p>\u00ab\u00a0MetaPWR Assist peut aider \u00e0 r\u00e9duire les fluctuations de la glyc\u00e9mie apr\u00e8s les repas. Le composant feuille de m\u00fbrier se lie aux r\u00e9cepteurs de liaison du glucose, de sorte qu&rsquo;il n&rsquo;y a plus d&rsquo;endroit o\u00f9 le glucose peut se lier, de sorte que le glucose n&rsquo;est pas lib\u00e9r\u00e9 dans la circulation sanguine aussi rapidement. *<\/p>\n","protected":false},"excerpt":{"rendered":"<p>MetaPWR Assist est un compl\u00e9ment alimentaire naturel con\u00e7u pour aider \u00e0 maintenir une glyc\u00e9mie normale peu apr\u00e8s un repas.<\/p>\n","protected":false},"featured_media":22813,"template":"","meta":{"site-sidebar-layout":"default","site-content-layout":"default","ast-site-content-layout":"default","site-content-style":"default","site-sidebar-style":"default","ast-global-header-display":"","ast-banner-title-visibility":"","ast-main-header-display":"","ast-hfb-above-header-display":"","ast-hfb-below-header-display":"","ast-hfb-mobile-header-display":"","site-post-title":"","ast-breadcrumbs-content":"","ast-featured-img":"","footer-sml-layout":"","ast-disable-related-posts":"","theme-transparent-header-meta":"default","adv-header-id-meta":"","stick-header-meta":"","header-above-stick-meta":"","header-main-stick-meta":"","header-below-stick-meta":"","astra-migrate-meta-layouts":"set","ast-page-background-enabled":"default","ast-page-background-meta":{"desktop":{"background-color":"","background-image":"","background-repeat":"repeat","background-position":"center center","background-size":"auto","background-attachment":"scroll","background-type":"","background-media":"","overlay-type":"","overlay-color":"","overlay-opacity":"","overlay-gradient":""},"tablet":{"background-color":"","background-image":"","background-repeat":"repeat","background-position":"center center","background-size":"auto","background-attachment":"scroll","background-type":"","background-media":"","overlay-type":"","overlay-color":"","overlay-opacity":"","overlay-gradient":""},"mobile":{"background-color":"","background-image":"","background-repeat":"repeat","background-position":"center center","background-size":"auto","background-attachment":"scroll","background-type":"","background-media":"","overlay-type":"","overlay-color":"","overlay-opacity":"","overlay-gradient":""}},"ast-content-background-meta":{"desktop":{"background-color":"var(--ast-global-color-5)","background-image":"","background-repeat":"repeat","background-position":"center center","background-size":"auto","background-attachment":"scroll","background-type":"","background-media":"","overlay-type":"","overlay-color":"","overlay-opacity":"","overlay-gradient":""},"tablet":{"background-color":"var(--ast-global-color-5)","background-image":"","background-repeat":"repeat","background-position":"center center","background-size":"auto","background-attachment":"scroll","background-type":"","background-media":"","overlay-type":"","overlay-color":"","overlay-opacity":"","overlay-gradient":""},"mobile":{"background-color":"var(--ast-global-color-5)","background-image":"","background-repeat":"repeat","background-position":"center center","background-size":"auto","background-attachment":"scroll","background-type":"","background-media":"","overlay-type":"","overlay-color":"","overlay-opacity":"","overlay-gradient":""}}},"product_brand":[],"product_cat":[2050,1945],"product_tag":[],"class_list":{"0":"post-22812","1":"product","2":"type-product","3":"status-publish","4":"has-post-thumbnail","6":"product_cat-digestion-fr","7":"product_cat-melanges-dhuiles-essentielles","8":"desktop-align-left","9":"tablet-align-left","10":"mobile-align-left","12":"first","13":"instock","14":"taxable","15":"shipping-taxable","16":"purchasable","17":"product-type-simple"},"_links":{"self":[{"href":"https:\/\/mamaterra.lt\/fr\/wp-json\/wp\/v2\/product\/22812","targetHints":{"allow":["GET"]}}],"collection":[{"href":"https:\/\/mamaterra.lt\/fr\/wp-json\/wp\/v2\/product"}],"about":[{"href":"https:\/\/mamaterra.lt\/fr\/wp-json\/wp\/v2\/types\/product"}],"wp:featuredmedia":[{"embeddable":true,"href":"https:\/\/mamaterra.lt\/fr\/wp-json\/wp\/v2\/media\/22813"}],"wp:attachment":[{"href":"https:\/\/mamaterra.lt\/fr\/wp-json\/wp\/v2\/media?parent=22812"}],"wp:term":[{"taxonomy":"product_brand","embeddable":true,"href":"https:\/\/mamaterra.lt\/fr\/wp-json\/wp\/v2\/product_brand?post=22812"},{"taxonomy":"product_cat","embeddable":true,"href":"https:\/\/mamaterra.lt\/fr\/wp-json\/wp\/v2\/product_cat?post=22812"},{"taxonomy":"product_tag","embeddable":true,"href":"https:\/\/mamaterra.lt\/fr\/wp-json\/wp\/v2\/product_tag?post=22812"}],"curies":[{"name":"wp","href":"https:\/\/api.w.org\/{rel}","templated":true}]}}