{"id":22787,"date":"2021-04-18T16:28:17","date_gmt":"2021-04-18T15:28:17","guid":{"rendered":"https:\/\/mamaterra.lt\/parduotuve\/non%20class\u00e9\/kardamonu-cardamon-tyras-doterra-eterinis-aliejus-5ml\/"},"modified":"2024-03-24T14:03:37","modified_gmt":"2024-03-24T13:03:37","slug":"cardamome-cardamon-huile-essentielle-doterra-pure-5ml","status":"publish","type":"product","link":"https:\/\/mamaterra.lt\/fr\/parduotuve\/huiles-essentielles\/huiles-essentielles-pures\/cardamome-cardamon-huile-essentielle-doterra-pure-5ml\/","title":{"rendered":"Cardamome (CARDAMON) Huile Essentielle doTERRA Pure 5ml"},"content":{"rendered":"<p><strong>Cardamome (CARDAMON) Huile Essentielle doTERRA Pure\u00a0<\/strong><\/p>\n<p>Elettaria cardamomum | 5ml<\/p>\n<p>&nbsp;<\/p>\n<h6>Cardamome (CARDAMON) Huile essentielle pure doTERRA Description :<\/h6>\n<p>Proche parente du gingembre, la cardamome est connue comme une \u00e9pice alimentaire pr\u00e9cieuse et poss\u00e8de de nombreuses propri\u00e9t\u00e9s b\u00e9n\u00e9fiques.<\/p>\n<p>C&rsquo;est une \u00e9pice d\u00e9licieuse pour les aliments et les p\u00e2tisseries.<br \/>\nAide \u00e0 mieux respirer<br \/>\nAide \u00e0 se d\u00e9barrasser des sensations d\u00e9sagr\u00e9ables dans l&rsquo;estomac<\/p>\n<p>&nbsp;<\/p>\n<p>Pour plus d&rsquo;informations sur l&rsquo;huile essentielle doTERRA CARDAMON, voir la vid\u00e9o ci-dessous.<\/p>\n<p><iframe title=\"C: Cardamom - doTERRA Essential Oil Uses and Benefits\" src=\"https:\/\/www.youtube.com\/embed\/1f6EQnRbr7I\" width=\"853\" height=\"480\" frameborder=\"0\" allowfullscreen=\"allowfullscreen\"><\/iframe><\/p>\n","protected":false},"excerpt":{"rendered":"<ul>\n<li>Une \u00e9pice d\u00e9licieuse pour l&rsquo;alimentation et la p\u00e2tisserie<\/li>\n<li>Aide \u00e0 mieux respirer<\/li>\n<li>Aide \u00e0 se d\u00e9barrasser des sensations d\u00e9sagr\u00e9ables dans l&rsquo;estomac<\/li>\n<\/ul>\n","protected":false},"featured_media":22788,"template":"","meta":{"site-sidebar-layout":"default","site-content-layout":"default","ast-site-content-layout":"default","site-content-style":"default","site-sidebar-style":"default","ast-global-header-display":"","ast-banner-title-visibility":"","ast-main-header-display":"","ast-hfb-above-header-display":"","ast-hfb-below-header-display":"","ast-hfb-mobile-header-display":"","site-post-title":"","ast-breadcrumbs-content":"","ast-featured-img":"","footer-sml-layout":"","ast-disable-related-posts":"","theme-transparent-header-meta":"default","adv-header-id-meta":"","stick-header-meta":"","header-above-stick-meta":"","header-main-stick-meta":"","header-below-stick-meta":"","astra-migrate-meta-layouts":"set","ast-page-background-enabled":"default","ast-page-background-meta":{"desktop":{"background-color":"","background-image":"","background-repeat":"repeat","background-position":"center center","background-size":"auto","background-attachment":"scroll","background-type":"","background-media":"","overlay-type":"","overlay-color":"","overlay-opacity":"","overlay-gradient":""},"tablet":{"background-color":"","background-image":"","background-repeat":"repeat","background-position":"center center","background-size":"auto","background-attachment":"scroll","background-type":"","background-media":"","overlay-type":"","overlay-color":"","overlay-opacity":"","overlay-gradient":""},"mobile":{"background-color":"","background-image":"","background-repeat":"repeat","background-position":"center center","background-size":"auto","background-attachment":"scroll","background-type":"","background-media":"","overlay-type":"","overlay-color":"","overlay-opacity":"","overlay-gradient":""}},"ast-content-background-meta":{"desktop":{"background-color":"var(--ast-global-color-5)","background-image":"","background-repeat":"repeat","background-position":"center center","background-size":"auto","background-attachment":"scroll","background-type":"","background-media":"","overlay-type":"","overlay-color":"","overlay-opacity":"","overlay-gradient":""},"tablet":{"background-color":"var(--ast-global-color-5)","background-image":"","background-repeat":"repeat","background-position":"center center","background-size":"auto","background-attachment":"scroll","background-type":"","background-media":"","overlay-type":"","overlay-color":"","overlay-opacity":"","overlay-gradient":""},"mobile":{"background-color":"var(--ast-global-color-5)","background-image":"","background-repeat":"repeat","background-position":"center center","background-size":"auto","background-attachment":"scroll","background-type":"","background-media":"","overlay-type":"","overlay-color":"","overlay-opacity":"","overlay-gradient":""}}},"product_brand":[],"product_cat":[2050,1940,1950],"product_tag":[2063,2919,3232],"class_list":{"0":"post-22787","1":"product","2":"type-product","3":"status-publish","4":"has-post-thumbnail","6":"product_cat-digestion-fr","7":"product_cat-huiles-essentielles","8":"product_cat-huiles-essentielles-pures","9":"product_tag-5-ml-fr","10":"product_tag-cardamon-fr","11":"product_tag-huiles-essentielles","12":"desktop-align-left","13":"tablet-align-left","14":"mobile-align-left","16":"first","17":"instock","18":"taxable","19":"shipping-taxable","20":"purchasable","21":"product-type-simple"},"_links":{"self":[{"href":"https:\/\/mamaterra.lt\/fr\/wp-json\/wp\/v2\/product\/22787","targetHints":{"allow":["GET"]}}],"collection":[{"href":"https:\/\/mamaterra.lt\/fr\/wp-json\/wp\/v2\/product"}],"about":[{"href":"https:\/\/mamaterra.lt\/fr\/wp-json\/wp\/v2\/types\/product"}],"wp:featuredmedia":[{"embeddable":true,"href":"https:\/\/mamaterra.lt\/fr\/wp-json\/wp\/v2\/media\/22788"}],"wp:attachment":[{"href":"https:\/\/mamaterra.lt\/fr\/wp-json\/wp\/v2\/media?parent=22787"}],"wp:term":[{"taxonomy":"product_brand","embeddable":true,"href":"https:\/\/mamaterra.lt\/fr\/wp-json\/wp\/v2\/product_brand?post=22787"},{"taxonomy":"product_cat","embeddable":true,"href":"https:\/\/mamaterra.lt\/fr\/wp-json\/wp\/v2\/product_cat?post=22787"},{"taxonomy":"product_tag","embeddable":true,"href":"https:\/\/mamaterra.lt\/fr\/wp-json\/wp\/v2\/product_tag?post=22787"}],"curies":[{"name":"wp","href":"https:\/\/api.w.org\/{rel}","templated":true}]}}