{"id":22737,"date":"2021-04-18T16:32:31","date_gmt":"2021-04-18T15:32:31","guid":{"rendered":"https:\/\/mamaterra.lt\/parduotuve\/non%20class\u00e9\/kvapiuju-salaviju-clary-sage-tyras-doterra-eterinis-aliejus-15ml\/"},"modified":"2024-03-24T14:16:39","modified_gmt":"2024-03-24T13:16:39","slug":"sauge-sclaree-huile-essentielle-pure-doterra-15ml","status":"publish","type":"product","link":"https:\/\/mamaterra.lt\/fr\/parduotuve\/huiles-essentielles\/huiles-essentielles-pures\/sauge-sclaree-huile-essentielle-pure-doterra-15ml\/","title":{"rendered":"Sauge sclar\u00e9e Huile essentielle pure doTERRA 15ml"},"content":{"rendered":"<p><strong>Sauge sclar\u00e9e Huile essentielle pure doTERRA\u00a0<\/strong><\/p>\n<p>Salvia sclarea | 15ml<\/p>\n<p>&nbsp;<\/p>\n<h6>Sauge sclar\u00e9e (CLARY SAGE) Huile essentielle pure doTERRA Propri\u00e9t\u00e9s g\u00e9n\u00e9rales et description :<\/h6>\n<p>La sauge sclar\u00e9e, l&rsquo;huile essentielle de sauge sclar\u00e9e est connue comme l&rsquo;huile de la jeunesse et de la beaut\u00e9 parce qu&rsquo;elle contient des phytoestrog\u00e8nes naturels qui sont capables de r\u00e9guler naturellement les niveaux d&rsquo;\u0153strog\u00e8nes dans le corps et d&rsquo;aider \u00e0 maintenir la sant\u00e9 des organes f\u00e9minins.<\/p>\n<p>Cette huile a un effet positif sur la sant\u00e9 des hommes et des femmes et poss\u00e8de d&rsquo;autres propri\u00e9t\u00e9s b\u00e9n\u00e9fiques.<\/p>\n<p>Elle att\u00e9nue les sympt\u00f4mes d\u00e9sagr\u00e9ables du syndrome pr\u00e9menstruel (gonflement, humeur changeante), a un effet positif sur les hormones, favorise le bon d\u00e9roulement du cycle menstruel, att\u00e9nue les sympt\u00f4mes de la m\u00e9nopause, soulage les bouff\u00e9es de chaleur et r\u00e9gule l&rsquo;humeur.<br \/>\nAide \u00e0 lutter contre l&rsquo;insomnie caus\u00e9e par le stress ou les changements hormonaux.<br \/>\nApporte clart\u00e9, motivation et confiance en soi.<br \/>\n\u00c9limine les pens\u00e9es parasites, ouvre l&rsquo;\u00e2me \u00e0 de nouvelles possibilit\u00e9s et exp\u00e9riences, stimule la cr\u00e9ativit\u00e9.<br \/>\nLes composants de la sauge sclar\u00e9e agissent sur la gorge et le centre de la parole dans le cerveau. Elle aide non seulement les personnes \u00e0 lib\u00e9rer leur voix, mais aussi celles qui essaient de dire quelque chose mais ne trouvent pas les mots justes.<br \/>\nElle stoppe la chute des cheveux, leur donne force, tonus et \u00e9lasticit\u00e9 et favorise leur croissance.<br \/>\nB\u00e9n\u00e9fique pour les cheveux qui se d\u00e9colorent rapidement et le cuir chevelu pelliculaire.<br \/>\nB\u00e9n\u00e9fique pour les peaux sujettes \u00e0 l&rsquo;acn\u00e9 avec de petites blessures.<br \/>\nLisse et tonifie la peau, convient aux peaux s\u00e8ches.<\/p>\n<p><iframe title=\"Calming Clary Sage - How to Use Clary Sage Essential Oil\" src=\"https:\/\/www.youtube.com\/embed\/OJAtkgzjToU\" width=\"853\" height=\"480\" frameborder=\"0\" allowfullscreen=\"allowfullscreen\"><\/iframe><\/p>\n","protected":false},"excerpt":{"rendered":"<ul>\n<li>L&rsquo;huile essentielle de sauge sclar\u00e9e est l&rsquo;ingr\u00e9dient principal du m\u00e9lange nettoyant d\u014dTERRA Clary Calm.<\/li>\n<li>Aide \u00e0 se d\u00e9tendre et \u00e0 se pr\u00e9parer \u00e0 une bonne nuit de sommeil<\/li>\n<li>Pr\u00e9serve l&rsquo;aspect sain des cheveux et du cuir chevelu<\/li>\n<\/ul>\n","protected":false},"featured_media":22738,"template":"","meta":{"site-sidebar-layout":"default","site-content-layout":"default","ast-site-content-layout":"default","site-content-style":"default","site-sidebar-style":"default","ast-global-header-display":"","ast-banner-title-visibility":"","ast-main-header-display":"","ast-hfb-above-header-display":"","ast-hfb-below-header-display":"","ast-hfb-mobile-header-display":"","site-post-title":"","ast-breadcrumbs-content":"","ast-featured-img":"","footer-sml-layout":"","ast-disable-related-posts":"","theme-transparent-header-meta":"default","adv-header-id-meta":"","stick-header-meta":"","header-above-stick-meta":"","header-main-stick-meta":"","header-below-stick-meta":"","astra-migrate-meta-layouts":"set","ast-page-background-enabled":"default","ast-page-background-meta":{"desktop":{"background-color":"","background-image":"","background-repeat":"repeat","background-position":"center center","background-size":"auto","background-attachment":"scroll","background-type":"","background-media":"","overlay-type":"","overlay-color":"","overlay-opacity":"","overlay-gradient":""},"tablet":{"background-color":"","background-image":"","background-repeat":"repeat","background-position":"center center","background-size":"auto","background-attachment":"scroll","background-type":"","background-media":"","overlay-type":"","overlay-color":"","overlay-opacity":"","overlay-gradient":""},"mobile":{"background-color":"","background-image":"","background-repeat":"repeat","background-position":"center center","background-size":"auto","background-attachment":"scroll","background-type":"","background-media":"","overlay-type":"","overlay-color":"","overlay-opacity":"","overlay-gradient":""}},"ast-content-background-meta":{"desktop":{"background-color":"var(--ast-global-color-5)","background-image":"","background-repeat":"repeat","background-position":"center center","background-size":"auto","background-attachment":"scroll","background-type":"","background-media":"","overlay-type":"","overlay-color":"","overlay-opacity":"","overlay-gradient":""},"tablet":{"background-color":"var(--ast-global-color-5)","background-image":"","background-repeat":"repeat","background-position":"center center","background-size":"auto","background-attachment":"scroll","background-type":"","background-media":"","overlay-type":"","overlay-color":"","overlay-opacity":"","overlay-gradient":""},"mobile":{"background-color":"var(--ast-global-color-5)","background-image":"","background-repeat":"repeat","background-position":"center center","background-size":"auto","background-attachment":"scroll","background-type":"","background-media":"","overlay-type":"","overlay-color":"","overlay-opacity":"","overlay-gradient":""}}},"product_brand":[],"product_cat":[2005,1940,1950,2040,2010],"product_tag":[2094,2857,3232],"class_list":{"0":"post-22737","1":"product","2":"type-product","3":"status-publish","4":"has-post-thumbnail","6":"product_cat-dormir-fr","7":"product_cat-huiles-essentielles","8":"product_cat-huiles-essentielles-pures","9":"product_cat-la-gestion-du-stress","10":"product_cat-pour-femme","11":"product_tag-15-ml-fr","12":"product_tag-clary-sage-fr","13":"product_tag-huiles-essentielles","14":"desktop-align-left","15":"tablet-align-left","16":"mobile-align-left","18":"first","19":"instock","20":"taxable","21":"shipping-taxable","22":"purchasable","23":"product-type-simple"},"_links":{"self":[{"href":"https:\/\/mamaterra.lt\/fr\/wp-json\/wp\/v2\/product\/22737","targetHints":{"allow":["GET"]}}],"collection":[{"href":"https:\/\/mamaterra.lt\/fr\/wp-json\/wp\/v2\/product"}],"about":[{"href":"https:\/\/mamaterra.lt\/fr\/wp-json\/wp\/v2\/types\/product"}],"wp:featuredmedia":[{"embeddable":true,"href":"https:\/\/mamaterra.lt\/fr\/wp-json\/wp\/v2\/media\/22738"}],"wp:attachment":[{"href":"https:\/\/mamaterra.lt\/fr\/wp-json\/wp\/v2\/media?parent=22737"}],"wp:term":[{"taxonomy":"product_brand","embeddable":true,"href":"https:\/\/mamaterra.lt\/fr\/wp-json\/wp\/v2\/product_brand?post=22737"},{"taxonomy":"product_cat","embeddable":true,"href":"https:\/\/mamaterra.lt\/fr\/wp-json\/wp\/v2\/product_cat?post=22737"},{"taxonomy":"product_tag","embeddable":true,"href":"https:\/\/mamaterra.lt\/fr\/wp-json\/wp\/v2\/product_tag?post=22737"}],"curies":[{"name":"wp","href":"https:\/\/api.w.org\/{rel}","templated":true}]}}