{"id":22697,"date":"2021-04-18T16:48:46","date_gmt":"2021-04-18T15:48:46","guid":{"rendered":"https:\/\/mamaterra.lt\/parduotuve\/non%20class\u00e9\/sibiriniu-keniu-siberian-fir-tyras-doterra-eterinis-aliejus-15ml\/"},"modified":"2024-03-22T21:06:03","modified_gmt":"2024-03-22T20:06:03","slug":"siberian-fir-sapin-de-siberie-huile-essentielle-pure-doterra-15ml","status":"publish","type":"product","link":"https:\/\/mamaterra.lt\/fr\/parduotuve\/huiles-essentielles\/huiles-essentielles-pures\/siberian-fir-sapin-de-siberie-huile-essentielle-pure-doterra-15ml\/","title":{"rendered":"(SIBERIAN FIR) Sapin de Sib\u00e9rie Huile Essentielle Pure doTERRA 15ml"},"content":{"rendered":"<h6 style=\"text-align: left;\">\u00a0(SIBERIAN FIR) Sapin de Sib\u00e9rie Huile Essentielle Pure doTERRA<\/h6>\n<p style=\"text-align: left;\">Abies sibirca | 15ml<\/p>\n<p>&nbsp;<\/p>\n<p>Sapin de Sib\u00e9rie Tyro huile essentielle doTERRA Description :<\/p>\n<p>Avec un ar\u00f4me frais et bois\u00e9, l&rsquo;huile essentielle de sapin de Sib\u00e9rie peut aider \u00e0 apporter un sentiment d&rsquo;\u00e9quilibre \u00e9motionnel et un sentiment de positivit\u00e9.<\/p>\n<p>Utilis\u00e9e en massage, elle soulage la douleur.<br \/>\nAppliqu\u00e9e sur la peau, elle apaise les petites irritations cutan\u00e9es.<br \/>\nElle soulage les douleurs corporelles et musculaires.<\/p>\n<p>&nbsp;<\/p>\n<p>Pour plus d&rsquo;informations sur l&rsquo;huile essentielle de sapin de Sib\u00e9rie doTERRA, regardez la vid\u00e9o ci-dessous.<\/p>\n<p><iframe title=\"What is Siberian Fir Essential Oil Good For?\" src=\"https:\/\/www.youtube.com\/embed\/6PLm6cX6JEU\" width=\"853\" height=\"480\" frameborder=\"0\" allowfullscreen=\"allowfullscreen\"><\/iframe><\/p>\n","protected":false},"excerpt":{"rendered":"<ul>\n<li style=\"text-align: left;\">Le sapin de Sib\u00e9rie peut \u00eatre tr\u00e8s apaisant pour la peau, ce qui en fait une huile essentielle id\u00e9ale \u00e0 inclure dans un massage r\u00e9confortant.<\/li>\n<li style=\"text-align: left;\">Le sapin de Sib\u00e9rie peut favoriser une respiration ais\u00e9e, tout en calmant les \u00e9motions et en procurant un effet d&rsquo;ancrage.<\/li>\n<\/ul>\n","protected":false},"featured_media":22698,"template":"","meta":{"site-sidebar-layout":"default","site-content-layout":"default","ast-site-content-layout":"default","site-content-style":"default","site-sidebar-style":"default","ast-global-header-display":"","ast-banner-title-visibility":"","ast-main-header-display":"","ast-hfb-above-header-display":"","ast-hfb-below-header-display":"","ast-hfb-mobile-header-display":"","site-post-title":"","ast-breadcrumbs-content":"","ast-featured-img":"","footer-sml-layout":"","ast-disable-related-posts":"","theme-transparent-header-meta":"default","adv-header-id-meta":"","stick-header-meta":"","header-above-stick-meta":"","header-main-stick-meta":"","header-below-stick-meta":"","astra-migrate-meta-layouts":"set","ast-page-background-enabled":"default","ast-page-background-meta":{"desktop":{"background-color":"","background-image":"","background-repeat":"repeat","background-position":"center center","background-size":"auto","background-attachment":"scroll","background-type":"","background-media":"","overlay-type":"","overlay-color":"","overlay-opacity":"","overlay-gradient":""},"tablet":{"background-color":"","background-image":"","background-repeat":"repeat","background-position":"center center","background-size":"auto","background-attachment":"scroll","background-type":"","background-media":"","overlay-type":"","overlay-color":"","overlay-opacity":"","overlay-gradient":""},"mobile":{"background-color":"","background-image":"","background-repeat":"repeat","background-position":"center center","background-size":"auto","background-attachment":"scroll","background-type":"","background-media":"","overlay-type":"","overlay-color":"","overlay-opacity":"","overlay-gradient":""}},"ast-content-background-meta":{"desktop":{"background-color":"var(--ast-global-color-5)","background-image":"","background-repeat":"repeat","background-position":"center center","background-size":"auto","background-attachment":"scroll","background-type":"","background-media":"","overlay-type":"","overlay-color":"","overlay-opacity":"","overlay-gradient":""},"tablet":{"background-color":"var(--ast-global-color-5)","background-image":"","background-repeat":"repeat","background-position":"center center","background-size":"auto","background-attachment":"scroll","background-type":"","background-media":"","overlay-type":"","overlay-color":"","overlay-opacity":"","overlay-gradient":""},"mobile":{"background-color":"var(--ast-global-color-5)","background-image":"","background-repeat":"repeat","background-position":"center center","background-size":"auto","background-attachment":"scroll","background-type":"","background-media":"","overlay-type":"","overlay-color":"","overlay-opacity":"","overlay-gradient":""}}},"product_brand":[],"product_cat":[1940,1950,2045],"product_tag":[2094,3232,2366],"class_list":{"0":"post-22697","1":"product","2":"type-product","3":"status-publish","4":"has-post-thumbnail","6":"product_cat-huiles-essentielles","7":"product_cat-huiles-essentielles-pures","8":"product_cat-pour-les-enfants","9":"product_tag-15-ml-fr","10":"product_tag-huiles-essentielles","11":"product_tag-siberian-fir-fr","12":"desktop-align-left","13":"tablet-align-left","14":"mobile-align-left","16":"first","17":"instock","18":"taxable","19":"shipping-taxable","20":"purchasable","21":"product-type-simple"},"_links":{"self":[{"href":"https:\/\/mamaterra.lt\/fr\/wp-json\/wp\/v2\/product\/22697","targetHints":{"allow":["GET"]}}],"collection":[{"href":"https:\/\/mamaterra.lt\/fr\/wp-json\/wp\/v2\/product"}],"about":[{"href":"https:\/\/mamaterra.lt\/fr\/wp-json\/wp\/v2\/types\/product"}],"wp:featuredmedia":[{"embeddable":true,"href":"https:\/\/mamaterra.lt\/fr\/wp-json\/wp\/v2\/media\/22698"}],"wp:attachment":[{"href":"https:\/\/mamaterra.lt\/fr\/wp-json\/wp\/v2\/media?parent=22697"}],"wp:term":[{"taxonomy":"product_brand","embeddable":true,"href":"https:\/\/mamaterra.lt\/fr\/wp-json\/wp\/v2\/product_brand?post=22697"},{"taxonomy":"product_cat","embeddable":true,"href":"https:\/\/mamaterra.lt\/fr\/wp-json\/wp\/v2\/product_cat?post=22697"},{"taxonomy":"product_tag","embeddable":true,"href":"https:\/\/mamaterra.lt\/fr\/wp-json\/wp\/v2\/product_tag?post=22697"}],"curies":[{"name":"wp","href":"https:\/\/api.w.org\/{rel}","templated":true}]}}