{"id":22683,"date":"2021-04-18T16:29:17","date_gmt":"2021-04-18T15:29:17","guid":{"rendered":"https:\/\/mamaterra.lt\/parduotuve\/non%20class\u00e9\/kedru-cedarwood-tyras-doterra-eterinis-aliejus-15ml\/"},"modified":"2024-03-22T20:54:09","modified_gmt":"2024-03-22T19:54:09","slug":"bois-de-cedre-huile-essentielle-doterra-15ml","status":"publish","type":"product","link":"https:\/\/mamaterra.lt\/fr\/parduotuve\/huiles-essentielles\/huiles-essentielles-pures\/bois-de-cedre-huile-essentielle-doterra-15ml\/","title":{"rendered":"Bois de c\u00e8dre Huile essentielle doTERRA 15ml"},"content":{"rendered":"<h6>Bois de c\u00e8dre Huile essentielle doTERRA<\/h6>\n<p>Juniperus virginiana | 15ml<\/p>\n<p>&nbsp;<\/p>\n<p>Connue pour sa teinte riche et son parfum chaud et bois\u00e9, l&rsquo;huile essentielle de bois de c\u00e8dre offre une myriade de bienfaits pour la peau. Le bois de c\u00e8dre est consid\u00e9r\u00e9 comme l&rsquo;une des huiles les plus ancr\u00e9es dans le sol et contribue \u00e0 cr\u00e9er un environnement apaisant \u00e0 la fin d&rsquo;une longue journ\u00e9e. Il est originaire des climats froids, prosp\u00e8re en haute altitude et pousse jusqu&rsquo;\u00e0 30 m. En application topique, le bois de c\u00e8dre a des propri\u00e9t\u00e9s clarifiantes. En outre, le bois de c\u00e8dre est fr\u00e9quemment utilis\u00e9 dans les massages th\u00e9rapeutiques pour d\u00e9tendre et apaiser le corps et l&rsquo;esprit.<\/p>\n<p><iframe title=\"Cedarwood Essential Oil Uses and Benefits\" src=\"https:\/\/www.youtube.com\/embed\/pvOl8TT64Js\" width=\"853\" height=\"480\" frameborder=\"0\" allowfullscreen=\"allowfullscreen\"><\/iframe><\/p>\n","protected":false},"excerpt":{"rendered":"<ul>\n<li>Connue pour sa teinte riche et son parfum chaud et bois\u00e9, l&rsquo;huile essentielle de bois de c\u00e8dre offre une myriade de bienfaits pour la peau. Le bois de c\u00e8dre est consid\u00e9r\u00e9 comme l&rsquo;une des huiles les plus ancr\u00e9es dans le sol et contribue \u00e0 cr\u00e9er un environnement apaisant \u00e0 la fin d&rsquo;une longue journ\u00e9e.<\/li>\n<\/ul>\n","protected":false},"featured_media":22684,"template":"","meta":{"site-sidebar-layout":"default","site-content-layout":"default","ast-site-content-layout":"default","site-content-style":"default","site-sidebar-style":"default","ast-global-header-display":"","ast-banner-title-visibility":"","ast-main-header-display":"","ast-hfb-above-header-display":"","ast-hfb-below-header-display":"","ast-hfb-mobile-header-display":"","site-post-title":"","ast-breadcrumbs-content":"","ast-featured-img":"","footer-sml-layout":"","ast-disable-related-posts":"","theme-transparent-header-meta":"default","adv-header-id-meta":"","stick-header-meta":"","header-above-stick-meta":"","header-main-stick-meta":"","header-below-stick-meta":"","astra-migrate-meta-layouts":"set","ast-page-background-enabled":"default","ast-page-background-meta":{"desktop":{"background-color":"","background-image":"","background-repeat":"repeat","background-position":"center center","background-size":"auto","background-attachment":"scroll","background-type":"","background-media":"","overlay-type":"","overlay-color":"","overlay-opacity":"","overlay-gradient":""},"tablet":{"background-color":"","background-image":"","background-repeat":"repeat","background-position":"center center","background-size":"auto","background-attachment":"scroll","background-type":"","background-media":"","overlay-type":"","overlay-color":"","overlay-opacity":"","overlay-gradient":""},"mobile":{"background-color":"","background-image":"","background-repeat":"repeat","background-position":"center center","background-size":"auto","background-attachment":"scroll","background-type":"","background-media":"","overlay-type":"","overlay-color":"","overlay-opacity":"","overlay-gradient":""}},"ast-content-background-meta":{"desktop":{"background-color":"var(--ast-global-color-5)","background-image":"","background-repeat":"repeat","background-position":"center center","background-size":"auto","background-attachment":"scroll","background-type":"","background-media":"","overlay-type":"","overlay-color":"","overlay-opacity":"","overlay-gradient":""},"tablet":{"background-color":"var(--ast-global-color-5)","background-image":"","background-repeat":"repeat","background-position":"center center","background-size":"auto","background-attachment":"scroll","background-type":"","background-media":"","overlay-type":"","overlay-color":"","overlay-opacity":"","overlay-gradient":""},"mobile":{"background-color":"var(--ast-global-color-5)","background-image":"","background-repeat":"repeat","background-position":"center center","background-size":"auto","background-attachment":"scroll","background-type":"","background-media":"","overlay-type":"","overlay-color":"","overlay-opacity":"","overlay-gradient":""}}},"product_brand":[],"product_cat":[2013,2005,1940,1950,1960,2000,2045],"product_tag":[2094,2912,3232],"class_list":{"0":"post-22683","1":"product","2":"type-product","3":"status-publish","4":"has-post-thumbnail","6":"product_cat-contre-les-moustiques-et-les-tiques","7":"product_cat-dormir-fr","8":"product_cat-huiles-essentielles","9":"product_cat-huiles-essentielles-pures","10":"product_cat-hygiene-et-soins-de-la-peau","11":"product_cat-massage-fr","12":"product_cat-pour-les-enfants","13":"product_tag-15-ml-fr","14":"product_tag-cedarwood-fr","15":"product_tag-huiles-essentielles","16":"desktop-align-left","17":"tablet-align-left","18":"mobile-align-left","20":"first","21":"instock","22":"taxable","23":"shipping-taxable","24":"purchasable","25":"product-type-simple"},"_links":{"self":[{"href":"https:\/\/mamaterra.lt\/fr\/wp-json\/wp\/v2\/product\/22683","targetHints":{"allow":["GET"]}}],"collection":[{"href":"https:\/\/mamaterra.lt\/fr\/wp-json\/wp\/v2\/product"}],"about":[{"href":"https:\/\/mamaterra.lt\/fr\/wp-json\/wp\/v2\/types\/product"}],"wp:featuredmedia":[{"embeddable":true,"href":"https:\/\/mamaterra.lt\/fr\/wp-json\/wp\/v2\/media\/22684"}],"wp:attachment":[{"href":"https:\/\/mamaterra.lt\/fr\/wp-json\/wp\/v2\/media?parent=22683"}],"wp:term":[{"taxonomy":"product_brand","embeddable":true,"href":"https:\/\/mamaterra.lt\/fr\/wp-json\/wp\/v2\/product_brand?post=22683"},{"taxonomy":"product_cat","embeddable":true,"href":"https:\/\/mamaterra.lt\/fr\/wp-json\/wp\/v2\/product_cat?post=22683"},{"taxonomy":"product_tag","embeddable":true,"href":"https:\/\/mamaterra.lt\/fr\/wp-json\/wp\/v2\/product_tag?post=22683"}],"curies":[{"name":"wp","href":"https:\/\/api.w.org\/{rel}","templated":true}]}}