{"id":22662,"date":"2021-04-18T16:33:36","date_gmt":"2021-04-18T15:33:36","guid":{"rendered":"https:\/\/mamaterra.lt\/parduotuve\/non%20class\u00e9\/kopaliu-copaiba-tyras-doterra-eterinis-aliejus-15ml\/"},"modified":"2024-03-22T20:19:59","modified_gmt":"2024-03-22T19:19:59","slug":"copaiba-huile-essentielle-doterra-pure-15ml","status":"publish","type":"product","link":"https:\/\/mamaterra.lt\/fr\/parduotuve\/huiles-essentielles\/huiles-essentielles-pures\/copaiba-huile-essentielle-doterra-pure-15ml\/","title":{"rendered":"COPAIBA Huile essentielle doTERRA pure 15ml"},"content":{"rendered":"<h6>COPAIBA Huile essentielle doTERRA pure<\/h6>\n<p>Copaifera reticulata, officinalis, coriacea, langsdorffii | 15ml<\/p>\n<p>&nbsp;<\/p>\n<p>L&rsquo;huile essentielle de copaiba provient d&rsquo;un arbre tropical parfum\u00e9 originaire d&rsquo;Am\u00e9rique du Sud. Depuis le XVIe si\u00e8cle, l&rsquo;huile essentielle de copaiba est utilis\u00e9e dans les pratiques de sant\u00e9 traditionnelles par les indig\u00e8nes du nord et du nord-est du Br\u00e9sil. L&rsquo;huile de copaiba est largement utilis\u00e9e dans les produits cosm\u00e9tiques, notamment les savons, les cr\u00e8mes, les lotions et les parfums, en raison de sa capacit\u00e9 \u00e0 apaiser la peau. Appliqu\u00e9e par voie topique, combin\u00e9e \u00e0 une huile de support ou \u00e0 une cr\u00e8me hydratante pour le visage, elle contribue \u00e0 donner \u00e0 la peau une apparence saine.<\/p>\n<p><iframe title=\"Discovering Copaiba Oil: Learn More About the Benefits of doTERRA Copaiba Essential Oil\" src=\"https:\/\/www.youtube.com\/embed\/VtQtsM4qs-0\" width=\"853\" height=\"480\" frameborder=\"0\" allowfullscreen=\"allowfullscreen\"><\/iframe><\/p>\n","protected":false},"excerpt":{"rendered":"<ul>\n<li>Consid\u00e9r\u00e9e comme l&rsquo;une des huiles essentielles les plus utiles, elle a d&rsquo;innombrables applications et bienfaits.<\/li>\n<li>Huile polyvalente, Copaiba peut \u00eatre utilis\u00e9e par voie topique.<\/li>\n<li>Parfum bois\u00e9, r\u00e9sineux et terreux.<\/li>\n<li>Elle peut \u00eatre associ\u00e9e \u00e0 une huile de support ou \u00e0 un hydratant pour le visage afin de favoriser une peau d&rsquo;apparence saine.<\/li>\n<\/ul>\n","protected":false},"featured_media":22663,"template":"","meta":{"site-sidebar-layout":"default","site-content-layout":"default","ast-site-content-layout":"default","site-content-style":"default","site-sidebar-style":"default","ast-global-header-display":"","ast-banner-title-visibility":"","ast-main-header-display":"","ast-hfb-above-header-display":"","ast-hfb-below-header-display":"","ast-hfb-mobile-header-display":"","site-post-title":"","ast-breadcrumbs-content":"","ast-featured-img":"","footer-sml-layout":"","ast-disable-related-posts":"","theme-transparent-header-meta":"default","adv-header-id-meta":"","stick-header-meta":"","header-above-stick-meta":"","header-main-stick-meta":"","header-below-stick-meta":"","astra-migrate-meta-layouts":"set","ast-page-background-enabled":"default","ast-page-background-meta":{"desktop":{"background-color":"","background-image":"","background-repeat":"repeat","background-position":"center center","background-size":"auto","background-attachment":"scroll","background-type":"","background-media":"","overlay-type":"","overlay-color":"","overlay-opacity":"","overlay-gradient":""},"tablet":{"background-color":"","background-image":"","background-repeat":"repeat","background-position":"center center","background-size":"auto","background-attachment":"scroll","background-type":"","background-media":"","overlay-type":"","overlay-color":"","overlay-opacity":"","overlay-gradient":""},"mobile":{"background-color":"","background-image":"","background-repeat":"repeat","background-position":"center center","background-size":"auto","background-attachment":"scroll","background-type":"","background-media":"","overlay-type":"","overlay-color":"","overlay-opacity":"","overlay-gradient":""}},"ast-content-background-meta":{"desktop":{"background-color":"var(--ast-global-color-5)","background-image":"","background-repeat":"repeat","background-position":"center center","background-size":"auto","background-attachment":"scroll","background-type":"","background-media":"","overlay-type":"","overlay-color":"","overlay-opacity":"","overlay-gradient":""},"tablet":{"background-color":"var(--ast-global-color-5)","background-image":"","background-repeat":"repeat","background-position":"center center","background-size":"auto","background-attachment":"scroll","background-type":"","background-media":"","overlay-type":"","overlay-color":"","overlay-opacity":"","overlay-gradient":""},"mobile":{"background-color":"var(--ast-global-color-5)","background-image":"","background-repeat":"repeat","background-position":"center center","background-size":"auto","background-attachment":"scroll","background-type":"","background-media":"","overlay-type":"","overlay-color":"","overlay-opacity":"","overlay-gradient":""}}},"product_brand":[],"product_cat":[2050,2005,1940,1950,2040,2000],"product_tag":[2094,2846,3232,3292],"class_list":{"0":"post-22662","1":"product","2":"type-product","3":"status-publish","4":"has-post-thumbnail","6":"product_cat-digestion-fr","7":"product_cat-dormir-fr","8":"product_cat-huiles-essentielles","9":"product_cat-huiles-essentielles-pures","10":"product_cat-la-gestion-du-stress","11":"product_cat-massage-fr","12":"product_tag-15-ml-fr","13":"product_tag-copaiba-fr","14":"product_tag-huiles-essentielles","15":"product_tag-populaire","16":"desktop-align-left","17":"tablet-align-left","18":"mobile-align-left","20":"first","21":"instock","22":"featured","23":"taxable","24":"shipping-taxable","25":"purchasable","26":"product-type-simple"},"_links":{"self":[{"href":"https:\/\/mamaterra.lt\/fr\/wp-json\/wp\/v2\/product\/22662","targetHints":{"allow":["GET"]}}],"collection":[{"href":"https:\/\/mamaterra.lt\/fr\/wp-json\/wp\/v2\/product"}],"about":[{"href":"https:\/\/mamaterra.lt\/fr\/wp-json\/wp\/v2\/types\/product"}],"wp:featuredmedia":[{"embeddable":true,"href":"https:\/\/mamaterra.lt\/fr\/wp-json\/wp\/v2\/media\/22663"}],"wp:attachment":[{"href":"https:\/\/mamaterra.lt\/fr\/wp-json\/wp\/v2\/media?parent=22662"}],"wp:term":[{"taxonomy":"product_brand","embeddable":true,"href":"https:\/\/mamaterra.lt\/fr\/wp-json\/wp\/v2\/product_brand?post=22662"},{"taxonomy":"product_cat","embeddable":true,"href":"https:\/\/mamaterra.lt\/fr\/wp-json\/wp\/v2\/product_cat?post=22662"},{"taxonomy":"product_tag","embeddable":true,"href":"https:\/\/mamaterra.lt\/fr\/wp-json\/wp\/v2\/product_tag?post=22662"}],"curies":[{"name":"wp","href":"https:\/\/api.w.org\/{rel}","templated":true}]}}