{"id":22641,"date":"2021-09-11T13:04:35","date_gmt":"2021-09-11T12:04:35","guid":{"rendered":"https:\/\/mamaterra.lt\/parduotuve\/non%20class\u00e9\/doterra-tamer-eteriniu-alieju-misinys-10ml\/"},"modified":"2024-03-18T21:00:26","modified_gmt":"2024-03-18T20:00:26","slug":"doterra-tamer-melange-dhuiles-essentielles-pour-la-digestion-10ml","status":"publish","type":"product","link":"https:\/\/mamaterra.lt\/fr\/parduotuve\/huiles-essentielles\/melanges-dhuiles-essentielles\/doterra-tamer-melange-dhuiles-essentielles-pour-la-digestion-10ml\/","title":{"rendered":"doTERRA Tamer\u2122 M\u00e9lange d&rsquo;huiles essentielles pour la digestion 10ml"},"content":{"rendered":"<h6>doTERRA Tamer\u2122 M\u00e9lange d&rsquo;huiles essentielles pour la digestion<\/h6>\n<p>Flacon de 10 ml avec applicateur \u00e0 bille<\/p>\n<p>&nbsp;<\/p>\n<p>Le m\u00e9lange Tamer combine les propri\u00e9t\u00e9s b\u00e9n\u00e9fiques uniques des huiles essentielles CPTG telles que la menthe verte, la menthe poivr\u00e9e japonaise et le gingembre avec l&rsquo;huile de noix de coco fractionn\u00e9e doTERRA. Utilis\u00e9es ensemble, ces huiles procurent une sensation de l\u00e9g\u00e8ret\u00e9 apr\u00e8s un repas copieux.<\/p>\n<p>Propri\u00e9t\u00e9s g\u00e9n\u00e9rales du m\u00e9lange d&rsquo;huiles essentielles doTERRA Tamer\u2122 :<\/p>\n<p>Ar\u00f4me apaisant pour vous aider \u00e0 vous sentir mieux quand vous en avez le plus besoin.<br \/>\nPermet de profiter d&rsquo;un massage abdominal apaisant.<br \/>\nDilu\u00e9 avec de l&rsquo;huile de noix de coco fractionn\u00e9e doTERRA, id\u00e9al pour les enfants et les personnes \u00e0 la peau sensible.<br \/>\nL&rsquo;applicateur \u00e0 bille pratique permet d&rsquo;appliquer facilement le m\u00e9lange sur les zones \u00e0 probl\u00e8mes.<\/p>\n<p>&nbsp;<\/p>\n<p>Regardez la vid\u00e9o sur le m\u00e9lange d&rsquo;huiles essentielles doTERRA Tamer\u2122.<\/p>\n<p><iframe title=\"NEW doTERRA Tamer\u2122 Essential Oil for KIDS\" src=\"https:\/\/www.youtube.com\/embed\/5TQ5R2oOUYU\" width=\"946\" height=\"532\" frameborder=\"0\" allowfullscreen=\"allowfullscreen\"><\/iframe><\/p>\n","protected":false},"excerpt":{"rendered":"<ul>\n<li>Ar\u00f4me apaisant pour vous aider \u00e0 vous sentir mieux quand vous en avez le plus besoin.<\/li>\n<li>Permet de profiter d&rsquo;un massage abdominal apaisant.<\/li>\n<li>Dilu\u00e9 avec de l&rsquo;huile de noix de coco fractionn\u00e9e doTERRA, id\u00e9al pour les enfants et les personnes \u00e0 la peau sensible.<\/li>\n<li>L&rsquo;applicateur \u00e0 bille pratique permet d&rsquo;appliquer facilement le m\u00e9lange sur les zones \u00e0 probl\u00e8mes.<\/li>\n<\/ul>\n","protected":false},"featured_media":22642,"template":"","meta":{"site-sidebar-layout":"default","site-content-layout":"default","ast-site-content-layout":"default","site-content-style":"default","site-sidebar-style":"default","ast-global-header-display":"","ast-banner-title-visibility":"","ast-main-header-display":"","ast-hfb-above-header-display":"","ast-hfb-below-header-display":"","ast-hfb-mobile-header-display":"","site-post-title":"","ast-breadcrumbs-content":"","ast-featured-img":"","footer-sml-layout":"","ast-disable-related-posts":"","theme-transparent-header-meta":"default","adv-header-id-meta":"","stick-header-meta":"","header-above-stick-meta":"","header-main-stick-meta":"","header-below-stick-meta":"","astra-migrate-meta-layouts":"set","ast-page-background-enabled":"default","ast-page-background-meta":{"desktop":{"background-color":"","background-image":"","background-repeat":"repeat","background-position":"center center","background-size":"auto","background-attachment":"scroll","background-type":"","background-media":"","overlay-type":"","overlay-color":"","overlay-opacity":"","overlay-gradient":""},"tablet":{"background-color":"","background-image":"","background-repeat":"repeat","background-position":"center center","background-size":"auto","background-attachment":"scroll","background-type":"","background-media":"","overlay-type":"","overlay-color":"","overlay-opacity":"","overlay-gradient":""},"mobile":{"background-color":"","background-image":"","background-repeat":"repeat","background-position":"center center","background-size":"auto","background-attachment":"scroll","background-type":"","background-media":"","overlay-type":"","overlay-color":"","overlay-opacity":"","overlay-gradient":""}},"ast-content-background-meta":{"desktop":{"background-color":"var(--ast-global-color-5)","background-image":"","background-repeat":"repeat","background-position":"center center","background-size":"auto","background-attachment":"scroll","background-type":"","background-media":"","overlay-type":"","overlay-color":"","overlay-opacity":"","overlay-gradient":""},"tablet":{"background-color":"var(--ast-global-color-5)","background-image":"","background-repeat":"repeat","background-position":"center center","background-size":"auto","background-attachment":"scroll","background-type":"","background-media":"","overlay-type":"","overlay-color":"","overlay-opacity":"","overlay-gradient":""},"mobile":{"background-color":"var(--ast-global-color-5)","background-image":"","background-repeat":"repeat","background-position":"center center","background-size":"auto","background-attachment":"scroll","background-type":"","background-media":"","overlay-type":"","overlay-color":"","overlay-opacity":"","overlay-gradient":""}}},"product_brand":[],"product_cat":[2050,1945,2045],"product_tag":[2079,3237,3347,2387],"class_list":{"0":"post-22641","1":"product","2":"type-product","3":"status-publish","4":"has-post-thumbnail","6":"product_cat-digestion-fr","7":"product_cat-melanges-dhuiles-essentielles","8":"product_cat-pour-les-enfants","9":"product_tag-10-ml-fr","10":"product_tag-melanges-dhuiles-essentielles","11":"product_tag-pour-les-enfants","12":"product_tag-tamer-fr","13":"desktop-align-left","14":"tablet-align-left","15":"mobile-align-left","17":"first","18":"instock","19":"taxable","20":"shipping-taxable","21":"purchasable","22":"product-type-simple"},"_links":{"self":[{"href":"https:\/\/mamaterra.lt\/fr\/wp-json\/wp\/v2\/product\/22641","targetHints":{"allow":["GET"]}}],"collection":[{"href":"https:\/\/mamaterra.lt\/fr\/wp-json\/wp\/v2\/product"}],"about":[{"href":"https:\/\/mamaterra.lt\/fr\/wp-json\/wp\/v2\/types\/product"}],"wp:featuredmedia":[{"embeddable":true,"href":"https:\/\/mamaterra.lt\/fr\/wp-json\/wp\/v2\/media\/22642"}],"wp:attachment":[{"href":"https:\/\/mamaterra.lt\/fr\/wp-json\/wp\/v2\/media?parent=22641"}],"wp:term":[{"taxonomy":"product_brand","embeddable":true,"href":"https:\/\/mamaterra.lt\/fr\/wp-json\/wp\/v2\/product_brand?post=22641"},{"taxonomy":"product_cat","embeddable":true,"href":"https:\/\/mamaterra.lt\/fr\/wp-json\/wp\/v2\/product_cat?post=22641"},{"taxonomy":"product_tag","embeddable":true,"href":"https:\/\/mamaterra.lt\/fr\/wp-json\/wp\/v2\/product_tag?post=22641"}],"curies":[{"name":"wp","href":"https:\/\/api.w.org\/{rel}","templated":true}]}}