{"id":22628,"date":"2021-11-04T19:34:51","date_gmt":"2021-11-04T18:34:51","guid":{"rendered":"https:\/\/mamaterra.lt\/parduotuve\/non%20class\u00e9\/lumo-difuzorius-ir-doterra-serenity-eteriniu-alieju-misinys-15ml\/"},"modified":"2024-03-17T22:01:55","modified_gmt":"2024-03-17T21:01:55","slug":"diffuseur-lumo-et-doterra-serenity-melange-dhuiles-essentielles-15ml","status":"publish","type":"product","link":"https:\/\/mamaterra.lt\/fr\/parduotuve\/huiles-essentielles\/melanges-dhuiles-essentielles\/diffuseur-lumo-et-doterra-serenity-melange-dhuiles-essentielles-15ml\/","title":{"rendered":"Diffuseur Lumo et doTERRA Serenity\u2122 M\u00e9lange d&rsquo;huiles essentielles 15ml"},"content":{"rendered":"<p><strong>Diffuseur Lumo et doTERRA Serenity\u2122 M\u00e9lange d&rsquo;huiles essentielles 15ml<\/strong><\/p>\n<p>&nbsp;<\/p>\n<p>Diffuseur doTERRA Lumo<\/p>\n<p>Inspir\u00e9 par la nature, le diffuseur Lumo pr\u00e9sente une base en bois d&rsquo;\u00e9rable et plusieurs r\u00e9glages de lumi\u00e8re inspir\u00e9s des \u00e9l\u00e9ments naturels. Il dispose de modes continus de 2 et 5 heures et intermittents de 10 heures (5 min de soufflage, 5 min sans soufflage).<\/p>\n<p>Comme les autres diffuseurs doTERRA, le diffuseur Lumo est un diffuseur ultrasonique. Les diffuseurs ultrasoniques utilisent de l&rsquo;eau et des fr\u00e9quences \u00e9lectroniques pour cr\u00e9er une fine brume d&rsquo;huile essentielle et d&rsquo;eau. Les vibrations ultrasoniques cr\u00e9ent un petit disque sous la surface de l&rsquo;eau, qui d\u00e9compose l&rsquo;huile essentielle en minuscules microparticules plus faciles \u00e0 absorber par le corps.<\/p>\n<p>Id\u00e9al pour une pi\u00e8ce de 25 m\u00e8tres carr\u00e9s maximum.<br \/>\ndoTERRA Serenity est un m\u00e9lange d&rsquo;huiles essentielles apaisantes qui vous aide \u00e0 oublier vos soucis et \u00e0 vous d\u00e9tendre avant de vous coucher.<br \/>\nCes deux produits sont indispensables dans la maison moderne tout au long de l&rsquo;ann\u00e9e.<br \/>\nLe m\u00e9lange d&rsquo;huiles essentielles Serenity favorise l&rsquo;\u00e9vacuation du stress, de l&rsquo;anxi\u00e9t\u00e9 et du surmenage.<br \/>\nSerenity peut aider ceux qui souffrent d&rsquo;hyperactivit\u00e9 et ont du mal \u00e0 se d\u00e9tendre, tout en aidant \u00e0 calmer les pens\u00e9es, l&rsquo;agitation et \u00e0 promouvoir des sentiments de paix.<\/p>\n<p>Principales utilisations du m\u00e9lange d&rsquo;huiles essentielles doTERRA Serenity\u2122 :<\/p>\n<p>Insomnie et probl\u00e8mes de sommeil &#8211; \u00e0 vaporiser, appliquer sous le nez ou goutter sur un oreiller, un jouet d&rsquo;enfant, ou appliquer sur les pieds apr\u00e8s dilution avec de l&rsquo;huile v\u00e9g\u00e9tale.<br \/>\nStress &#8211; appliquer sous le nez, inhaler dans la paume des mains, appliquer sur la nuque et\/ou vaporiser.<br \/>\nB\u00e9b\u00e9s agit\u00e9s et enfants agit\u00e9s\/fatigu\u00e9s &#8211; \u00e9vaporer, appliquer sur la colonne vert\u00e9brale et les pieds.<br \/>\nTension et sautes d&rsquo;humeur &#8211; inhaler la paume des mains, vaporiser pendant la journ\u00e9e et appliquer sur la poitrine, le cou, les poignets derri\u00e8re les oreilles.<br \/>\nTensions musculaires &#8211; appliquer sur la zone concern\u00e9e.<br \/>\nSoulager la nervosit\u00e9 et les peurs &#8211; appliquer sur le cou, derri\u00e8re les oreilles, les poignets, vaporiser, inhaler par les paumes.<br \/>\nBain apaisant avant le coucher &#8211; verser dans le bain, utiliser avec des sels de mer, des sels d&rsquo;Epsom, des huiles de base, du miel, etc.<br \/>\nDiluer dans une huile de base avant de l&rsquo;appliquer sur le corps.<br \/>\nPour les b\u00e9b\u00e9s, utiliser une goutte de S\u00e9r\u00e9nit\u00e9 et une ou deux cuill\u00e8res \u00e0 soupe d&rsquo;huile de base.<br \/>\nPour un jeune enfant, 1 goutte de S\u00e9r\u00e9nit\u00e9 et une cuill\u00e8re \u00e0 soupe d&rsquo;huile de base.<\/p>\n<p><iframe title=\"doTERRA Lumo Diffuser Review\" src=\"https:\/\/www.youtube.com\/embed\/huY5AIQFDlc\" width=\"946\" height=\"532\" frameborder=\"0\" allowfullscreen=\"allowfullscreen\"><\/iframe><\/p>\n","protected":false},"excerpt":{"rendered":"<ul>\n<li>Id\u00e9al pour une pi\u00e8ce de 25 m\u00e8tres carr\u00e9s maximum.<\/li>\n<li>doTERRA Serenity est un m\u00e9lange d&rsquo;huiles essentielles apaisantes qui vous aide \u00e0 oublier vos soucis et \u00e0 vous d\u00e9tendre avant de vous coucher.<\/li>\n<\/ul>\n","protected":false},"featured_media":22629,"template":"","meta":{"site-sidebar-layout":"default","site-content-layout":"default","ast-site-content-layout":"default","site-content-style":"default","site-sidebar-style":"default","ast-global-header-display":"","ast-banner-title-visibility":"","ast-main-header-display":"","ast-hfb-above-header-display":"","ast-hfb-below-header-display":"","ast-hfb-mobile-header-display":"","site-post-title":"","ast-breadcrumbs-content":"","ast-featured-img":"","footer-sml-layout":"","ast-disable-related-posts":"","theme-transparent-header-meta":"default","adv-header-id-meta":"","stick-header-meta":"","header-above-stick-meta":"","header-main-stick-meta":"","header-below-stick-meta":"","astra-migrate-meta-layouts":"set","ast-page-background-enabled":"default","ast-page-background-meta":{"desktop":{"background-color":"","background-image":"","background-repeat":"repeat","background-position":"center center","background-size":"auto","background-attachment":"scroll","background-type":"","background-media":"","overlay-type":"","overlay-color":"","overlay-opacity":"","overlay-gradient":""},"tablet":{"background-color":"","background-image":"","background-repeat":"repeat","background-position":"center center","background-size":"auto","background-attachment":"scroll","background-type":"","background-media":"","overlay-type":"","overlay-color":"","overlay-opacity":"","overlay-gradient":""},"mobile":{"background-color":"","background-image":"","background-repeat":"repeat","background-position":"center center","background-size":"auto","background-attachment":"scroll","background-type":"","background-media":"","overlay-type":"","overlay-color":"","overlay-opacity":"","overlay-gradient":""}},"ast-content-background-meta":{"desktop":{"background-color":"var(--ast-global-color-5)","background-image":"","background-repeat":"repeat","background-position":"center center","background-size":"auto","background-attachment":"scroll","background-type":"","background-media":"","overlay-type":"","overlay-color":"","overlay-opacity":"","overlay-gradient":""},"tablet":{"background-color":"var(--ast-global-color-5)","background-image":"","background-repeat":"repeat","background-position":"center center","background-size":"auto","background-attachment":"scroll","background-type":"","background-media":"","overlay-type":"","overlay-color":"","overlay-opacity":"","overlay-gradient":""},"mobile":{"background-color":"var(--ast-global-color-5)","background-image":"","background-repeat":"repeat","background-position":"center center","background-size":"auto","background-attachment":"scroll","background-type":"","background-media":"","overlay-type":"","overlay-color":"","overlay-opacity":"","overlay-gradient":""}}},"product_brand":[],"product_cat":[1918,2005,1940,1945],"product_tag":[2100,3222,2643,3237],"class_list":{"0":"post-22628","1":"product","2":"type-product","3":"status-publish","4":"has-post-thumbnail","6":"product_cat-diffuseurs","7":"product_cat-dormir-fr","8":"product_cat-huiles-essentielles","9":"product_cat-melanges-dhuiles-essentielles","10":"product_tag-15ml-fr","11":"product_tag-diffuseur","12":"product_tag-lumo-fr","13":"product_tag-melanges-dhuiles-essentielles","14":"desktop-align-left","15":"tablet-align-left","16":"mobile-align-left","18":"first","19":"instock","20":"taxable","21":"shipping-taxable","22":"purchasable","23":"product-type-simple"},"_links":{"self":[{"href":"https:\/\/mamaterra.lt\/fr\/wp-json\/wp\/v2\/product\/22628","targetHints":{"allow":["GET"]}}],"collection":[{"href":"https:\/\/mamaterra.lt\/fr\/wp-json\/wp\/v2\/product"}],"about":[{"href":"https:\/\/mamaterra.lt\/fr\/wp-json\/wp\/v2\/types\/product"}],"wp:featuredmedia":[{"embeddable":true,"href":"https:\/\/mamaterra.lt\/fr\/wp-json\/wp\/v2\/media\/22629"}],"wp:attachment":[{"href":"https:\/\/mamaterra.lt\/fr\/wp-json\/wp\/v2\/media?parent=22628"}],"wp:term":[{"taxonomy":"product_brand","embeddable":true,"href":"https:\/\/mamaterra.lt\/fr\/wp-json\/wp\/v2\/product_brand?post=22628"},{"taxonomy":"product_cat","embeddable":true,"href":"https:\/\/mamaterra.lt\/fr\/wp-json\/wp\/v2\/product_cat?post=22628"},{"taxonomy":"product_tag","embeddable":true,"href":"https:\/\/mamaterra.lt\/fr\/wp-json\/wp\/v2\/product_tag?post=22628"}],"curies":[{"name":"wp","href":"https:\/\/api.w.org\/{rel}","templated":true}]}}