{"id":22616,"date":"2022-08-17T05:17:45","date_gmt":"2022-08-17T04:17:45","guid":{"rendered":"https:\/\/mamaterra.lt\/parduotuve\/non%20class\u00e9\/difuzorius-doterra-petal-2-0-su-doterra-laukiniu-apelsinu-wild-orange-ir-levandu-lavender-eteriniais-aliejais-2-x-5ml\/"},"modified":"2024-03-17T21:48:44","modified_gmt":"2024-03-17T20:48:44","slug":"diffuseur-doterra-petal-2-0-avec-les-huiles-essentielles-doterra-dorange-sauvage-wild-orange-et-de-lavande-lavender-2-x-5ml","status":"publish","type":"product","link":"https:\/\/mamaterra.lt\/fr\/parduotuve\/huiles-essentielles\/huiles-essentielles-pures\/diffuseur-doterra-petal-2-0-avec-les-huiles-essentielles-doterra-dorange-sauvage-wild-orange-et-de-lavande-lavender-2-x-5ml\/","title":{"rendered":"Diffuseur doTERRA Petal 2.0 avec les huiles essentielles doTERRA d&rsquo;orange sauvage (WILD ORANGE) et de lavande (LAVENDER) (2 x 5ml)"},"content":{"rendered":"<p><strong>Diffuseur doTERRA Petal 2.0 avec les huiles essentielles doTERRA d&rsquo;orange sauvage (WILD ORANGE) et de lavande (LAVENDER) (2 x 5ml)<\/strong><\/p>\n<p>&nbsp;<\/p>\n<p>Diffuseur doTERRA Petal 2.0<\/p>\n<p>Le diffuseur Petal de doTERRA est un petit diffuseur facile \u00e0 utiliser qui pr\u00e9sente de nombreux avantages. Ce diffuseur pratique est stable, l\u00e9ger et facile \u00e0 utiliser.<\/p>\n<p>Diffuseur ultrasonique Petal 2.0<br \/>\n\u00c9clairage LED en option<br \/>\nR\u00e9glages d&rsquo;\u00e9vaporation pour 2 et 6 heures de fonctionnement continu et 12 heures de fonctionnement intermittent (5 minutes de marche, 5 minutes d&rsquo;arr\u00eat)<br \/>\nVapeur ultra-l\u00e9g\u00e8re couvrant une surface allant jusqu&rsquo;\u00e0 33 m2<\/p>\n<p>Regardez la vid\u00e9o sur l&rsquo;utilisation du diffuseur Petal 2.0 avec ces huiles essentielles.<\/p>\n<p><iframe title=\"YouTube video player\" src=\"https:\/\/www.youtube-nocookie.com\/embed\/OmkVmTKdqbc\" width=\"560\" height=\"315\" frameborder=\"0\" allowfullscreen=\"allowfullscreen\"><\/iframe><\/p>\n","protected":false},"excerpt":{"rendered":"<ul>\n<li>Diffuseur ultrasonique Petal 2.0<\/li>\n<li>Eclairage LED en option<\/li>\n<li>R\u00e9glages de vapeur pour 2 et 6 heures de fonctionnement continu et 12 heures de fonctionnement intermittent (5 minutes de marche, 5 minutes d&rsquo;arr\u00eat)<\/li>\n<li>Vapeur ultra-l\u00e9g\u00e8re couvrant une surface allant jusqu&rsquo;\u00e0 33 m2<\/li>\n<\/ul>\n","protected":false},"featured_media":22617,"template":"","meta":{"site-sidebar-layout":"default","site-content-layout":"default","ast-site-content-layout":"default","site-content-style":"default","site-sidebar-style":"default","ast-global-header-display":"","ast-banner-title-visibility":"","ast-main-header-display":"","ast-hfb-above-header-display":"","ast-hfb-below-header-display":"","ast-hfb-mobile-header-display":"","site-post-title":"","ast-breadcrumbs-content":"","ast-featured-img":"","footer-sml-layout":"","ast-disable-related-posts":"","theme-transparent-header-meta":"default","adv-header-id-meta":"","stick-header-meta":"","header-above-stick-meta":"","header-main-stick-meta":"","header-below-stick-meta":"","astra-migrate-meta-layouts":"set","ast-page-background-enabled":"default","ast-page-background-meta":{"desktop":{"background-color":"","background-image":"","background-repeat":"repeat","background-position":"center center","background-size":"auto","background-attachment":"scroll","background-type":"","background-media":"","overlay-type":"","overlay-color":"","overlay-opacity":"","overlay-gradient":""},"tablet":{"background-color":"","background-image":"","background-repeat":"repeat","background-position":"center center","background-size":"auto","background-attachment":"scroll","background-type":"","background-media":"","overlay-type":"","overlay-color":"","overlay-opacity":"","overlay-gradient":""},"mobile":{"background-color":"","background-image":"","background-repeat":"repeat","background-position":"center center","background-size":"auto","background-attachment":"scroll","background-type":"","background-media":"","overlay-type":"","overlay-color":"","overlay-opacity":"","overlay-gradient":""}},"ast-content-background-meta":{"desktop":{"background-color":"var(--ast-global-color-5)","background-image":"","background-repeat":"repeat","background-position":"center center","background-size":"auto","background-attachment":"scroll","background-type":"","background-media":"","overlay-type":"","overlay-color":"","overlay-opacity":"","overlay-gradient":""},"tablet":{"background-color":"var(--ast-global-color-5)","background-image":"","background-repeat":"repeat","background-position":"center center","background-size":"auto","background-attachment":"scroll","background-type":"","background-media":"","overlay-type":"","overlay-color":"","overlay-opacity":"","overlay-gradient":""},"mobile":{"background-color":"var(--ast-global-color-5)","background-image":"","background-repeat":"repeat","background-position":"center center","background-size":"auto","background-attachment":"scroll","background-type":"","background-media":"","overlay-type":"","overlay-color":"","overlay-opacity":"","overlay-gradient":""}}},"product_brand":[],"product_cat":[1918,2005,1940,1950,1990,1955,2040,2045,2035],"product_tag":[2100,3222,2673,2662,2569],"class_list":{"0":"post-22616","1":"product","2":"type-product","3":"status-publish","4":"has-post-thumbnail","6":"product_cat-diffuseurs","7":"product_cat-dormir-fr","8":"product_cat-huiles-essentielles","9":"product_cat-huiles-essentielles-pures","10":"product_cat-immunite","11":"product_cat-kits-et-collections","12":"product_cat-la-gestion-du-stress","13":"product_cat-pour-les-enfants","14":"product_cat-purification-de-lair","15":"product_tag-15ml-fr","16":"product_tag-diffuseur","17":"product_tag-koala-fr","18":"product_tag-lavender-fr","19":"product_tag-orange-fr","20":"desktop-align-left","21":"tablet-align-left","22":"mobile-align-left","24":"first","25":"instock","26":"taxable","27":"shipping-taxable","28":"purchasable","29":"product-type-simple"},"_links":{"self":[{"href":"https:\/\/mamaterra.lt\/fr\/wp-json\/wp\/v2\/product\/22616","targetHints":{"allow":["GET"]}}],"collection":[{"href":"https:\/\/mamaterra.lt\/fr\/wp-json\/wp\/v2\/product"}],"about":[{"href":"https:\/\/mamaterra.lt\/fr\/wp-json\/wp\/v2\/types\/product"}],"wp:featuredmedia":[{"embeddable":true,"href":"https:\/\/mamaterra.lt\/fr\/wp-json\/wp\/v2\/media\/22617"}],"wp:attachment":[{"href":"https:\/\/mamaterra.lt\/fr\/wp-json\/wp\/v2\/media?parent=22616"}],"wp:term":[{"taxonomy":"product_brand","embeddable":true,"href":"https:\/\/mamaterra.lt\/fr\/wp-json\/wp\/v2\/product_brand?post=22616"},{"taxonomy":"product_cat","embeddable":true,"href":"https:\/\/mamaterra.lt\/fr\/wp-json\/wp\/v2\/product_cat?post=22616"},{"taxonomy":"product_tag","embeddable":true,"href":"https:\/\/mamaterra.lt\/fr\/wp-json\/wp\/v2\/product_tag?post=22616"}],"curies":[{"name":"wp","href":"https:\/\/api.w.org\/{rel}","templated":true}]}}