{"id":22569,"date":"2023-01-01T20:32:52","date_gmt":"2023-01-01T19:32:52","guid":{"rendered":"https:\/\/mamaterra.lt\/parduotuve\/non%20class\u00e9\/doterra-supermint-touch-eteriniu-alieju-misinys\/"},"modified":"2024-03-17T21:01:23","modified_gmt":"2024-03-17T20:01:23","slug":"doterra-supermint-touch-melange-dhuiles-essentielles","status":"publish","type":"product","link":"https:\/\/mamaterra.lt\/fr\/parduotuve\/huiles-essentielles\/melanges-dhuiles-essentielles\/doterra-supermint-touch-melange-dhuiles-essentielles\/","title":{"rendered":"doTERRA SuperMint\u2122 Touch M\u00e9lange d&rsquo;huiles essentielles"},"content":{"rendered":"<h6>doTERRA SuperMint\u2122 Touch M\u00e9lange d&rsquo;huiles essentielles<\/h6>\n<p>10ml<\/p>\n<p>M\u00e9lange d&rsquo;huiles essentielles doTERRA SuperMint Ingr\u00e9dients :<\/p>\n<p>doTERRA SuperMint Touch contient les meilleures huiles de menthe, cr\u00e9ant un m\u00e9lange tr\u00e8s lumineux, frais et attrayant. Son doux ar\u00f4me menthol\u00e9 et herbac\u00e9 combine les huiles de coco fractionn\u00e9es CPTG\u2122 menthe poivr\u00e9e, menthe japonaise, menthe bergamote et menthe verte et est fourni pr\u00eat \u00e0 l&#8217;emploi dans un flacon pratique avec applicateur \u00e0 bille. Lorsqu&rsquo;il est appliqu\u00e9 sur la peau, SuperMint Touch rafra\u00eechit la peau et d\u00e9gage un ar\u00f4me vivifiant et \u00e9nergisant. Pour un regain de vitalit\u00e9, utilisez ce m\u00e9lange \u00e0 tout moment de la journ\u00e9e et profitez de ses propri\u00e9t\u00e9s revitalisantes efficaces.<\/p>\n","protected":false},"excerpt":{"rendered":"<ul>\n<li>SuperMint Touch apaise la peau apr\u00e8s une longue journ\u00e9e au soleil.<\/li>\n<li>Utilisez SuperMint Touch avant des activit\u00e9s actives prolong\u00e9es &#8211; ce m\u00e9lange vous aidera \u00e0 avoir l&rsquo;esprit clair et \u00e0 d\u00e9velopper votre endurance.<\/li>\n<li>Utilisez-le pour un massage apaisant et rafra\u00eechissant et profitez d&rsquo;une sensation de fra\u00eecheur apr\u00e8s votre s\u00e9ance d&rsquo;entra\u00eenement.<\/li>\n<li>Appliquez sur les zones douloureuses et profitez de l&rsquo;ar\u00f4me revigorant et \u00e9nergisant.<\/li>\n<li>Appliquer sur les zones souhait\u00e9es. Diluer davantage avec l&rsquo;huile de base pour r\u00e9duire la sensibilit\u00e9 \u00e9ventuelle de la peau.<\/li>\n<\/ul>\n","protected":false},"featured_media":22571,"template":"","meta":{"site-sidebar-layout":"default","site-content-layout":"","ast-site-content-layout":"default","site-content-style":"default","site-sidebar-style":"default","ast-global-header-display":"","ast-banner-title-visibility":"","ast-main-header-display":"","ast-hfb-above-header-display":"","ast-hfb-below-header-display":"","ast-hfb-mobile-header-display":"","site-post-title":"","ast-breadcrumbs-content":"","ast-featured-img":"","footer-sml-layout":"","ast-disable-related-posts":"","theme-transparent-header-meta":"","adv-header-id-meta":"","stick-header-meta":"","header-above-stick-meta":"","header-main-stick-meta":"","header-below-stick-meta":"","astra-migrate-meta-layouts":"set","ast-page-background-enabled":"default","ast-page-background-meta":{"desktop":{"background-color":"","background-image":"","background-repeat":"repeat","background-position":"center center","background-size":"auto","background-attachment":"scroll","background-type":"","background-media":"","overlay-type":"","overlay-color":"","overlay-opacity":"","overlay-gradient":""},"tablet":{"background-color":"","background-image":"","background-repeat":"repeat","background-position":"center center","background-size":"auto","background-attachment":"scroll","background-type":"","background-media":"","overlay-type":"","overlay-color":"","overlay-opacity":"","overlay-gradient":""},"mobile":{"background-color":"","background-image":"","background-repeat":"repeat","background-position":"center center","background-size":"auto","background-attachment":"scroll","background-type":"","background-media":"","overlay-type":"","overlay-color":"","overlay-opacity":"","overlay-gradient":""}},"ast-content-background-meta":{"desktop":{"background-color":"var(--ast-global-color-5)","background-image":"","background-repeat":"repeat","background-position":"center center","background-size":"auto","background-attachment":"scroll","background-type":"","background-media":"","overlay-type":"","overlay-color":"","overlay-opacity":"","overlay-gradient":""},"tablet":{"background-color":"var(--ast-global-color-5)","background-image":"","background-repeat":"repeat","background-position":"center center","background-size":"auto","background-attachment":"scroll","background-type":"","background-media":"","overlay-type":"","overlay-color":"","overlay-opacity":"","overlay-gradient":""},"mobile":{"background-color":"var(--ast-global-color-5)","background-image":"","background-repeat":"repeat","background-position":"center center","background-size":"auto","background-attachment":"scroll","background-type":"","background-media":"","overlay-type":"","overlay-color":"","overlay-opacity":"","overlay-gradient":""}}},"product_brand":[],"product_cat":[1995,2050,1940,1945],"product_tag":[3232,3237,3048],"class_list":{"0":"post-22569","1":"product","2":"type-product","3":"status-publish","4":"has-post-thumbnail","6":"product_cat-concentration-fr","7":"product_cat-digestion-fr","8":"product_cat-huiles-essentielles","9":"product_cat-melanges-dhuiles-essentielles","10":"product_tag-huiles-essentielles","11":"product_tag-melanges-dhuiles-essentielles","12":"product_tag-supermint-supermint-touch-fr","13":"desktop-align-left","14":"tablet-align-left","15":"mobile-align-left","17":"first","18":"instock","19":"taxable","20":"shipping-taxable","21":"product-type-simple"},"_links":{"self":[{"href":"https:\/\/mamaterra.lt\/fr\/wp-json\/wp\/v2\/product\/22569","targetHints":{"allow":["GET"]}}],"collection":[{"href":"https:\/\/mamaterra.lt\/fr\/wp-json\/wp\/v2\/product"}],"about":[{"href":"https:\/\/mamaterra.lt\/fr\/wp-json\/wp\/v2\/types\/product"}],"wp:featuredmedia":[{"embeddable":true,"href":"https:\/\/mamaterra.lt\/fr\/wp-json\/wp\/v2\/media\/22571"}],"wp:attachment":[{"href":"https:\/\/mamaterra.lt\/fr\/wp-json\/wp\/v2\/media?parent=22569"}],"wp:term":[{"taxonomy":"product_brand","embeddable":true,"href":"https:\/\/mamaterra.lt\/fr\/wp-json\/wp\/v2\/product_brand?post=22569"},{"taxonomy":"product_cat","embeddable":true,"href":"https:\/\/mamaterra.lt\/fr\/wp-json\/wp\/v2\/product_cat?post=22569"},{"taxonomy":"product_tag","embeddable":true,"href":"https:\/\/mamaterra.lt\/fr\/wp-json\/wp\/v2\/product_tag?post=22569"}],"curies":[{"name":"wp","href":"https:\/\/api.w.org\/{rel}","templated":true}]}}