{"id":22556,"date":"2021-09-11T13:05:42","date_gmt":"2021-09-11T12:05:42","guid":{"rendered":"https:\/\/mamaterra.lt\/parduotuve\/non%20class\u00e9\/doterra-thinker-susikaupti-padedantis-eteriniu-alieju-misinys-10ml\/"},"modified":"2024-03-17T20:48:52","modified_gmt":"2024-03-17T19:48:52","slug":"doterra-thinker-concentration-melange-dhuiles-essentielles-aidant-a-la-concentration-10m","status":"publish","type":"product","link":"https:\/\/mamaterra.lt\/fr\/parduotuve\/huiles-essentielles\/melanges-dhuiles-essentielles\/doterra-thinker-concentration-melange-dhuiles-essentielles-aidant-a-la-concentration-10m\/","title":{"rendered":"doTERRA Thinker Concentration M\u00e9lange d&rsquo;huiles essentielles aidant \u00e0 la concentration 10ml"},"content":{"rendered":"<p><strong>doTERRA Thinker\u2122 Susikaupti Padedantis Eterini\u0173 Aliej\u0173 Mi\u0161inys<\/strong><\/p>\n<p>Flacon de 10 ml avec applicateur \u00e0 bille<\/p>\n<p>doTERRA Thinker\u2122 M\u00e9lange d&rsquo;huiles essentielles Ingr\u00e9dients :<\/p>\n<p>Huiles essentielles d&rsquo;hydraste du Canada, de cl\u00e9mentine, de menthe poivr\u00e9e et de romarin dans de l&rsquo;huile de coco fractionn\u00e9e.<\/p>\n<p>Propri\u00e9t\u00e9s g\u00e9n\u00e9rales du m\u00e9lange d&rsquo;huiles essentielles doTERRA Thinker\u2122 :<\/p>\n<p>Quand il est temps d&rsquo;\u00eatre cr\u00e9atif et de se concentrer, doTERRA Thinker am\u00e9liorera vos capacit\u00e9s mentales et vous aidera \u00e0 apprendre.<br \/>\nAyez-le au bout des doigts lorsqu&rsquo;il est important de se concentrer et de rester \u00e0 la t\u00e2che<br \/>\nAppliquez-la sur vos poignets ou vos mains et inhalez-la : elle vous apportera clart\u00e9 et vigilance.<\/p>\n<p>&nbsp;<\/p>\n<p>&nbsp;<\/p>\n<p><iframe title=\"Great doTERRA Thinker Oil Blend Uses\" src=\"https:\/\/www.youtube.com\/embed\/voVLtRugukk\" width=\"946\" height=\"532\" frameborder=\"0\" allowfullscreen=\"allowfullscreen\"><\/iframe><\/p>\n","protected":false},"excerpt":{"rendered":"<ul>\n<li>Quand il est temps d&rsquo;\u00eatre cr\u00e9atif et de se concentrer, doTERRA Thinker am\u00e9liorera vos capacit\u00e9s mentales et vous aidera \u00e0 apprendre.<\/li>\n<li>Ayez-le au bout des doigts lorsqu&rsquo;il est important de se concentrer et de rester \u00e0 la t\u00e2che<\/li>\n<li>Appliquez-la sur vos poignets ou vos mains et inhalez-la : elle vous apportera clart\u00e9 et vigilance.<\/li>\n<\/ul>\n","protected":false},"featured_media":22557,"template":"","meta":{"site-sidebar-layout":"default","site-content-layout":"default","ast-site-content-layout":"default","site-content-style":"default","site-sidebar-style":"default","ast-global-header-display":"","ast-banner-title-visibility":"","ast-main-header-display":"","ast-hfb-above-header-display":"","ast-hfb-below-header-display":"","ast-hfb-mobile-header-display":"","site-post-title":"","ast-breadcrumbs-content":"","ast-featured-img":"","footer-sml-layout":"","ast-disable-related-posts":"","theme-transparent-header-meta":"default","adv-header-id-meta":"","stick-header-meta":"","header-above-stick-meta":"","header-main-stick-meta":"","header-below-stick-meta":"","astra-migrate-meta-layouts":"set","ast-page-background-enabled":"default","ast-page-background-meta":{"desktop":{"background-color":"","background-image":"","background-repeat":"repeat","background-position":"center center","background-size":"auto","background-attachment":"scroll","background-type":"","background-media":"","overlay-type":"","overlay-color":"","overlay-opacity":"","overlay-gradient":""},"tablet":{"background-color":"","background-image":"","background-repeat":"repeat","background-position":"center center","background-size":"auto","background-attachment":"scroll","background-type":"","background-media":"","overlay-type":"","overlay-color":"","overlay-opacity":"","overlay-gradient":""},"mobile":{"background-color":"","background-image":"","background-repeat":"repeat","background-position":"center center","background-size":"auto","background-attachment":"scroll","background-type":"","background-media":"","overlay-type":"","overlay-color":"","overlay-opacity":"","overlay-gradient":""}},"ast-content-background-meta":{"desktop":{"background-color":"var(--ast-global-color-5)","background-image":"","background-repeat":"repeat","background-position":"center center","background-size":"auto","background-attachment":"scroll","background-type":"","background-media":"","overlay-type":"","overlay-color":"","overlay-opacity":"","overlay-gradient":""},"tablet":{"background-color":"var(--ast-global-color-5)","background-image":"","background-repeat":"repeat","background-position":"center center","background-size":"auto","background-attachment":"scroll","background-type":"","background-media":"","overlay-type":"","overlay-color":"","overlay-opacity":"","overlay-gradient":""},"mobile":{"background-color":"var(--ast-global-color-5)","background-image":"","background-repeat":"repeat","background-position":"center center","background-size":"auto","background-attachment":"scroll","background-type":"","background-media":"","overlay-type":"","overlay-color":"","overlay-opacity":"","overlay-gradient":""}}},"product_brand":[],"product_cat":[1995,1945,2045],"product_tag":[2079,3237,3347,2427],"class_list":{"0":"post-22556","1":"product","2":"type-product","3":"status-publish","4":"has-post-thumbnail","6":"product_cat-concentration-fr","7":"product_cat-melanges-dhuiles-essentielles","8":"product_cat-pour-les-enfants","9":"product_tag-10-ml-fr","10":"product_tag-melanges-dhuiles-essentielles","11":"product_tag-pour-les-enfants","12":"product_tag-thinker-fr","13":"desktop-align-left","14":"tablet-align-left","15":"mobile-align-left","17":"first","18":"instock","19":"taxable","20":"shipping-taxable","21":"purchasable","22":"product-type-simple"},"_links":{"self":[{"href":"https:\/\/mamaterra.lt\/fr\/wp-json\/wp\/v2\/product\/22556","targetHints":{"allow":["GET"]}}],"collection":[{"href":"https:\/\/mamaterra.lt\/fr\/wp-json\/wp\/v2\/product"}],"about":[{"href":"https:\/\/mamaterra.lt\/fr\/wp-json\/wp\/v2\/types\/product"}],"wp:featuredmedia":[{"embeddable":true,"href":"https:\/\/mamaterra.lt\/fr\/wp-json\/wp\/v2\/media\/22557"}],"wp:attachment":[{"href":"https:\/\/mamaterra.lt\/fr\/wp-json\/wp\/v2\/media?parent=22556"}],"wp:term":[{"taxonomy":"product_brand","embeddable":true,"href":"https:\/\/mamaterra.lt\/fr\/wp-json\/wp\/v2\/product_brand?post=22556"},{"taxonomy":"product_cat","embeddable":true,"href":"https:\/\/mamaterra.lt\/fr\/wp-json\/wp\/v2\/product_cat?post=22556"},{"taxonomy":"product_tag","embeddable":true,"href":"https:\/\/mamaterra.lt\/fr\/wp-json\/wp\/v2\/product_tag?post=22556"}],"curies":[{"name":"wp","href":"https:\/\/api.w.org\/{rel}","templated":true}]}}