{"id":22544,"date":"2021-09-11T13:02:50","date_gmt":"2021-09-11T12:02:50","guid":{"rendered":"https:\/\/mamaterra.lt\/parduotuve\/non%20class\u00e9\/doterra-stronger-eteriniu-alieju-misinys-10ml\/"},"modified":"2024-03-17T20:35:00","modified_gmt":"2024-03-17T19:35:00","slug":"doterra-stronger-melange-dhuiles-essentielles-protectrices-10ml","status":"publish","type":"product","link":"https:\/\/mamaterra.lt\/fr\/parduotuve\/huiles-essentielles\/melanges-dhuiles-essentielles\/doterra-stronger-melange-dhuiles-essentielles-protectrices-10ml\/","title":{"rendered":"doTERRA Stronger\u2122  M\u00e9lange d&rsquo;huiles essentielles protectrices 10ml"},"content":{"rendered":"<p><strong>doTERRA Stronger\u2122 M\u00e9lange d&rsquo;huiles essentielles protectrices<\/strong><\/p>\n<p>Flacon de 10 ml avec applicateur \u00e0 bille<\/p>\n<p>&nbsp;<\/p>\n<p>Application du m\u00e9lange d&rsquo;huiles essentielles protectrices doTERRA Stronger\u2122 :<\/p>\n<p>Utilisez doTERRA Stronger sur le cou ou la plante des pieds pour renforcer la protection de votre corps lorsque vous ne vous sentez pas au mieux de votre forme.<\/p>\n<p>M\u00e9lange d&rsquo;huiles essentielles protectrices doTERRA Stronger\u2122 Caract\u00e9ristiques g\u00e9n\u00e9rales :<\/p>\n<p>Huiles essentielles de bois de c\u00e8dre, de Lauren, de Boswellia et extrait de rose dans de l&rsquo;huile de noix de coco fractionn\u00e9e.<br \/>\nRajeunit la peau ; \u00e0 utiliser quotidiennement pour renforcer la sensation de bien-\u00eatre.<br \/>\nApaise les irritations mineures de la peau<\/p>\n<p><iframe title=\"doTERRA's New Stronger Protective Blend for Kids\" src=\"https:\/\/www.youtube.com\/embed\/xzwUZeKglqM\" width=\"946\" height=\"532\" frameborder=\"0\" allowfullscreen=\"allowfullscreen\"><\/iframe><\/p>\n","protected":false},"excerpt":{"rendered":"<ul>\n<li>Huiles essentielles de bois de c\u00e8dre, de laurier, de boswellia et extrait de rose dans de l&rsquo;huile de noix de coco fractionn\u00e9e.<\/li>\n<li>Rajeunit la peau ; \u00e0 utiliser quotidiennement pour augmenter la sensation de bien-\u00eatre<\/li>\n<li>Apaise les irritations mineures de la peau<\/li>\n<\/ul>\n","protected":false},"featured_media":22545,"template":"","meta":{"site-sidebar-layout":"default","site-content-layout":"default","ast-site-content-layout":"default","site-content-style":"default","site-sidebar-style":"default","ast-global-header-display":"","ast-banner-title-visibility":"","ast-main-header-display":"","ast-hfb-above-header-display":"","ast-hfb-below-header-display":"","ast-hfb-mobile-header-display":"","site-post-title":"","ast-breadcrumbs-content":"","ast-featured-img":"","footer-sml-layout":"","ast-disable-related-posts":"","theme-transparent-header-meta":"default","adv-header-id-meta":"","stick-header-meta":"","header-above-stick-meta":"","header-main-stick-meta":"","header-below-stick-meta":"","astra-migrate-meta-layouts":"set","ast-page-background-enabled":"default","ast-page-background-meta":{"desktop":{"background-color":"","background-image":"","background-repeat":"repeat","background-position":"center center","background-size":"auto","background-attachment":"scroll","background-type":"","background-media":"","overlay-type":"","overlay-color":"","overlay-opacity":"","overlay-gradient":""},"tablet":{"background-color":"","background-image":"","background-repeat":"repeat","background-position":"center center","background-size":"auto","background-attachment":"scroll","background-type":"","background-media":"","overlay-type":"","overlay-color":"","overlay-opacity":"","overlay-gradient":""},"mobile":{"background-color":"","background-image":"","background-repeat":"repeat","background-position":"center center","background-size":"auto","background-attachment":"scroll","background-type":"","background-media":"","overlay-type":"","overlay-color":"","overlay-opacity":"","overlay-gradient":""}},"ast-content-background-meta":{"desktop":{"background-color":"var(--ast-global-color-5)","background-image":"","background-repeat":"repeat","background-position":"center center","background-size":"auto","background-attachment":"scroll","background-type":"","background-media":"","overlay-type":"","overlay-color":"","overlay-opacity":"","overlay-gradient":""},"tablet":{"background-color":"var(--ast-global-color-5)","background-image":"","background-repeat":"repeat","background-position":"center center","background-size":"auto","background-attachment":"scroll","background-type":"","background-media":"","overlay-type":"","overlay-color":"","overlay-opacity":"","overlay-gradient":""},"mobile":{"background-color":"var(--ast-global-color-5)","background-image":"","background-repeat":"repeat","background-position":"center center","background-size":"auto","background-attachment":"scroll","background-type":"","background-media":"","overlay-type":"","overlay-color":"","overlay-opacity":"","overlay-gradient":""}}},"product_brand":[],"product_cat":[1945,2045],"product_tag":[2079,3237,3347,2383],"class_list":{"0":"post-22544","1":"product","2":"type-product","3":"status-publish","4":"has-post-thumbnail","6":"product_cat-melanges-dhuiles-essentielles","7":"product_cat-pour-les-enfants","8":"product_tag-10-ml-fr","9":"product_tag-melanges-dhuiles-essentielles","10":"product_tag-pour-les-enfants","11":"product_tag-stronger-fr","12":"desktop-align-left","13":"tablet-align-left","14":"mobile-align-left","16":"first","17":"instock","18":"taxable","19":"shipping-taxable","20":"purchasable","21":"product-type-simple"},"_links":{"self":[{"href":"https:\/\/mamaterra.lt\/fr\/wp-json\/wp\/v2\/product\/22544","targetHints":{"allow":["GET"]}}],"collection":[{"href":"https:\/\/mamaterra.lt\/fr\/wp-json\/wp\/v2\/product"}],"about":[{"href":"https:\/\/mamaterra.lt\/fr\/wp-json\/wp\/v2\/types\/product"}],"wp:featuredmedia":[{"embeddable":true,"href":"https:\/\/mamaterra.lt\/fr\/wp-json\/wp\/v2\/media\/22545"}],"wp:attachment":[{"href":"https:\/\/mamaterra.lt\/fr\/wp-json\/wp\/v2\/media?parent=22544"}],"wp:term":[{"taxonomy":"product_brand","embeddable":true,"href":"https:\/\/mamaterra.lt\/fr\/wp-json\/wp\/v2\/product_brand?post=22544"},{"taxonomy":"product_cat","embeddable":true,"href":"https:\/\/mamaterra.lt\/fr\/wp-json\/wp\/v2\/product_cat?post=22544"},{"taxonomy":"product_tag","embeddable":true,"href":"https:\/\/mamaterra.lt\/fr\/wp-json\/wp\/v2\/product_tag?post=22544"}],"curies":[{"name":"wp","href":"https:\/\/api.w.org\/{rel}","templated":true}]}}