{"id":22494,"date":"2022-09-26T19:44:51","date_gmt":"2022-09-26T18:44:51","guid":{"rendered":"https:\/\/mamaterra.lt\/parduotuve\/non%20class\u00e9\/naturalus-doterra-dezodorantas-su-doterra-balance-eterinio-aliejaus-misiniu-75g\/"},"modified":"2024-03-15T21:12:21","modified_gmt":"2024-03-15T20:12:21","slug":"deodorant-naturel-doterra-avec-melange-dhuiles-essentielles-doterra-balance-75g","status":"publish","type":"product","link":"https:\/\/mamaterra.lt\/fr\/parduotuve\/huiles-essentielles\/deodorant-naturel-doterra-avec-melange-dhuiles-essentielles-doterra-balance-75g\/","title":{"rendered":"D\u00e9odorant naturel doTERRA avec m\u00e9lange d&rsquo;huiles essentielles doTERRA Balance 75g"},"content":{"rendered":"<p><strong>D\u00e9odorant naturel doTERRA avec m\u00e9lange d&rsquo;huiles essentielles doTERRA Balance\u00a0<\/strong><\/p>\n<p>75g<\/p>\n<p>D\u00e9odorant naturel doTERRA avec m\u00e9lange d&rsquo;huiles essentielles doTERRA Balance Ingr\u00e9dients :<\/p>\n<p>Amidon de tapioca : reconstitue l&rsquo;humidit\u00e9 des aisselles et procure une sensation de fra\u00eecheur et de s\u00e9cheresse tout au long de la journ\u00e9e.<br \/>\nTriglyc\u00e9rides caprylique et caprylique : agent occlusif naturel qui agit essentiellement comme un revitalisant pour la peau.<br \/>\nAlcool st\u00e9arylique : stabilisateur d&rsquo;origine v\u00e9g\u00e9tale.<br \/>\nBicarbonate de soude : aide \u00e0 pr\u00e9venir les odeurs d\u00e9sagr\u00e9ables (\u00e9galement connu sous le nom de bicarbonate de sodium).<br \/>\nButyrospermum parkii : \u00e9galement connu sous le nom de beurre de karit\u00e9.<br \/>\nCocos nucifera : \u00e9galement connu sous le nom d&rsquo;huile de coco<br \/>\nHelianthus annuus : \u00e9galement connue sous le nom d&rsquo;huile de graines de tournesol<br \/>\nSimmondsia chinensis : \u00e9galement connue sous le nom d&rsquo;huile de graines de jojoba<br \/>\nEsters de jojoba : \u00e9mollient naturel qui aide \u00e0 garder la peau douce, lisse et souple.<br \/>\nPolyglyc\u00e9ryl-3 cire d&rsquo;abeille : \u00e9mulsifiant d\u00e9riv\u00e9 de la cire d&rsquo;abeille.<br \/>\nHuile de ricin hydrog\u00e9n\u00e9e : autre occlusif ou conditionneur naturel de la peau.<br \/>\nCitrate de tri\u00e9thyle : enzyme v\u00e9g\u00e9tale et d\u00e9odorant utile.<br \/>\nHuile essentielle d&rsquo;\u00e9pic\u00e9a (Picea mariana) : ar\u00f4me frais de pin.<\/p>\n<p>Huile essentielle de feuille de Ho (Cinnamomum camphora linaloolifera) : ar\u00f4me floral, doux et chaud.<br \/>\nHuile essentielle d&rsquo;encens (Boswellia carterii) : ar\u00f4me chaud et pur.<br \/>\nHuile essentielle de Tanacetum annuum : Douce, herbac\u00e9e et l\u00e9g\u00e8rement florale<br \/>\nHuile essentielle de Chamomilla recutita : Fra\u00eeche, douce et herbac\u00e9e<br \/>\nHuile essentielle d&rsquo;Osmanthus fragrans (Osmanthus fragrans) : ar\u00f4me riche, fruit\u00e9 et floral.<br \/>\nTocoph\u00e9rol : Compos\u00e9 naturel apparent\u00e9 \u00e0 la vitamine E aux propri\u00e9t\u00e9s antioxydantes.<\/p>\n","protected":false},"excerpt":{"rendered":"<p>Le d\u00e9odorant doTERRA BALANCE est infus\u00e9 avec certaines des fragrances d&rsquo;huiles essentielles les plus pr\u00e9cieuses et les plus apaisantes de la plan\u00e8te. 75g.<\/p>\n","protected":false},"featured_media":22495,"template":"","meta":{"site-sidebar-layout":"default","site-content-layout":"default","ast-site-content-layout":"default","site-content-style":"default","site-sidebar-style":"default","ast-global-header-display":"","ast-banner-title-visibility":"","ast-main-header-display":"","ast-hfb-above-header-display":"","ast-hfb-below-header-display":"","ast-hfb-mobile-header-display":"","site-post-title":"","ast-breadcrumbs-content":"","ast-featured-img":"","footer-sml-layout":"","ast-disable-related-posts":"","theme-transparent-header-meta":"default","adv-header-id-meta":"","stick-header-meta":"","header-above-stick-meta":"","header-main-stick-meta":"","header-below-stick-meta":"","astra-migrate-meta-layouts":"set","ast-page-background-enabled":"default","ast-page-background-meta":{"desktop":{"background-color":"","background-image":"","background-repeat":"repeat","background-position":"center center","background-size":"auto","background-attachment":"scroll","background-type":"","background-media":"","overlay-type":"","overlay-color":"","overlay-opacity":"","overlay-gradient":""},"tablet":{"background-color":"","background-image":"","background-repeat":"repeat","background-position":"center center","background-size":"auto","background-attachment":"scroll","background-type":"","background-media":"","overlay-type":"","overlay-color":"","overlay-opacity":"","overlay-gradient":""},"mobile":{"background-color":"","background-image":"","background-repeat":"repeat","background-position":"center center","background-size":"auto","background-attachment":"scroll","background-type":"","background-media":"","overlay-type":"","overlay-color":"","overlay-opacity":"","overlay-gradient":""}},"ast-content-background-meta":{"desktop":{"background-color":"var(--ast-global-color-5)","background-image":"","background-repeat":"repeat","background-position":"center center","background-size":"auto","background-attachment":"scroll","background-type":"","background-media":"","overlay-type":"","overlay-color":"","overlay-opacity":"","overlay-gradient":""},"tablet":{"background-color":"var(--ast-global-color-5)","background-image":"","background-repeat":"repeat","background-position":"center center","background-size":"auto","background-attachment":"scroll","background-type":"","background-media":"","overlay-type":"","overlay-color":"","overlay-opacity":"","overlay-gradient":""},"mobile":{"background-color":"var(--ast-global-color-5)","background-image":"","background-repeat":"repeat","background-position":"center center","background-size":"auto","background-attachment":"scroll","background-type":"","background-media":"","overlay-type":"","overlay-color":"","overlay-opacity":"","overlay-gradient":""}}},"product_brand":[],"product_cat":[1940,1960],"product_tag":[2171,2979,3352],"class_list":{"0":"post-22494","1":"product","2":"type-product","3":"status-publish","4":"has-post-thumbnail","6":"product_cat-huiles-essentielles","7":"product_cat-hygiene-et-soins-de-la-peau","8":"product_tag-75g-fr","9":"product_tag-balance-fr","10":"product_tag-deodorant-fr","11":"desktop-align-left","12":"tablet-align-left","13":"mobile-align-left","15":"first","16":"instock","17":"taxable","18":"shipping-taxable","19":"purchasable","20":"product-type-simple"},"_links":{"self":[{"href":"https:\/\/mamaterra.lt\/fr\/wp-json\/wp\/v2\/product\/22494","targetHints":{"allow":["GET"]}}],"collection":[{"href":"https:\/\/mamaterra.lt\/fr\/wp-json\/wp\/v2\/product"}],"about":[{"href":"https:\/\/mamaterra.lt\/fr\/wp-json\/wp\/v2\/types\/product"}],"wp:featuredmedia":[{"embeddable":true,"href":"https:\/\/mamaterra.lt\/fr\/wp-json\/wp\/v2\/media\/22495"}],"wp:attachment":[{"href":"https:\/\/mamaterra.lt\/fr\/wp-json\/wp\/v2\/media?parent=22494"}],"wp:term":[{"taxonomy":"product_brand","embeddable":true,"href":"https:\/\/mamaterra.lt\/fr\/wp-json\/wp\/v2\/product_brand?post=22494"},{"taxonomy":"product_cat","embeddable":true,"href":"https:\/\/mamaterra.lt\/fr\/wp-json\/wp\/v2\/product_cat?post=22494"},{"taxonomy":"product_tag","embeddable":true,"href":"https:\/\/mamaterra.lt\/fr\/wp-json\/wp\/v2\/product_tag?post=22494"}],"curies":[{"name":"wp","href":"https:\/\/api.w.org\/{rel}","templated":true}]}}