{"id":22482,"date":"2021-04-19T08:03:59","date_gmt":"2021-04-19T07:03:59","guid":{"rendered":"https:\/\/mamaterra.lt\/parduotuve\/non%20class\u00e9\/doterra-motivate-touch-eteriniu-alieju-misinys-10ml\/"},"modified":"2024-03-15T20:55:20","modified_gmt":"2024-03-15T19:55:20","slug":"doterra-motivate-touch-melange-dhuiles-essentielles","status":"publish","type":"product","link":"https:\/\/mamaterra.lt\/fr\/parduotuve\/huiles-essentielles\/melanges-dhuiles-essentielles\/doterra-motivate-touch-melange-dhuiles-essentielles\/","title":{"rendered":"doTERRA MOTIVATE\u2122 TOUCH M\u00e9lange d&rsquo;huiles essentielles"},"content":{"rendered":"<p><strong>doTERRA MOTIVATE\u2122 TOUCH M\u00e9lange d&rsquo;huiles essentielles<\/strong><\/p>\n<p>Flacon de 10 ml avec applicateur \u00e0 bille<\/p>\n<p>&nbsp;<\/p>\n<p>doTERRA MOTIVATE\u2122 TOUCH M\u00e9lange d&rsquo;huiles essentielles Description et ingr\u00e9dients :<\/p>\n<p>Gr\u00e2ce au m\u00e9lange unique d&rsquo;huiles essentielles de menthe et d&rsquo;agrumes contenu dans doTERRA Motivate, vous pouvez remplacer les \u00e9motions n\u00e9gatives par un sentiment de confiance et de courage.<\/p>\n<p>Il aide \u00e0 soulager la tension que vous ressentez<br \/>\nCr\u00e9e un ar\u00f4me stimulant<br \/>\nAide \u00e0 ancrer et \u00e0 \u00e9quilibrer les \u00e9motions<\/p>\n<p>&nbsp;<\/p>\n<p>Pour plus d&rsquo;informations sur le m\u00e9lange d&rsquo;huiles essentielles doTERRA MOTIVATE\u2122 TOUCH, regardez la vid\u00e9o ci-dessous.<\/p>\n<p><iframe title=\"Best Liquid Courage With doTERRA Motivate Touch\" src=\"https:\/\/www.youtube.com\/embed\/jZi9rFGc1dE\" width=\"942\" height=\"530\" frameborder=\"0\" allowfullscreen=\"allowfullscreen\"><\/iframe><\/p>\n","protected":false},"excerpt":{"rendered":"<ul>\n<li>Il aide \u00e0 soulager la tension que vous ressentez<\/li>\n<li>Cr\u00e9e un ar\u00f4me stimulant<\/li>\n<li>Aide \u00e0 ancrer et \u00e0 \u00e9quilibrer les \u00e9motions<\/li>\n<\/ul>\n","protected":false},"featured_media":22483,"template":"","meta":{"site-sidebar-layout":"default","site-content-layout":"default","ast-site-content-layout":"default","site-content-style":"default","site-sidebar-style":"default","ast-global-header-display":"","ast-banner-title-visibility":"","ast-main-header-display":"","ast-hfb-above-header-display":"","ast-hfb-below-header-display":"","ast-hfb-mobile-header-display":"","site-post-title":"","ast-breadcrumbs-content":"","ast-featured-img":"","footer-sml-layout":"","ast-disable-related-posts":"","theme-transparent-header-meta":"default","adv-header-id-meta":"","stick-header-meta":"","header-above-stick-meta":"","header-main-stick-meta":"","header-below-stick-meta":"","astra-migrate-meta-layouts":"set","ast-page-background-enabled":"default","ast-page-background-meta":{"desktop":{"background-color":"","background-image":"","background-repeat":"repeat","background-position":"center center","background-size":"auto","background-attachment":"scroll","background-type":"","background-media":"","overlay-type":"","overlay-color":"","overlay-opacity":"","overlay-gradient":""},"tablet":{"background-color":"","background-image":"","background-repeat":"repeat","background-position":"center center","background-size":"auto","background-attachment":"scroll","background-type":"","background-media":"","overlay-type":"","overlay-color":"","overlay-opacity":"","overlay-gradient":""},"mobile":{"background-color":"","background-image":"","background-repeat":"repeat","background-position":"center center","background-size":"auto","background-attachment":"scroll","background-type":"","background-media":"","overlay-type":"","overlay-color":"","overlay-opacity":"","overlay-gradient":""}},"ast-content-background-meta":{"desktop":{"background-color":"var(--ast-global-color-5)","background-image":"","background-repeat":"repeat","background-position":"center center","background-size":"auto","background-attachment":"scroll","background-type":"","background-media":"","overlay-type":"","overlay-color":"","overlay-opacity":"","overlay-gradient":""},"tablet":{"background-color":"var(--ast-global-color-5)","background-image":"","background-repeat":"repeat","background-position":"center center","background-size":"auto","background-attachment":"scroll","background-type":"","background-media":"","overlay-type":"","overlay-color":"","overlay-opacity":"","overlay-gradient":""},"mobile":{"background-color":"var(--ast-global-color-5)","background-image":"","background-repeat":"repeat","background-position":"center center","background-size":"auto","background-attachment":"scroll","background-type":"","background-media":"","overlay-type":"","overlay-color":"","overlay-opacity":"","overlay-gradient":""}}},"product_brand":[],"product_cat":[1940,2040,1945,2045],"product_tag":[2079,3237,3091,2607],"class_list":{"0":"post-22482","1":"product","2":"type-product","3":"status-publish","4":"has-post-thumbnail","6":"product_cat-huiles-essentielles","7":"product_cat-la-gestion-du-stress","8":"product_cat-melanges-dhuiles-essentielles","9":"product_cat-pour-les-enfants","10":"product_tag-10-ml-fr","11":"product_tag-melanges-dhuiles-essentielles","12":"product_tag-motivate-fr","13":"product_tag-motivate-touch-fr","14":"desktop-align-left","15":"tablet-align-left","16":"mobile-align-left","18":"first","19":"instock","20":"sale","21":"taxable","22":"shipping-taxable","23":"purchasable","24":"product-type-simple"},"_links":{"self":[{"href":"https:\/\/mamaterra.lt\/fr\/wp-json\/wp\/v2\/product\/22482","targetHints":{"allow":["GET"]}}],"collection":[{"href":"https:\/\/mamaterra.lt\/fr\/wp-json\/wp\/v2\/product"}],"about":[{"href":"https:\/\/mamaterra.lt\/fr\/wp-json\/wp\/v2\/types\/product"}],"wp:featuredmedia":[{"embeddable":true,"href":"https:\/\/mamaterra.lt\/fr\/wp-json\/wp\/v2\/media\/22483"}],"wp:attachment":[{"href":"https:\/\/mamaterra.lt\/fr\/wp-json\/wp\/v2\/media?parent=22482"}],"wp:term":[{"taxonomy":"product_brand","embeddable":true,"href":"https:\/\/mamaterra.lt\/fr\/wp-json\/wp\/v2\/product_brand?post=22482"},{"taxonomy":"product_cat","embeddable":true,"href":"https:\/\/mamaterra.lt\/fr\/wp-json\/wp\/v2\/product_cat?post=22482"},{"taxonomy":"product_tag","embeddable":true,"href":"https:\/\/mamaterra.lt\/fr\/wp-json\/wp\/v2\/product_tag?post=22482"}],"curies":[{"name":"wp","href":"https:\/\/api.w.org\/{rel}","templated":true}]}}