{"id":22470,"date":"2021-04-19T07:53:32","date_gmt":"2021-04-19T06:53:32","guid":{"rendered":"https:\/\/mamaterra.lt\/parduotuve\/non%20class\u00e9\/doterra-adaptiv-touch-eteriniu-alieju-misinys-10ml\/"},"modified":"2024-03-15T20:38:23","modified_gmt":"2024-03-15T19:38:23","slug":"doterra-adaptiv-touch-melange-dhuiles-essentielles","status":"publish","type":"product","link":"https:\/\/mamaterra.lt\/fr\/parduotuve\/huiles-essentielles\/melanges-dhuiles-essentielles\/doterra-adaptiv-touch-melange-dhuiles-essentielles\/","title":{"rendered":"doTERRA ADAPTIV\u2122 TOUCH M\u00e9lange d&rsquo;huiles essentielles"},"content":{"rendered":"<p><strong>doTERRA ADAPTIV\u2122 TOUCH M\u00e9lange d&rsquo;huiles essentielles<\/strong><\/p>\n<p>Flacon de 10 ml avec applicateur \u00e0 bille<br \/>\ndoTERRA ADAPTIV\u2122 TOUCH M\u00e9lange d&rsquo;huiles essentielles Description et ingr\u00e9dients :<\/p>\n<p>Lorsque vous ressentez le besoin d&rsquo;un coup de pouce apaisant, Adaptiv est votre solution. Gardez Adaptiv Touch \u00e0 port\u00e9e de main pour vous sentir bien dans n&rsquo;importe quel environnement ou situation.<\/p>\n<p>La lavande, le magnolia, le n\u00e9roli et le m\u00e9lilot ont un effet calmant, tandis que l&rsquo;orange sauvage et la menthe verte donnent de l&rsquo;\u00e9nergie et du tonus. En outre, le copaiba et le romarin aident \u00e0 calmer les \u00e9motions. Que vous vous sentiez fatigu\u00e9, agit\u00e9, ind\u00e9cis ou irritable, Adaptiv est le rem\u00e8de qui vous aidera \u00e0 maintenir l&rsquo;\u00e9quilibre du corps et de l&rsquo;esprit.<\/p>\n<p>Aide \u00e0 am\u00e9liorer l&rsquo;humeur<br \/>\nRenforce le sentiment de calme<br \/>\nCalme et stimule<\/p>\n<p><iframe title=\"Incredible doTERRA ADAPTIV Touch Calming Blend Benefits And Uses\" src=\"https:\/\/www.youtube.com\/embed\/uNjREx2GW4A\" width=\"853\" height=\"480\" frameborder=\"0\" allowfullscreen=\"allowfullscreen\"><\/iframe><\/p>\n","protected":false},"excerpt":{"rendered":"<ul>\n<li>Aide \u00e0 am\u00e9liorer l&rsquo;humeur<\/li>\n<li>Renforce le sentiment de calme<\/li>\n<li>Calme et stimule<\/li>\n<\/ul>\n","protected":false},"featured_media":22471,"template":"","meta":{"site-sidebar-layout":"default","site-content-layout":"default","ast-site-content-layout":"default","site-content-style":"default","site-sidebar-style":"default","ast-global-header-display":"","ast-banner-title-visibility":"","ast-main-header-display":"","ast-hfb-above-header-display":"","ast-hfb-below-header-display":"","ast-hfb-mobile-header-display":"","site-post-title":"","ast-breadcrumbs-content":"","ast-featured-img":"","footer-sml-layout":"","ast-disable-related-posts":"","theme-transparent-header-meta":"default","adv-header-id-meta":"","stick-header-meta":"","header-above-stick-meta":"","header-main-stick-meta":"","header-below-stick-meta":"","astra-migrate-meta-layouts":"set","ast-page-background-enabled":"default","ast-page-background-meta":{"desktop":{"background-color":"","background-image":"","background-repeat":"repeat","background-position":"center center","background-size":"auto","background-attachment":"scroll","background-type":"","background-media":"","overlay-type":"","overlay-color":"","overlay-opacity":"","overlay-gradient":""},"tablet":{"background-color":"","background-image":"","background-repeat":"repeat","background-position":"center center","background-size":"auto","background-attachment":"scroll","background-type":"","background-media":"","overlay-type":"","overlay-color":"","overlay-opacity":"","overlay-gradient":""},"mobile":{"background-color":"","background-image":"","background-repeat":"repeat","background-position":"center center","background-size":"auto","background-attachment":"scroll","background-type":"","background-media":"","overlay-type":"","overlay-color":"","overlay-opacity":"","overlay-gradient":""}},"ast-content-background-meta":{"desktop":{"background-color":"var(--ast-global-color-5)","background-image":"","background-repeat":"repeat","background-position":"center center","background-size":"auto","background-attachment":"scroll","background-type":"","background-media":"","overlay-type":"","overlay-color":"","overlay-opacity":"","overlay-gradient":""},"tablet":{"background-color":"var(--ast-global-color-5)","background-image":"","background-repeat":"repeat","background-position":"center center","background-size":"auto","background-attachment":"scroll","background-type":"","background-media":"","overlay-type":"","overlay-color":"","overlay-opacity":"","overlay-gradient":""},"mobile":{"background-color":"var(--ast-global-color-5)","background-image":"","background-repeat":"repeat","background-position":"center center","background-size":"auto","background-attachment":"scroll","background-type":"","background-media":"","overlay-type":"","overlay-color":"","overlay-opacity":"","overlay-gradient":""}}},"product_brand":[],"product_cat":[1995,2005,1940,2040,1945],"product_tag":[2079,3014,3237],"class_list":{"0":"post-22470","1":"product","2":"type-product","3":"status-publish","4":"has-post-thumbnail","6":"product_cat-concentration-fr","7":"product_cat-dormir-fr","8":"product_cat-huiles-essentielles","9":"product_cat-la-gestion-du-stress","10":"product_cat-melanges-dhuiles-essentielles","11":"product_tag-10-ml-fr","12":"product_tag-adaptiv-touch-fr","13":"product_tag-melanges-dhuiles-essentielles","14":"desktop-align-left","15":"tablet-align-left","16":"mobile-align-left","18":"first","19":"instock","20":"sale","21":"taxable","22":"shipping-taxable","23":"purchasable","24":"product-type-simple"},"_links":{"self":[{"href":"https:\/\/mamaterra.lt\/fr\/wp-json\/wp\/v2\/product\/22470","targetHints":{"allow":["GET"]}}],"collection":[{"href":"https:\/\/mamaterra.lt\/fr\/wp-json\/wp\/v2\/product"}],"about":[{"href":"https:\/\/mamaterra.lt\/fr\/wp-json\/wp\/v2\/types\/product"}],"wp:featuredmedia":[{"embeddable":true,"href":"https:\/\/mamaterra.lt\/fr\/wp-json\/wp\/v2\/media\/22471"}],"wp:attachment":[{"href":"https:\/\/mamaterra.lt\/fr\/wp-json\/wp\/v2\/media?parent=22470"}],"wp:term":[{"taxonomy":"product_brand","embeddable":true,"href":"https:\/\/mamaterra.lt\/fr\/wp-json\/wp\/v2\/product_brand?post=22470"},{"taxonomy":"product_cat","embeddable":true,"href":"https:\/\/mamaterra.lt\/fr\/wp-json\/wp\/v2\/product_cat?post=22470"},{"taxonomy":"product_tag","embeddable":true,"href":"https:\/\/mamaterra.lt\/fr\/wp-json\/wp\/v2\/product_tag?post=22470"}],"curies":[{"name":"wp","href":"https:\/\/api.w.org\/{rel}","templated":true}]}}