{"id":22450,"date":"2021-04-18T17:03:36","date_gmt":"2021-04-18T16:03:36","guid":{"rendered":"https:\/\/mamaterra.lt\/parduotuve\/non%20class\u00e9\/doterra-adaptiv-raminamasis-eteriniu-alieju-misinys-15ml\/"},"modified":"2024-03-13T21:22:58","modified_gmt":"2024-03-13T20:22:58","slug":"doterra-adaptiv-melange-calmant15ml","status":"publish","type":"product","link":"https:\/\/mamaterra.lt\/fr\/parduotuve\/huiles-essentielles\/melanges-dhuiles-essentielles\/doterra-adaptiv-melange-calmant15ml\/","title":{"rendered":"doTERRA ADAPTIV\u2122 M\u00e9lange calmant15ml"},"content":{"rendered":"<p><strong>\u00a0doTERRA ADAPTIV\u2122 M\u00e9lange calmant<\/strong><\/p>\n<p>15ml<\/p>\n<p>&nbsp;<\/p>\n<p>Lorsque vous ressentez le besoin d&rsquo;un coup de pouce calmant, Adaptiv est votre solution. Adaptiv est un m\u00e9lange exclusif qui associe les huiles essentielles d&rsquo;orange sauvage, de lavande, de copa\u00efba, de menthe verte, de magnolia, de romarin, de n\u00e9roli et de m\u00e9lilot. La lavande a des effets calmants tandis que l&rsquo;orange sauvage est stimulante. Gardez Adaptiv \u00e0 port\u00e9e de main pour vous aider \u00e0 vous r\u00e9conforter dans un nouvel environnement ou une nouvelle situation. Utilisez Adaptiv en combinaison avec Adaptiv Touch pour des r\u00e9sultats synergiques.<\/p>\n<p>S&rsquo;adapter avec facilit\u00e9<br \/>\nLa vie est faite de changements et de d\u00e9fis inattendus. Adaptiv est sp\u00e9cialement formul\u00e9 pour vous aider \u00e0 vous adapter \u00e0 ces changements avec gr\u00e2ce et confiance. Premier jour dans un nouvel emploi ? Un examen important se profile \u00e0 l&rsquo;horizon ? Vous cherchez \u00e0 adopter une attitude plus positive ? Adaptiv peut vous aider.<\/p>\n<p>Utilisations<br \/>\nPrenez un bain relaxant au sel d&rsquo;Epsom en ajoutant trois \u00e0 quatre gouttes d&rsquo;Adaptiv dilu\u00e9 \u00e0 l&rsquo;eau du bain.<br \/>\nM\u00e9langer trois gouttes \u00e0 de l&rsquo;huile de coco fractionn\u00e9e pour un massage apaisant.<br \/>\nMode d&#8217;emploi<br \/>\nPour le massage, m\u00e9langer 5 gouttes \u00e0 10 ml d&rsquo;huile de base. Pour le bain, m\u00e9langez 5 gouttes \u00e0 5 ml d&rsquo;huile de base. Pour parfumer, m\u00e9langer 1 \u00e0 10 gouttes d&rsquo;huile de base.<br \/>\nPr\u00e9cautions<br \/>\nSensibilit\u00e9 cutan\u00e9e possible. Tenir hors de port\u00e9e des enfants. Consultez votre m\u00e9decin en cas de grossesse ou de traitement. \u00c9viter les yeux, les oreilles internes et les zones sensibles. \u00c9viter la lumi\u00e8re du soleil et les rayons UV pendant au moins 12 heures apr\u00e8s l&rsquo;application.<\/p>\n<p><iframe title=\"What Makes doTERRA Adaptiv\u2122 Different? (Translated Subtitles)\" src=\"https:\/\/www.youtube.com\/embed\/4OlH4bwZvC0\" width=\"853\" height=\"480\" frameborder=\"0\" allowfullscreen=\"allowfullscreen\"><\/iframe><\/p>\n","protected":false},"excerpt":{"rendered":"<ul>\n<li>Contribue \u00e0 am\u00e9liorer l&rsquo;humeur<\/li>\n<li>Renforce le sentiment de calme<\/li>\n<li>Calme et stimule<\/li>\n<li>Aide \u00e0 travailler ou \u00e0 \u00e9tudier plus efficacement<\/li>\n<\/ul>\n","protected":false},"featured_media":22451,"template":"","meta":{"site-sidebar-layout":"default","site-content-layout":"default","ast-site-content-layout":"default","site-content-style":"default","site-sidebar-style":"default","ast-global-header-display":"","ast-banner-title-visibility":"","ast-main-header-display":"","ast-hfb-above-header-display":"","ast-hfb-below-header-display":"","ast-hfb-mobile-header-display":"","site-post-title":"","ast-breadcrumbs-content":"","ast-featured-img":"","footer-sml-layout":"","ast-disable-related-posts":"","theme-transparent-header-meta":"default","adv-header-id-meta":"","stick-header-meta":"","header-above-stick-meta":"","header-main-stick-meta":"","header-below-stick-meta":"","astra-migrate-meta-layouts":"set","ast-page-background-enabled":"default","ast-page-background-meta":{"desktop":{"background-color":"","background-image":"","background-repeat":"repeat","background-position":"center center","background-size":"auto","background-attachment":"scroll","background-type":"","background-media":"","overlay-type":"","overlay-color":"","overlay-opacity":"","overlay-gradient":""},"tablet":{"background-color":"","background-image":"","background-repeat":"repeat","background-position":"center center","background-size":"auto","background-attachment":"scroll","background-type":"","background-media":"","overlay-type":"","overlay-color":"","overlay-opacity":"","overlay-gradient":""},"mobile":{"background-color":"","background-image":"","background-repeat":"repeat","background-position":"center center","background-size":"auto","background-attachment":"scroll","background-type":"","background-media":"","overlay-type":"","overlay-color":"","overlay-opacity":"","overlay-gradient":""}},"ast-content-background-meta":{"desktop":{"background-color":"var(--ast-global-color-5)","background-image":"","background-repeat":"repeat","background-position":"center center","background-size":"auto","background-attachment":"scroll","background-type":"","background-media":"","overlay-type":"","overlay-color":"","overlay-opacity":"","overlay-gradient":""},"tablet":{"background-color":"var(--ast-global-color-5)","background-image":"","background-repeat":"repeat","background-position":"center center","background-size":"auto","background-attachment":"scroll","background-type":"","background-media":"","overlay-type":"","overlay-color":"","overlay-opacity":"","overlay-gradient":""},"mobile":{"background-color":"var(--ast-global-color-5)","background-image":"","background-repeat":"repeat","background-position":"center center","background-size":"auto","background-attachment":"scroll","background-type":"","background-media":"","overlay-type":"","overlay-color":"","overlay-opacity":"","overlay-gradient":""}}},"product_brand":[],"product_cat":[2005,1940,2040,1945,2045],"product_tag":[2094,2274,3237],"class_list":{"0":"post-22450","1":"product","2":"type-product","3":"status-publish","4":"has-post-thumbnail","6":"product_cat-dormir-fr","7":"product_cat-huiles-essentielles","8":"product_cat-la-gestion-du-stress","9":"product_cat-melanges-dhuiles-essentielles","10":"product_cat-pour-les-enfants","11":"product_tag-15-ml-fr","12":"product_tag-adaptiv-fr","13":"product_tag-melanges-dhuiles-essentielles","14":"desktop-align-left","15":"tablet-align-left","16":"mobile-align-left","18":"first","19":"instock","20":"featured","21":"taxable","22":"shipping-taxable","23":"purchasable","24":"product-type-simple"},"_links":{"self":[{"href":"https:\/\/mamaterra.lt\/fr\/wp-json\/wp\/v2\/product\/22450","targetHints":{"allow":["GET"]}}],"collection":[{"href":"https:\/\/mamaterra.lt\/fr\/wp-json\/wp\/v2\/product"}],"about":[{"href":"https:\/\/mamaterra.lt\/fr\/wp-json\/wp\/v2\/types\/product"}],"wp:featuredmedia":[{"embeddable":true,"href":"https:\/\/mamaterra.lt\/fr\/wp-json\/wp\/v2\/media\/22451"}],"wp:attachment":[{"href":"https:\/\/mamaterra.lt\/fr\/wp-json\/wp\/v2\/media?parent=22450"}],"wp:term":[{"taxonomy":"product_brand","embeddable":true,"href":"https:\/\/mamaterra.lt\/fr\/wp-json\/wp\/v2\/product_brand?post=22450"},{"taxonomy":"product_cat","embeddable":true,"href":"https:\/\/mamaterra.lt\/fr\/wp-json\/wp\/v2\/product_cat?post=22450"},{"taxonomy":"product_tag","embeddable":true,"href":"https:\/\/mamaterra.lt\/fr\/wp-json\/wp\/v2\/product_tag?post=22450"}],"curies":[{"name":"wp","href":"https:\/\/api.w.org\/{rel}","templated":true}]}}