{"id":22440,"date":"2023-11-21T20:13:21","date_gmt":"2023-11-21T19:13:21","guid":{"rendered":"https:\/\/mamaterra.lt\/parduotuve\/non%20class\u00e9\/doterra-lupu-blizgis-lip-gloss\/"},"modified":"2024-03-13T21:11:32","modified_gmt":"2024-03-13T20:11:32","slug":"brillant-a-levres-doterra","status":"publish","type":"product","link":"https:\/\/mamaterra.lt\/fr\/parduotuve\/cadeaux\/cadeaux-pour-femmes\/brillant-a-levres-doterra\/","title":{"rendered":"Brillant \u00e0 l\u00e8vres doTERRA"},"content":{"rendered":"<p>Un brillant \u00e0 l\u00e8vres teint\u00e9 ultra-hydratant, infus\u00e9 d&rsquo;huiles essentielles de menthe japonaise, d&rsquo;orange sauvage et de clou de girofle, certifi\u00e9es CPTG, pures et test\u00e9es, pour donner aux l\u00e8vres une couleur gingembre et une brillance magnifiques. Enrichi d&rsquo;un m\u00e9lange d&rsquo;\u00e9mollients naturels tels que des esters de jojoba et de l&rsquo;huile de graines de tournesol, ce gloss \u00e0 la menthe donne \u00e0 vos l\u00e8vres un \u00e9clat riche, une grande brillance et une bonne hydratation.<\/p>\n<p>Le flacon est muni d&rsquo;un applicateur \u00e0 embout pour une application uniforme \u00e0 chaque fois et se range facilement dans votre trousse de maquillage, votre sac \u00e0 main ou votre poche. Ce gloss est id\u00e9al pour tous les jours ou pour les soir\u00e9es, car il garde les l\u00e8vres douces et hydrat\u00e9es.<\/p>\n<p>Donne \u00e0 vos l\u00e8vres un fini brillant.<br \/>\nDonne une couleur chaude.<br \/>\nHydrate et adoucit.<br \/>\nFournit un m\u00e9lange d&rsquo;\u00e9mollients hydratants.<br \/>\nAvertissement<\/p>\n<p>Pour usage externe uniquement. Tenir hors de port\u00e9e des enfants.<\/p>\n","protected":false},"excerpt":{"rendered":"<p>Un brillant \u00e0 l\u00e8vres teint\u00e9 ultra-hydratant, infus\u00e9 d&rsquo;huiles essentielles de menthe japonaise, d&rsquo;orange sauvage et de clou de girofle, certifi\u00e9es CPTG, pures et test\u00e9es, pour donner aux l\u00e8vres une couleur gingembre et une brillance magnifiques. Enrichi d&rsquo;un m\u00e9lange d&rsquo;\u00e9mollients naturels tels que des esters de jojoba et de l&rsquo;huile de graines de tournesol, ce gloss \u00e0 la menthe donne \u00e0 vos l\u00e8vres un \u00e9clat riche, une grande brillance et une bonne hydratation.<\/p>\n","protected":false},"featured_media":23610,"template":"","meta":{"site-sidebar-layout":"default","site-content-layout":"","ast-site-content-layout":"default","site-content-style":"default","site-sidebar-style":"default","ast-global-header-display":"","ast-banner-title-visibility":"","ast-main-header-display":"","ast-hfb-above-header-display":"","ast-hfb-below-header-display":"","ast-hfb-mobile-header-display":"","site-post-title":"","ast-breadcrumbs-content":"","ast-featured-img":"","footer-sml-layout":"","ast-disable-related-posts":"","theme-transparent-header-meta":"default","adv-header-id-meta":"","stick-header-meta":"","header-above-stick-meta":"","header-main-stick-meta":"","header-below-stick-meta":"","astra-migrate-meta-layouts":"set","ast-page-background-enabled":"default","ast-page-background-meta":{"desktop":{"background-color":"","background-image":"","background-repeat":"repeat","background-position":"center center","background-size":"auto","background-attachment":"scroll","background-type":"","background-media":"","overlay-type":"","overlay-color":"","overlay-opacity":"","overlay-gradient":""},"tablet":{"background-color":"","background-image":"","background-repeat":"repeat","background-position":"center center","background-size":"auto","background-attachment":"scroll","background-type":"","background-media":"","overlay-type":"","overlay-color":"","overlay-opacity":"","overlay-gradient":""},"mobile":{"background-color":"","background-image":"","background-repeat":"repeat","background-position":"center center","background-size":"auto","background-attachment":"scroll","background-type":"","background-media":"","overlay-type":"","overlay-color":"","overlay-opacity":"","overlay-gradient":""}},"ast-content-background-meta":{"desktop":{"background-color":"var(--ast-global-color-5)","background-image":"","background-repeat":"repeat","background-position":"center center","background-size":"auto","background-attachment":"scroll","background-type":"","background-media":"","overlay-type":"","overlay-color":"","overlay-opacity":"","overlay-gradient":""},"tablet":{"background-color":"var(--ast-global-color-5)","background-image":"","background-repeat":"repeat","background-position":"center center","background-size":"auto","background-attachment":"scroll","background-type":"","background-media":"","overlay-type":"","overlay-color":"","overlay-opacity":"","overlay-gradient":""},"mobile":{"background-color":"var(--ast-global-color-5)","background-image":"","background-repeat":"repeat","background-position":"center center","background-size":"auto","background-attachment":"scroll","background-type":"","background-media":"","overlay-type":"","overlay-color":"","overlay-opacity":"","overlay-gradient":""}}},"product_brand":[],"product_cat":[1923,1930,2010],"product_tag":[],"class_list":{"0":"post-22440","1":"product","2":"type-product","3":"status-publish","4":"has-post-thumbnail","6":"product_cat-cadeaux","7":"product_cat-cadeaux-pour-femmes","8":"product_cat-pour-femme","9":"desktop-align-left","10":"tablet-align-left","11":"mobile-align-left","13":"first","14":"outofstock","15":"taxable","16":"shipping-taxable","17":"purchasable","18":"product-type-simple"},"_links":{"self":[{"href":"https:\/\/mamaterra.lt\/fr\/wp-json\/wp\/v2\/product\/22440","targetHints":{"allow":["GET"]}}],"collection":[{"href":"https:\/\/mamaterra.lt\/fr\/wp-json\/wp\/v2\/product"}],"about":[{"href":"https:\/\/mamaterra.lt\/fr\/wp-json\/wp\/v2\/types\/product"}],"wp:featuredmedia":[{"embeddable":true,"href":"https:\/\/mamaterra.lt\/fr\/wp-json\/wp\/v2\/media\/23610"}],"wp:attachment":[{"href":"https:\/\/mamaterra.lt\/fr\/wp-json\/wp\/v2\/media?parent=22440"}],"wp:term":[{"taxonomy":"product_brand","embeddable":true,"href":"https:\/\/mamaterra.lt\/fr\/wp-json\/wp\/v2\/product_brand?post=22440"},{"taxonomy":"product_cat","embeddable":true,"href":"https:\/\/mamaterra.lt\/fr\/wp-json\/wp\/v2\/product_cat?post=22440"},{"taxonomy":"product_tag","embeddable":true,"href":"https:\/\/mamaterra.lt\/fr\/wp-json\/wp\/v2\/product_tag?post=22440"}],"curies":[{"name":"wp","href":"https:\/\/api.w.org\/{rel}","templated":true}]}}