{"id":22427,"date":"2022-09-17T11:46:44","date_gmt":"2022-09-17T10:46:44","guid":{"rendered":"https:\/\/mamaterra.lt\/parduotuve\/non%20class\u00e9\/doterra-losjonas-po-skutimosi-150ml-duso-gelis-250ml\/"},"modified":"2024-03-13T21:01:53","modified_gmt":"2024-03-13T20:01:53","slug":"doterra-lotion-apres-rasage-et-gel-douche-midnight-forest","status":"publish","type":"product","link":"https:\/\/mamaterra.lt\/fr\/parduotuve\/cadeaux\/cadeaux-pour-hommes\/doterra-lotion-apres-rasage-et-gel-douche-midnight-forest\/","title":{"rendered":"doTERRA Lotion apr\u00e8s-rasage et gel douche Midnight Forest"},"content":{"rendered":"<p><strong>\u00a0doTERRA Lotion apr\u00e8s-rasage et gel douche Midnight Forest<\/strong><\/p>\n<p>Ce gel douche et apr\u00e8s-rasage est enrichi d&rsquo;huiles essentielles de sapin de Sib\u00e9rie, de cypr\u00e8s, de baies de gen\u00e9vrier, d&rsquo;\u00e9pinette noire, d&rsquo;orange sauvage, d&rsquo;encens et de carvi &#8211; tout ce dont votre peau a besoin pour se sentir fra\u00eeche et rafra\u00eechie !<\/p>\n<p>Enrichie du m\u00e9lange Midnight Forest Nature Blend, d\u00e9velopp\u00e9 exclusivement pour l&rsquo;Europe.<br \/>\nLa formule l\u00e9g\u00e8re et non grasse de la lotion apr\u00e8s-rasage p\u00e9n\u00e8tre rapidement dans la peau.<\/p>\n<p>Utilisation de la lotion apr\u00e8s-rasage doTERRA :<\/p>\n<p>Id\u00e9ale pour une utilisation quotidienne dans le cadre d&rsquo;un r\u00e9gime de soins de la peau.<br \/>\nConvient pour pimenter le matin et donner de l&rsquo;\u00e9nergie \u00e0 la journ\u00e9e.<\/p>\n<p>Lotion apr\u00e8s-rasage doTERRA Mode d&#8217;emploi :<\/p>\n<p>Appliquer uniform\u00e9ment sur le visage et le cou fra\u00eechement ras\u00e9s.<\/p>\n<p>&nbsp;<\/p>\n","protected":false},"excerpt":{"rendered":"<ul>\n<li>Lotion doTERRA 150ml<\/li>\n<li>Gel douche 250ml<\/li>\n<li>Enrichi avec le m\u00e9lange naturel Midnight Foret<\/li>\n<\/ul>\n","protected":false},"featured_media":22429,"template":"","meta":{"site-sidebar-layout":"default","site-content-layout":"default","ast-site-content-layout":"default","site-content-style":"default","site-sidebar-style":"default","ast-global-header-display":"","ast-banner-title-visibility":"","ast-main-header-display":"","ast-hfb-above-header-display":"","ast-hfb-below-header-display":"","ast-hfb-mobile-header-display":"","site-post-title":"","ast-breadcrumbs-content":"","ast-featured-img":"","footer-sml-layout":"","ast-disable-related-posts":"","theme-transparent-header-meta":"default","adv-header-id-meta":"","stick-header-meta":"","header-above-stick-meta":"","header-main-stick-meta":"","header-below-stick-meta":"","astra-migrate-meta-layouts":"set","ast-page-background-enabled":"default","ast-page-background-meta":{"desktop":{"background-color":"","background-image":"","background-repeat":"repeat","background-position":"center center","background-size":"auto","background-attachment":"scroll","background-type":"","background-media":"","overlay-type":"","overlay-color":"","overlay-opacity":"","overlay-gradient":""},"tablet":{"background-color":"","background-image":"","background-repeat":"repeat","background-position":"center center","background-size":"auto","background-attachment":"scroll","background-type":"","background-media":"","overlay-type":"","overlay-color":"","overlay-opacity":"","overlay-gradient":""},"mobile":{"background-color":"","background-image":"","background-repeat":"repeat","background-position":"center center","background-size":"auto","background-attachment":"scroll","background-type":"","background-media":"","overlay-type":"","overlay-color":"","overlay-opacity":"","overlay-gradient":""}},"ast-content-background-meta":{"desktop":{"background-color":"var(--ast-global-color-5)","background-image":"","background-repeat":"repeat","background-position":"center center","background-size":"auto","background-attachment":"scroll","background-type":"","background-media":"","overlay-type":"","overlay-color":"","overlay-opacity":"","overlay-gradient":""},"tablet":{"background-color":"var(--ast-global-color-5)","background-image":"","background-repeat":"repeat","background-position":"center center","background-size":"auto","background-attachment":"scroll","background-type":"","background-media":"","overlay-type":"","overlay-color":"","overlay-opacity":"","overlay-gradient":""},"mobile":{"background-color":"var(--ast-global-color-5)","background-image":"","background-repeat":"repeat","background-position":"center center","background-size":"auto","background-attachment":"scroll","background-type":"","background-media":"","overlay-type":"","overlay-color":"","overlay-opacity":"","overlay-gradient":""}}},"product_brand":[],"product_cat":[1923,1935,1940,1960],"product_tag":[3267],"class_list":{"0":"post-22427","1":"product","2":"type-product","3":"status-publish","4":"has-post-thumbnail","6":"product_cat-cadeaux","7":"product_cat-cadeaux-pour-hommes","8":"product_cat-huiles-essentielles","9":"product_cat-hygiene-et-soins-de-la-peau","10":"product_tag-lotion-fr","11":"desktop-align-left","12":"tablet-align-left","13":"mobile-align-left","15":"first","16":"outofstock","17":"taxable","18":"shipping-taxable","19":"purchasable","20":"product-type-simple"},"_links":{"self":[{"href":"https:\/\/mamaterra.lt\/fr\/wp-json\/wp\/v2\/product\/22427","targetHints":{"allow":["GET"]}}],"collection":[{"href":"https:\/\/mamaterra.lt\/fr\/wp-json\/wp\/v2\/product"}],"about":[{"href":"https:\/\/mamaterra.lt\/fr\/wp-json\/wp\/v2\/types\/product"}],"wp:featuredmedia":[{"embeddable":true,"href":"https:\/\/mamaterra.lt\/fr\/wp-json\/wp\/v2\/media\/22429"}],"wp:attachment":[{"href":"https:\/\/mamaterra.lt\/fr\/wp-json\/wp\/v2\/media?parent=22427"}],"wp:term":[{"taxonomy":"product_brand","embeddable":true,"href":"https:\/\/mamaterra.lt\/fr\/wp-json\/wp\/v2\/product_brand?post=22427"},{"taxonomy":"product_cat","embeddable":true,"href":"https:\/\/mamaterra.lt\/fr\/wp-json\/wp\/v2\/product_cat?post=22427"},{"taxonomy":"product_tag","embeddable":true,"href":"https:\/\/mamaterra.lt\/fr\/wp-json\/wp\/v2\/product_tag?post=22427"}],"curies":[{"name":"wp","href":"https:\/\/api.w.org\/{rel}","templated":true}]}}