{"id":22414,"date":"2021-09-08T10:17:35","date_gmt":"2021-09-08T09:17:35","guid":{"rendered":"https:\/\/mamaterra.lt\/parduotuve\/non%20class\u00e9\/doterra-on-guard-skalbiniu-ploviklis-947ml-skalbiklis\/"},"modified":"2024-03-13T20:43:05","modified_gmt":"2024-03-13T19:43:05","slug":"doterra-detergent-a-lessive-onguard-947ml","status":"publish","type":"product","link":"https:\/\/mamaterra.lt\/fr\/parduotuve\/produits-on-guard\/doterra-detergent-a-lessive-onguard-947ml\/","title":{"rendered":"doTERRA D\u00e9tergent \u00e0 lessive OnGuard 947ml"},"content":{"rendered":"<h6>doTERRA D\u00e9tergent \u00e0 lessive OnGuard<\/h6>\n<p>947ml<\/p>\n<p>&nbsp;<\/p>\n<p>Le d\u00e9tergent \u00e0 lessive d\u014dTERRA On Guard est un d\u00e9tergent \u00e0 lessive 6X ultraconcentr\u00e9 qui utilise la puissance du m\u00e9lange protecteur d\u014dTERRA On Guard et des enzymes d&rsquo;origine biologique pour cibler et soulever les taches pour des v\u00eatements \u00e9tonnamment propres. Ce petit flacon a du punch avec 10 ml d&rsquo;huile essentielle d\u014dTERRA On Guard et la capacit\u00e9 de faire jusqu&rsquo;\u00e0 64 charges de linge !<\/p>\n<p>M\u00e9lange unique d&rsquo;enzymes naturelles d&rsquo;origine biologique.<br \/>\nMaintenant avec plus d&rsquo;huile essentielle d\u014dTERRA On Guard dans chaque bouteille.<br \/>\nCette formule puissante permet de faire jusqu&rsquo;\u00e0 64 brass\u00e9es de linge.<\/p>\n<p><iframe title=\"Terrific doTERRA Laundry Detergent Benefits And Uses\" src=\"https:\/\/www.youtube.com\/embed\/7OArbjaBQl4\" width=\"946\" height=\"532\" frameborder=\"0\" allowfullscreen=\"allowfullscreen\"><\/iframe><\/p>\n","protected":false},"excerpt":{"rendered":"<p>Le d\u00e9tergent \u00e0 lessive d\u014dTERRA On Guard est un d\u00e9tergent \u00e0 lessive 6X ultraconcentr\u00e9 qui utilise la puissance du m\u00e9lange protecteur d\u014dTERRA On Guard et des enzymes d&rsquo;origine biologique pour cibler et soulever les taches pour des v\u00eatements \u00e9tonnamment propres<\/p>\n","protected":false},"featured_media":22415,"template":"","meta":{"site-sidebar-layout":"default","site-content-layout":"default","ast-site-content-layout":"default","site-content-style":"default","site-sidebar-style":"default","ast-global-header-display":"","ast-banner-title-visibility":"","ast-main-header-display":"","ast-hfb-above-header-display":"","ast-hfb-below-header-display":"","ast-hfb-mobile-header-display":"","site-post-title":"","ast-breadcrumbs-content":"","ast-featured-img":"","footer-sml-layout":"","ast-disable-related-posts":"","theme-transparent-header-meta":"default","adv-header-id-meta":"","stick-header-meta":"","header-above-stick-meta":"","header-main-stick-meta":"","header-below-stick-meta":"","astra-migrate-meta-layouts":"set","ast-page-background-enabled":"default","ast-page-background-meta":{"desktop":{"background-color":"","background-image":"","background-repeat":"repeat","background-position":"center center","background-size":"auto","background-attachment":"scroll","background-type":"","background-media":"","overlay-type":"","overlay-color":"","overlay-opacity":"","overlay-gradient":""},"tablet":{"background-color":"","background-image":"","background-repeat":"repeat","background-position":"center center","background-size":"auto","background-attachment":"scroll","background-type":"","background-media":"","overlay-type":"","overlay-color":"","overlay-opacity":"","overlay-gradient":""},"mobile":{"background-color":"","background-image":"","background-repeat":"repeat","background-position":"center center","background-size":"auto","background-attachment":"scroll","background-type":"","background-media":"","overlay-type":"","overlay-color":"","overlay-opacity":"","overlay-gradient":""}},"ast-content-background-meta":{"desktop":{"background-color":"var(--ast-global-color-5)","background-image":"","background-repeat":"repeat","background-position":"center center","background-size":"auto","background-attachment":"scroll","background-type":"","background-media":"","overlay-type":"","overlay-color":"","overlay-opacity":"","overlay-gradient":""},"tablet":{"background-color":"var(--ast-global-color-5)","background-image":"","background-repeat":"repeat","background-position":"center center","background-size":"auto","background-attachment":"scroll","background-type":"","background-media":"","overlay-type":"","overlay-color":"","overlay-opacity":"","overlay-gradient":""},"mobile":{"background-color":"var(--ast-global-color-5)","background-image":"","background-repeat":"repeat","background-position":"center center","background-size":"auto","background-attachment":"scroll","background-type":"","background-media":"","overlay-type":"","overlay-color":"","overlay-opacity":"","overlay-gradient":""}}},"product_brand":[],"product_cat":[2020],"product_tag":[2271,3332,3089],"class_list":{"0":"post-22414","1":"product","2":"type-product","3":"status-publish","4":"has-post-thumbnail","6":"product_cat-produits-on-guard","7":"product_tag-947ml-fr","8":"product_tag-lessive","9":"product_tag-on-guard-fr","10":"desktop-align-left","11":"tablet-align-left","12":"mobile-align-left","14":"first","15":"outofstock","16":"sale","17":"taxable","18":"shipping-taxable","19":"purchasable","20":"product-type-simple"},"_links":{"self":[{"href":"https:\/\/mamaterra.lt\/fr\/wp-json\/wp\/v2\/product\/22414","targetHints":{"allow":["GET"]}}],"collection":[{"href":"https:\/\/mamaterra.lt\/fr\/wp-json\/wp\/v2\/product"}],"about":[{"href":"https:\/\/mamaterra.lt\/fr\/wp-json\/wp\/v2\/types\/product"}],"wp:featuredmedia":[{"embeddable":true,"href":"https:\/\/mamaterra.lt\/fr\/wp-json\/wp\/v2\/media\/22415"}],"wp:attachment":[{"href":"https:\/\/mamaterra.lt\/fr\/wp-json\/wp\/v2\/media?parent=22414"}],"wp:term":[{"taxonomy":"product_brand","embeddable":true,"href":"https:\/\/mamaterra.lt\/fr\/wp-json\/wp\/v2\/product_brand?post=22414"},{"taxonomy":"product_cat","embeddable":true,"href":"https:\/\/mamaterra.lt\/fr\/wp-json\/wp\/v2\/product_cat?post=22414"},{"taxonomy":"product_tag","embeddable":true,"href":"https:\/\/mamaterra.lt\/fr\/wp-json\/wp\/v2\/product_tag?post=22414"}],"curies":[{"name":"wp","href":"https:\/\/api.w.org\/{rel}","templated":true}]}}