{"id":22386,"date":"2021-04-18T17:35:04","date_gmt":"2021-04-18T16:35:04","guid":{"rendered":"https:\/\/mamaterra.lt\/parduotuve\/non%20class\u00e9\/doterra-peace-uztikrintumo-suteikiantis-eteriniu-alieju-misinys-5ml\/"},"modified":"2024-03-12T20:18:01","modified_gmt":"2024-03-12T19:18:01","slug":"doterra-peace-melange-rassurant-pour-la-paix-5ml","status":"publish","type":"product","link":"https:\/\/mamaterra.lt\/fr\/parduotuve\/huiles-essentielles\/melanges-dhuiles-essentielles\/doterra-peace-melange-rassurant-pour-la-paix-5ml\/","title":{"rendered":"doTERRA PEACE M\u00e9lange rassurant pour la paix 5ml"},"content":{"rendered":"<p><strong>doTERRA PEACE M\u00e9lange rassurant pour la paix 5ml<\/strong><\/p>\n<p>Le m\u00e9lange d\u014dTERRA Peace Reassuring, compos\u00e9 d&rsquo;huiles essentielles de fleurs et de menthe, est un rappel positif qu&rsquo;il n&rsquo;est pas n\u00e9cessaire d&rsquo;\u00eatre parfait pour trouver la paix. Ralentissez, respirez profond\u00e9ment et reconnectez-vous avec la personne apais\u00e9e et recueillie que vous \u00eates. Utilisez d\u014dTERRA Peace pour favoriser les sentiments de satisfaction, de calme et d&rsquo;assurance. La paix commence avec vous &#8211; et quelques gouttes du m\u00e9lange rassurant d\u014dTERRA Peace.<br \/>\nL&rsquo;ar\u00f4me du m\u00e9lange d\u014dTERRA Peace compl\u00e8te les affirmations de paix, d&rsquo;assurance et de contentement<br \/>\nCr\u00e9e un ar\u00f4me r\u00e9confortant parfait pour la m\u00e9ditation et les pratiques de yoga lorsqu&rsquo;il est appliqu\u00e9 par voie topique.<br \/>\nFavorise les sentiments de paix, d&rsquo;assurance et de satisfaction.<br \/>\nCompos\u00e9 d&rsquo;un m\u00e9lange d&rsquo;huiles essentielles de menthe et de fleurs, d\u014dTERRA Peace peut aider \u00e0 calmer les \u00e9motions.<br \/>\nd\u014dTERRA Peace contient des huiles relaxantes et calmantes telles que la lavande, la marjolaine, le v\u00e9tiver et l&rsquo;ylang-ylang.<br \/>\nListe compl\u00e8te des ingr\u00e9dients<br \/>\nHuile de racine de Vetiveria Zizanoides, huile de Lavandula Angustifolia (Lavande), huile de fleur de Cananga Odorata, huile de Boswellia Carterii, huile de Salvia Sclarea (Clary), huile de feuille d&rsquo;Origanum Majorana, extrait de feuille et de tige de Cistus Ladaniferus, huile de fleur, de feuille et de tige de Mentha Spicata.<\/p>\n<p><iframe title=\"How to Use Essential Oils for Anxiousness &amp; Stress \/\/ doTERRA Peace Blend\" src=\"https:\/\/www.youtube.com\/embed\/gHn6a6KdUMg\" width=\"853\" height=\"480\" frameborder=\"0\" allowfullscreen=\"allowfullscreen\"><\/iframe><\/p>\n","protected":false},"excerpt":{"rendered":"<p>L&rsquo;ar\u00f4me du m\u00e9lange d\u014dTERRA Peace compl\u00e8te les affirmations de paix, d&rsquo;assurance et de contentement<br \/>\nCr\u00e9e un ar\u00f4me r\u00e9confortant parfait pour la m\u00e9ditation et les pratiques de yoga lorsqu&rsquo;il est appliqu\u00e9 par voie topique.<br \/>\nFavorise les sentiments de paix, d&rsquo;assurance et de satisfaction.<br \/>\nCompos\u00e9 d&rsquo;un m\u00e9lange d&rsquo;huiles essentielles de menthe et de fleurs, d\u014dTERRA Peace peut aider \u00e0 calmer les \u00e9motions.<\/p>\n<p>&nbsp;<\/p>\n","protected":false},"featured_media":22387,"template":"","meta":{"site-sidebar-layout":"default","site-content-layout":"default","ast-site-content-layout":"default","site-content-style":"default","site-sidebar-style":"default","ast-global-header-display":"","ast-banner-title-visibility":"","ast-main-header-display":"","ast-hfb-above-header-display":"","ast-hfb-below-header-display":"","ast-hfb-mobile-header-display":"","site-post-title":"","ast-breadcrumbs-content":"","ast-featured-img":"","footer-sml-layout":"","ast-disable-related-posts":"","theme-transparent-header-meta":"default","adv-header-id-meta":"","stick-header-meta":"","header-above-stick-meta":"","header-main-stick-meta":"","header-below-stick-meta":"","astra-migrate-meta-layouts":"set","ast-page-background-enabled":"default","ast-page-background-meta":{"desktop":{"background-color":"","background-image":"","background-repeat":"repeat","background-position":"center center","background-size":"auto","background-attachment":"scroll","background-type":"","background-media":"","overlay-type":"","overlay-color":"","overlay-opacity":"","overlay-gradient":""},"tablet":{"background-color":"","background-image":"","background-repeat":"repeat","background-position":"center center","background-size":"auto","background-attachment":"scroll","background-type":"","background-media":"","overlay-type":"","overlay-color":"","overlay-opacity":"","overlay-gradient":""},"mobile":{"background-color":"","background-image":"","background-repeat":"repeat","background-position":"center center","background-size":"auto","background-attachment":"scroll","background-type":"","background-media":"","overlay-type":"","overlay-color":"","overlay-opacity":"","overlay-gradient":""}},"ast-content-background-meta":{"desktop":{"background-color":"var(--ast-global-color-5)","background-image":"","background-repeat":"repeat","background-position":"center center","background-size":"auto","background-attachment":"scroll","background-type":"","background-media":"","overlay-type":"","overlay-color":"","overlay-opacity":"","overlay-gradient":""},"tablet":{"background-color":"var(--ast-global-color-5)","background-image":"","background-repeat":"repeat","background-position":"center center","background-size":"auto","background-attachment":"scroll","background-type":"","background-media":"","overlay-type":"","overlay-color":"","overlay-opacity":"","overlay-gradient":""},"mobile":{"background-color":"var(--ast-global-color-5)","background-image":"","background-repeat":"repeat","background-position":"center center","background-size":"auto","background-attachment":"scroll","background-type":"","background-media":"","overlay-type":"","overlay-color":"","overlay-opacity":"","overlay-gradient":""}}},"product_brand":[],"product_cat":[2005,1940,2040,1945],"product_tag":[2063,3237,3076],"class_list":{"0":"post-22386","1":"product","2":"type-product","3":"status-publish","4":"has-post-thumbnail","6":"product_cat-dormir-fr","7":"product_cat-huiles-essentielles","8":"product_cat-la-gestion-du-stress","9":"product_cat-melanges-dhuiles-essentielles","10":"product_tag-5-ml-fr","11":"product_tag-melanges-dhuiles-essentielles","12":"product_tag-peace-fr","13":"desktop-align-left","14":"tablet-align-left","15":"mobile-align-left","17":"first","18":"instock","19":"sale","20":"taxable","21":"shipping-taxable","22":"purchasable","23":"product-type-simple"},"_links":{"self":[{"href":"https:\/\/mamaterra.lt\/fr\/wp-json\/wp\/v2\/product\/22386","targetHints":{"allow":["GET"]}}],"collection":[{"href":"https:\/\/mamaterra.lt\/fr\/wp-json\/wp\/v2\/product"}],"about":[{"href":"https:\/\/mamaterra.lt\/fr\/wp-json\/wp\/v2\/types\/product"}],"wp:featuredmedia":[{"embeddable":true,"href":"https:\/\/mamaterra.lt\/fr\/wp-json\/wp\/v2\/media\/22387"}],"wp:attachment":[{"href":"https:\/\/mamaterra.lt\/fr\/wp-json\/wp\/v2\/media?parent=22386"}],"wp:term":[{"taxonomy":"product_brand","embeddable":true,"href":"https:\/\/mamaterra.lt\/fr\/wp-json\/wp\/v2\/product_brand?post=22386"},{"taxonomy":"product_cat","embeddable":true,"href":"https:\/\/mamaterra.lt\/fr\/wp-json\/wp\/v2\/product_cat?post=22386"},{"taxonomy":"product_tag","embeddable":true,"href":"https:\/\/mamaterra.lt\/fr\/wp-json\/wp\/v2\/product_tag?post=22386"}],"curies":[{"name":"wp","href":"https:\/\/api.w.org\/{rel}","templated":true}]}}