{"id":22374,"date":"2021-04-19T08:23:28","date_gmt":"2021-04-19T07:23:28","guid":{"rendered":"https:\/\/mamaterra.lt\/parduotuve\/non%20class\u00e9\/kolekcija-doterra-yoga-eteriniai-aliejai-3-skirtingi-eteriniu-alieju-misiniai-aliejai-po-5ml\/"},"modified":"2024-07-01T18:11:38","modified_gmt":"2024-07-01T17:11:38","slug":"collection-doterra-yoga","status":"publish","type":"product","link":"https:\/\/mamaterra.lt\/fr\/parduotuve\/huiles-essentielles\/melanges-dhuiles-essentielles\/collection-doterra-yoga\/","title":{"rendered":"Collection doTERRA YOGA\u00a0"},"content":{"rendered":"<p><strong>Collection doTERRA YOGA\u00a0<\/strong><\/p>\n<p>Collection Yoga 3&#215;5 ml<br \/>\nUn trio exclusif de m\u00e9langes d&rsquo;huiles essentielles CPTG\u2122 con\u00e7us par doTERRA pour le yogi qui sommeille en vous. Anchor, Align et Arise sont les m\u00e9langes parfaits pour am\u00e9liorer votre vie et votre pratique du yoga. Ces m\u00e9langes fournissent des ar\u00f4mes pour stabiliser, centrer et \u00e9clairer votre esprit \u00e0 travers chaque respiration lorsque vous renforcez et \u00e9tirez votre corps.<br \/>\nAlign est le m\u00e9lange central de la collection d\u014dTERRA Yoga. Ce m\u00e9lange paisible et stable est con\u00e7u pour am\u00e9liorer votre pratique quotidienne du yoga en favorisant les sentiments d&rsquo;acceptation de soi et de confiance. Les poses de yoga id\u00e9ales \u00e0 associer \u00e0 d\u014dTERRA Align sont Warrior II, Triangle et Gate. En dehors de la pratique du yoga, Align est un m\u00e9lange magnifique pour encourager l&rsquo;harmonie tout au long de la journ\u00e9e.<\/p>\n<p>Principaux bienfaits<br \/>\nFavorise une pratique efficace du yoga en aidant \u00e0 ancrer l&rsquo;esprit, am\u00e9liorant ainsi l&rsquo;exp\u00e9rience du yoga.<br \/>\nFavorise les sentiments d&rsquo;acceptation de soi, de confiance et de fluidit\u00e9 tout au long de la pratique du yoga.<br \/>\nFavorise les sentiments d&rsquo;acceptation de soi, de confiance et de fluidit\u00e9 tout au long de la pratique du yoga.<br \/>\nPour de meilleurs r\u00e9sultats, associez-les aux autres huiles de la Collection Yoga d\u014dTERRA.<\/p>\n<p>Le m\u00e9lange Anchor Steadying d\u014dTERRA apporte une confiance ferme en vous-m\u00eame afin que vous puissiez aborder votre pratique du yoga et votre vie avec une force apaisante. Compos\u00e9 d&rsquo;huiles essentielles de lavande, de bois de c\u00e8dre, de bois de santal, de cannelle, d&rsquo;encens, de poivre noir et de patchouli dans une base d&rsquo;huile de noix de coco fractionn\u00e9e, ce m\u00e9lange soutient votre connexion \u00e0 vous-m\u00eame, \u00e0 votre communaut\u00e9, \u00e0 votre harmonie \u00e9motionnelle et \u00e0 votre sagesse inn\u00e9e. Les postures de yoga id\u00e9ales \u00e0 associer \u00e0 d\u014dTERRA Anchor sont la m\u00e9ditation assise, la torsion assise et le Bhu Mudra (une main sur le c\u0153ur, l&rsquo;autre sur la terre).<\/p>\n<p>Principaux bienfaits<br \/>\nFavorise les sentiments de pl\u00e9nitude et de courage tout au long de la pratique du yoga.<br \/>\nEncourage le sentiment d&rsquo;avoir une base solide \u00e0 partir de laquelle aller de l&rsquo;avant.<br \/>\nAide l&rsquo;utilisateur \u00e0 se connecter et \u00e0 faire confiance \u00e0 lui-m\u00eame et \u00e0 son environnement.<br \/>\nPour de meilleurs r\u00e9sultats, associez-la aux autres huiles de la Collection Yoga de d\u014dTERRA.<\/p>\n<p>Sentez-vous joyeux et courageux alors que vous vous attaquez de front \u00e0 vos objectifs. Ce m\u00e9lange d&rsquo;huiles essentielles rafra\u00eechissant et \u00e9clairant est parfait pour vous inspirer \u00e0 r\u00eaver grand et \u00e0 travailler dur. Compos\u00e9 d&rsquo;huiles essentielles de pamplemousse, de citron, d&rsquo;osmanthus, de m\u00e9lisse et de sapin de Sib\u00e9rie dans une base d&rsquo;huile de noix de coco fractionn\u00e9e, le m\u00e9lange Enlightening de d\u014dTERRA inspire les moments o\u00f9 l&rsquo;on se l\u00e8ve et o\u00f9 l&rsquo;on atteint ses objectifs les plus \u00e9lev\u00e9s. Profitez des bienfaits de d\u014dTERRA Arise lorsque vous vous mettez au d\u00e9fi d&rsquo;attein<\/p>\n<p><iframe title=\"Yoga Essential Oils Collection From doTERRA- Essential Oils and Yoga\" src=\"https:\/\/www.youtube.com\/embed\/xoMXTIy3Qwg\" width=\"853\" height=\"480\" frameborder=\"0\" allowfullscreen=\"allowfullscreen\"><\/iframe><\/p>\n","protected":false},"excerpt":{"rendered":"<p>Un trio exclusif de m\u00e9langes d&rsquo;huiles essentielles CPTG\u2122 con\u00e7us par doTERRA pour le yogi qui sommeille en vous. Anchor, Align et Arise sont les m\u00e9langes parfaits pour am\u00e9liorer votre vie et votre pratique du yoga. Ces m\u00e9langes fournissent des ar\u00f4mes pour stabiliser, centrer et \u00e9clairer votre esprit \u00e0 travers chaque respiration lorsque vous renforcez et \u00e9tirez votre corps.<\/p>\n","protected":false},"featured_media":22375,"template":"","meta":{"site-sidebar-layout":"default","site-content-layout":"default","ast-site-content-layout":"default","site-content-style":"default","site-sidebar-style":"default","ast-global-header-display":"","ast-banner-title-visibility":"","ast-main-header-display":"","ast-hfb-above-header-display":"","ast-hfb-below-header-display":"","ast-hfb-mobile-header-display":"","site-post-title":"","ast-breadcrumbs-content":"","ast-featured-img":"","footer-sml-layout":"","ast-disable-related-posts":"","theme-transparent-header-meta":"default","adv-header-id-meta":"","stick-header-meta":"","header-above-stick-meta":"","header-main-stick-meta":"","header-below-stick-meta":"","astra-migrate-meta-layouts":"set","ast-page-background-enabled":"default","ast-page-background-meta":{"desktop":{"background-color":"","background-image":"","background-repeat":"repeat","background-position":"center center","background-size":"auto","background-attachment":"scroll","background-type":"","background-media":"","overlay-type":"","overlay-color":"","overlay-opacity":"","overlay-gradient":""},"tablet":{"background-color":"","background-image":"","background-repeat":"repeat","background-position":"center center","background-size":"auto","background-attachment":"scroll","background-type":"","background-media":"","overlay-type":"","overlay-color":"","overlay-opacity":"","overlay-gradient":""},"mobile":{"background-color":"","background-image":"","background-repeat":"repeat","background-position":"center center","background-size":"auto","background-attachment":"scroll","background-type":"","background-media":"","overlay-type":"","overlay-color":"","overlay-opacity":"","overlay-gradient":""}},"ast-content-background-meta":{"desktop":{"background-color":"var(--ast-global-color-5)","background-image":"","background-repeat":"repeat","background-position":"center center","background-size":"auto","background-attachment":"scroll","background-type":"","background-media":"","overlay-type":"","overlay-color":"","overlay-opacity":"","overlay-gradient":""},"tablet":{"background-color":"var(--ast-global-color-5)","background-image":"","background-repeat":"repeat","background-position":"center center","background-size":"auto","background-attachment":"scroll","background-type":"","background-media":"","overlay-type":"","overlay-color":"","overlay-opacity":"","overlay-gradient":""},"mobile":{"background-color":"var(--ast-global-color-5)","background-image":"","background-repeat":"repeat","background-position":"center center","background-size":"auto","background-attachment":"scroll","background-type":"","background-media":"","overlay-type":"","overlay-color":"","overlay-opacity":"","overlay-gradient":""}}},"product_brand":[],"product_cat":[1940,1955,1945],"product_tag":[2085,2997,2992,2982,3252,3237,3322,2285],"class_list":{"0":"post-22374","1":"product","2":"type-product","3":"status-publish","4":"has-post-thumbnail","6":"product_cat-huiles-essentielles","7":"product_cat-kits-et-collections","8":"product_cat-melanges-dhuiles-essentielles","9":"product_tag-10ml-fr","10":"product_tag-align-fr","11":"product_tag-anchor-fr","12":"product_tag-arise-fr","13":"product_tag-collections-fr","14":"product_tag-melanges-dhuiles-essentielles","15":"product_tag-trousses","16":"product_tag-yoga-fr","17":"desktop-align-left","18":"tablet-align-left","19":"mobile-align-left","21":"first","22":"instock","23":"taxable","24":"shipping-taxable","25":"purchasable","26":"product-type-simple"},"_links":{"self":[{"href":"https:\/\/mamaterra.lt\/fr\/wp-json\/wp\/v2\/product\/22374","targetHints":{"allow":["GET"]}}],"collection":[{"href":"https:\/\/mamaterra.lt\/fr\/wp-json\/wp\/v2\/product"}],"about":[{"href":"https:\/\/mamaterra.lt\/fr\/wp-json\/wp\/v2\/types\/product"}],"wp:featuredmedia":[{"embeddable":true,"href":"https:\/\/mamaterra.lt\/fr\/wp-json\/wp\/v2\/media\/22375"}],"wp:attachment":[{"href":"https:\/\/mamaterra.lt\/fr\/wp-json\/wp\/v2\/media?parent=22374"}],"wp:term":[{"taxonomy":"product_brand","embeddable":true,"href":"https:\/\/mamaterra.lt\/fr\/wp-json\/wp\/v2\/product_brand?post=22374"},{"taxonomy":"product_cat","embeddable":true,"href":"https:\/\/mamaterra.lt\/fr\/wp-json\/wp\/v2\/product_cat?post=22374"},{"taxonomy":"product_tag","embeddable":true,"href":"https:\/\/mamaterra.lt\/fr\/wp-json\/wp\/v2\/product_tag?post=22374"}],"curies":[{"name":"wp","href":"https:\/\/api.w.org\/{rel}","templated":true}]}}