{"id":22365,"date":"2023-06-22T20:42:45","date_gmt":"2023-06-22T19:42:45","guid":{"rendered":"https:\/\/mamaterra.lt\/parduotuve\/non%20class\u00e9\/doterra-melissa-touch-10ml\/"},"modified":"2024-03-12T19:51:37","modified_gmt":"2024-03-12T18:51:37","slug":"doterra-melissa-touch-10ml","status":"publish","type":"product","link":"https:\/\/mamaterra.lt\/fr\/parduotuve\/huiles-essentielles\/huiles-essentielles-pures\/doterra-melissa-touch-10ml\/","title":{"rendered":"doTERRA Melissa touch 10ml"},"content":{"rendered":"<p>L&rsquo;huile essentielle de m\u00e9lisse, l&rsquo;une de nos huiles les plus rares et les plus ch\u00e8res, pr\u00e9sente un large \u00e9ventail de bienfaits et d&rsquo;utilisations. En raison de son effet positif sur l&rsquo;humeur, la m\u00e9lisse a longtemps \u00e9t\u00e9 utilis\u00e9e pour aider \u00e0 calmer les sentiments lorsqu&rsquo;elle est appliqu\u00e9e par voie topique. \u00c9galement connue sous le nom de m\u00e9lisse, l&rsquo;odeur douce, fra\u00eeche et citronn\u00e9e de la m\u00e9lisse \u00e9tait connue pour attirer les abeilles. C&rsquo;est de l\u00e0 que vient le nom \u00ab\u00a0Melissa\u00a0\u00bb, qui signifie abeille en grec.<br \/>\nEn usage topique, la m\u00e9lisse peut favoriser la relaxation.<br \/>\nL&rsquo;huile essentielle de m\u00e9lisse est appr\u00e9ci\u00e9e pour son ar\u00f4me frais, sucr\u00e9 et citronn\u00e9 qui est stimulant.<br \/>\nLa m\u00e9lisse est connue pour ses propri\u00e9t\u00e9s apaisantes et sa capacit\u00e9 \u00e0 calmer les tensions.<br \/>\nAjoutez-la \u00e0 une cr\u00e8me hydratante ou \u00e0 un flacon pulv\u00e9risateur avec de l&rsquo;eau et vaporisez sur le visage pour rajeunir la peau.<br \/>\nFrotter le front, les \u00e9paules ou la poitrine pour obtenir une sensation de calme et favoriser le bien-\u00eatre \u00e9motionnel.<br \/>\nApr\u00e8s une longue journ\u00e9e, laissez votre corps et votre esprit se d\u00e9tendre et se relaxer gr\u00e2ce \u00e0 un massage \u00e0 l&rsquo;huile essentielle de m\u00e9lisse.<br \/>\nUtilisez l&rsquo;huile de m\u00e9lisse avant le coucher pour favoriser un environnement relaxant.<br \/>\nMode d&#8217;emploi<br \/>\nEn application locale : Pour le massage, m\u00e9langer 5 gouttes \u00e0 10 ml d&rsquo;huile de base. Pour le bain, m\u00e9langez 5 gouttes \u00e0 5 ml d&rsquo;huile de base. En parfumerie, m\u00e9langer 1 goutte \u00e0 10 gouttes d&rsquo;huile de base. Pour usage topique seulement.<br \/>\nPr\u00e9cautions<br \/>\nSensibilit\u00e9 cutan\u00e9e possible. Tenir hors de port\u00e9e des enfants. Consulter votre m\u00e9decin en cas de grossesse ou de traitement. \u00c9viter les yeux, les oreilles internes et les zones sensibles.<\/p>\n","protected":false},"excerpt":{"rendered":"<p>En raison de son effet positif sur l&rsquo;humeur, la m\u00e9lisse a longtemps \u00e9t\u00e9 utilis\u00e9e pour aider \u00e0 calmer les sentiments lorsqu&rsquo;elle est appliqu\u00e9e par voie topique.<\/p>\n","protected":false},"featured_media":22366,"template":"","meta":{"site-sidebar-layout":"default","site-content-layout":"default","ast-site-content-layout":"default","site-content-style":"default","site-sidebar-style":"default","ast-global-header-display":"","ast-banner-title-visibility":"","ast-main-header-display":"","ast-hfb-above-header-display":"","ast-hfb-below-header-display":"","ast-hfb-mobile-header-display":"","site-post-title":"","ast-breadcrumbs-content":"","ast-featured-img":"","footer-sml-layout":"","ast-disable-related-posts":"","theme-transparent-header-meta":"default","adv-header-id-meta":"","stick-header-meta":"","header-above-stick-meta":"","header-main-stick-meta":"","header-below-stick-meta":"","astra-migrate-meta-layouts":"set","ast-page-background-enabled":"default","ast-page-background-meta":{"desktop":{"background-color":"","background-image":"","background-repeat":"repeat","background-position":"center center","background-size":"auto","background-attachment":"scroll","background-type":"","background-media":"","overlay-type":"","overlay-color":"","overlay-opacity":"","overlay-gradient":""},"tablet":{"background-color":"","background-image":"","background-repeat":"repeat","background-position":"center center","background-size":"auto","background-attachment":"scroll","background-type":"","background-media":"","overlay-type":"","overlay-color":"","overlay-opacity":"","overlay-gradient":""},"mobile":{"background-color":"","background-image":"","background-repeat":"repeat","background-position":"center center","background-size":"auto","background-attachment":"scroll","background-type":"","background-media":"","overlay-type":"","overlay-color":"","overlay-opacity":"","overlay-gradient":""}},"ast-content-background-meta":{"desktop":{"background-color":"var(--ast-global-color-5)","background-image":"","background-repeat":"repeat","background-position":"center center","background-size":"auto","background-attachment":"scroll","background-type":"","background-media":"","overlay-type":"","overlay-color":"","overlay-opacity":"","overlay-gradient":""},"tablet":{"background-color":"var(--ast-global-color-5)","background-image":"","background-repeat":"repeat","background-position":"center center","background-size":"auto","background-attachment":"scroll","background-type":"","background-media":"","overlay-type":"","overlay-color":"","overlay-opacity":"","overlay-gradient":""},"mobile":{"background-color":"var(--ast-global-color-5)","background-image":"","background-repeat":"repeat","background-position":"center center","background-size":"auto","background-attachment":"scroll","background-type":"","background-media":"","overlay-type":"","overlay-color":"","overlay-opacity":"","overlay-gradient":""}}},"product_brand":[],"product_cat":[2050,2005,1950,1960,1990,2040],"product_tag":[],"class_list":{"0":"post-22365","1":"product","2":"type-product","3":"status-publish","4":"has-post-thumbnail","6":"product_cat-digestion-fr","7":"product_cat-dormir-fr","8":"product_cat-huiles-essentielles-pures","9":"product_cat-hygiene-et-soins-de-la-peau","10":"product_cat-immunite","11":"product_cat-la-gestion-du-stress","12":"desktop-align-left","13":"tablet-align-left","14":"mobile-align-left","16":"first","17":"outofstock","18":"taxable","19":"shipping-taxable","20":"purchasable","21":"product-type-simple"},"_links":{"self":[{"href":"https:\/\/mamaterra.lt\/fr\/wp-json\/wp\/v2\/product\/22365","targetHints":{"allow":["GET"]}}],"collection":[{"href":"https:\/\/mamaterra.lt\/fr\/wp-json\/wp\/v2\/product"}],"about":[{"href":"https:\/\/mamaterra.lt\/fr\/wp-json\/wp\/v2\/types\/product"}],"wp:featuredmedia":[{"embeddable":true,"href":"https:\/\/mamaterra.lt\/fr\/wp-json\/wp\/v2\/media\/22366"}],"wp:attachment":[{"href":"https:\/\/mamaterra.lt\/fr\/wp-json\/wp\/v2\/media?parent=22365"}],"wp:term":[{"taxonomy":"product_brand","embeddable":true,"href":"https:\/\/mamaterra.lt\/fr\/wp-json\/wp\/v2\/product_brand?post=22365"},{"taxonomy":"product_cat","embeddable":true,"href":"https:\/\/mamaterra.lt\/fr\/wp-json\/wp\/v2\/product_cat?post=22365"},{"taxonomy":"product_tag","embeddable":true,"href":"https:\/\/mamaterra.lt\/fr\/wp-json\/wp\/v2\/product_tag?post=22365"}],"curies":[{"name":"wp","href":"https:\/\/api.w.org\/{rel}","templated":true}]}}