{"id":22340,"date":"2022-11-01T18:11:19","date_gmt":"2022-11-01T17:11:19","guid":{"rendered":"https:\/\/mamaterra.lt\/parduotuve\/non%20class\u00e9\/veliurinis-sildomas-minkstas-zaislinis-triusis-ir-levandu-lavender-tyras-doterra-eterinis-aliejus-15ml\/"},"modified":"2024-03-11T20:46:41","modified_gmt":"2024-03-11T19:46:41","slug":"lapin-en-peluche-chauffe-et-huile-essentielle-de-lavande-pure-doterra-15ml","status":"publish","type":"product","link":"https:\/\/mamaterra.lt\/fr\/parduotuve\/huiles-essentielles\/huiles-essentielles-pures\/lapin-en-peluche-chauffe-et-huile-essentielle-de-lavande-pure-doterra-15ml\/","title":{"rendered":"Lapin en peluche chauff\u00e9 et huile essentielle de lavande pure doTERRA 15ml"},"content":{"rendered":"<h6>Lapin en peluche chauff\u00e9 et huile essentielle de lavande pure doTERRA 15ml<\/h6>\n<p>&nbsp;<\/p>\n<p>Con\u00e7ue pour nos petits, cette combinaison parfaite les gardera bien au chaud tout au long de l&rsquo;hiver.<\/p>\n<p>1 lapin en peluche chauff\u00e9e en velours et de l&rsquo;huile essentielle de lavande (15 ml)<br \/>\nCe lapin en peluche est dot\u00e9 d&rsquo;un coussin amovible qui peut \u00eatre r\u00e9chauff\u00e9 au micro-ondes. Une fois le coussin r\u00e9chauff\u00e9, l&rsquo;huile essentielle peut \u00eatre vers\u00e9e dessus !<br \/>\nDimensions du lapin en peluche ventil\u00e9 et chauff\u00e9 : 26 x 24 x 12 cm<\/p>\n<p>&nbsp;<\/p>\n<p>Lavande Pure Huile Essentielle DoTERRA<\/p>\n<p>Lavandula angustifolia | 15ml<\/p>\n<p>&nbsp;<\/p>\n<p>Huile essentielle doTERRA Lavande pure Description :<\/p>\n<p>La lavande est appr\u00e9ci\u00e9e depuis des milliers d&rsquo;ann\u00e9es pour son ar\u00f4me particulier et ses bienfaits pour la sant\u00e9.<\/p>\n<p>La lavande est largement utilis\u00e9e pour ses effets calmants et relaxants.<br \/>\nR\u00e9duit les irritations de la peau<br \/>\nA un effet relaxant qui aide \u00e0 cr\u00e9er une atmosph\u00e8re de d\u00e9tente.<\/p>\n<p>&nbsp;<\/p>\n","protected":false},"excerpt":{"rendered":"<p>Ce lapin en peluche a un coussin amovible qui peut \u00eatre r\u00e9chauff\u00e9 au micro-ondes. Une fois le coussin r\u00e9chauff\u00e9, vous pouvez y d\u00e9poser de l&rsquo;huile essentielle ! 1 lapin en velours chauff\u00e9 et huile essentielle de lavande (15 ml)<\/p>\n","protected":false},"featured_media":22341,"template":"","meta":{"site-sidebar-layout":"default","site-content-layout":"default","ast-site-content-layout":"default","site-content-style":"default","site-sidebar-style":"default","ast-global-header-display":"","ast-banner-title-visibility":"","ast-main-header-display":"","ast-hfb-above-header-display":"","ast-hfb-below-header-display":"","ast-hfb-mobile-header-display":"","site-post-title":"","ast-breadcrumbs-content":"","ast-featured-img":"","footer-sml-layout":"","ast-disable-related-posts":"","theme-transparent-header-meta":"default","adv-header-id-meta":"","stick-header-meta":"","header-above-stick-meta":"","header-main-stick-meta":"","header-below-stick-meta":"","astra-migrate-meta-layouts":"set","ast-page-background-enabled":"default","ast-page-background-meta":{"desktop":{"background-color":"","background-image":"","background-repeat":"repeat","background-position":"center center","background-size":"auto","background-attachment":"scroll","background-type":"","background-media":"","overlay-type":"","overlay-color":"","overlay-opacity":"","overlay-gradient":""},"tablet":{"background-color":"","background-image":"","background-repeat":"repeat","background-position":"center center","background-size":"auto","background-attachment":"scroll","background-type":"","background-media":"","overlay-type":"","overlay-color":"","overlay-opacity":"","overlay-gradient":""},"mobile":{"background-color":"","background-image":"","background-repeat":"repeat","background-position":"center center","background-size":"auto","background-attachment":"scroll","background-type":"","background-media":"","overlay-type":"","overlay-color":"","overlay-opacity":"","overlay-gradient":""}},"ast-content-background-meta":{"desktop":{"background-color":"var(--ast-global-color-5)","background-image":"","background-repeat":"repeat","background-position":"center center","background-size":"auto","background-attachment":"scroll","background-type":"","background-media":"","overlay-type":"","overlay-color":"","overlay-opacity":"","overlay-gradient":""},"tablet":{"background-color":"var(--ast-global-color-5)","background-image":"","background-repeat":"repeat","background-position":"center center","background-size":"auto","background-attachment":"scroll","background-type":"","background-media":"","overlay-type":"","overlay-color":"","overlay-opacity":"","overlay-gradient":""},"mobile":{"background-color":"var(--ast-global-color-5)","background-image":"","background-repeat":"repeat","background-position":"center center","background-size":"auto","background-attachment":"scroll","background-type":"","background-media":"","overlay-type":"","overlay-color":"","overlay-opacity":"","overlay-gradient":""}}},"product_brand":[],"product_cat":[1923,1930,1935,2005,1950,2040,2045],"product_tag":[2100,3232,2662],"class_list":{"0":"post-22340","1":"product","2":"type-product","3":"status-publish","4":"has-post-thumbnail","6":"product_cat-cadeaux","7":"product_cat-cadeaux-pour-femmes","8":"product_cat-cadeaux-pour-hommes","9":"product_cat-dormir-fr","10":"product_cat-huiles-essentielles-pures","11":"product_cat-la-gestion-du-stress","12":"product_cat-pour-les-enfants","13":"product_tag-15ml-fr","14":"product_tag-huiles-essentielles","15":"product_tag-lavender-fr","16":"desktop-align-left","17":"tablet-align-left","18":"mobile-align-left","20":"first","21":"instock","22":"taxable","23":"shipping-taxable","24":"purchasable","25":"product-type-simple"},"_links":{"self":[{"href":"https:\/\/mamaterra.lt\/fr\/wp-json\/wp\/v2\/product\/22340","targetHints":{"allow":["GET"]}}],"collection":[{"href":"https:\/\/mamaterra.lt\/fr\/wp-json\/wp\/v2\/product"}],"about":[{"href":"https:\/\/mamaterra.lt\/fr\/wp-json\/wp\/v2\/types\/product"}],"wp:featuredmedia":[{"embeddable":true,"href":"https:\/\/mamaterra.lt\/fr\/wp-json\/wp\/v2\/media\/22341"}],"wp:attachment":[{"href":"https:\/\/mamaterra.lt\/fr\/wp-json\/wp\/v2\/media?parent=22340"}],"wp:term":[{"taxonomy":"product_brand","embeddable":true,"href":"https:\/\/mamaterra.lt\/fr\/wp-json\/wp\/v2\/product_brand?post=22340"},{"taxonomy":"product_cat","embeddable":true,"href":"https:\/\/mamaterra.lt\/fr\/wp-json\/wp\/v2\/product_cat?post=22340"},{"taxonomy":"product_tag","embeddable":true,"href":"https:\/\/mamaterra.lt\/fr\/wp-json\/wp\/v2\/product_tag?post=22340"}],"curies":[{"name":"wp","href":"https:\/\/api.w.org\/{rel}","templated":true}]}}