{"id":22323,"date":"2021-04-18T16:47:31","date_gmt":"2021-04-18T15:47:31","guid":{"rendered":"https:\/\/mamaterra.lt\/parduotuve\/non%20class\u00e9\/rozmarinu-rosemary-tyras-doterra-eterinis-aliejus-15ml\/"},"modified":"2024-03-11T20:37:24","modified_gmt":"2024-03-11T19:37:24","slug":"romarin-rosemary-huile-essentielle-doterra-pure","status":"publish","type":"product","link":"https:\/\/mamaterra.lt\/fr\/parduotuve\/hygiene-et-soins-de-la-peau\/produits-de-soins-capillaires-salon-essentials\/romarin-rosemary-huile-essentielle-doterra-pure\/","title":{"rendered":"Romarin (ROSEMARY) Huile essentielle doTERRA pure"},"content":{"rendered":"<p><strong>Romarin (ROSEMARY) Huile essentielle doTERRA pure<\/strong><\/p>\n<p>Rosmarinus officinalis | 15ml<\/p>\n<p>&nbsp;<\/p>\n<p>Consid\u00e9r\u00e9 comme sacr\u00e9 dans les cultures grecque, romaine, \u00e9gyptienne et h\u00e9bra\u00efque, le romarin poss\u00e8de une myriade d&rsquo;usages et de propri\u00e9t\u00e9s.<\/p>\n<p>Il conf\u00e8re une saveur herbac\u00e9e aux viandes et aux plats sp\u00e9ciaux.<br \/>\nAr\u00f4me \u00e9nergisant<br \/>\n\u00c9l\u00e8ve les sens<br \/>\nAm\u00e9liore les fonctions c\u00e9r\u00e9brales et la m\u00e9moire<br \/>\nFacilite l&rsquo;expectoration<br \/>\nR\u00e9duit la chute des cheveux<\/p>\n<p>Le romarin est un arbuste parfum\u00e9 \u00e0 feuilles persistantes dont les feuilles sont souvent utilis\u00e9es pour aromatiser les aliments. L&rsquo;huile essentielle de romarin, \u00e0 l&rsquo;ar\u00f4me herbac\u00e9 et \u00e9nergique, parfume les plats sal\u00e9s.<\/p>\n<p>Lorsque du romarin sec est utilis\u00e9 dans une recette, vous pouvez remplacer le romarin sec par de l&rsquo;huile essentielle de romarin pour cr\u00e9er un plat frais et parfum\u00e9. Un peu d&rsquo;huile de romarin doTERRA parfumera la pur\u00e9e de pommes de terre.<\/p>\n<p>Romarin (ROSEMARY) Huile Essentielle doTERRA Essential Effets \u00e9motionnels :<\/p>\n<p>Le romarin aide les personnes en p\u00e9riode de transition et de changement, comme le d\u00e9m\u00e9nagement dans une nouvelle maison, le changement d&rsquo;\u00e9cole ou la rencontre de nouvelles personnes.<br \/>\nCette huile aide \u00e0 \u00e9largir les connaissances et l&rsquo;intellect, donne de la clart\u00e9 \u00e0 l&rsquo;esprit et facilite le processus d&rsquo;apprentissage.<\/p>\n<p>&nbsp;<\/p>\n<p>Pour plus d&rsquo;informations sur l&rsquo;huile essentielle ROSEMARY doTERRA, regardez la vid\u00e9o ci-dessous.<\/p>\n<p><iframe title=\"doTERRA Rosemary (Translated Subtitles)\" src=\"https:\/\/www.youtube.com\/embed\/ttHRTvikPak\" width=\"853\" height=\"480\" frameborder=\"0\" allowfullscreen=\"allowfullscreen\"><\/iframe><\/p>\n","protected":false},"excerpt":{"rendered":"<ul>\n<li>Donne une saveur herbac\u00e9e \u00e0 la viande et aux plats sp\u00e9ciaux.<\/li>\n<li>Ar\u00f4me \u00e9nergisant<\/li>\n<li>\u00c9l\u00e8ve les sens<\/li>\n<\/ul>\n","protected":false},"featured_media":22324,"template":"","meta":{"site-sidebar-layout":"default","site-content-layout":"default","ast-site-content-layout":"default","site-content-style":"default","site-sidebar-style":"default","ast-global-header-display":"","ast-banner-title-visibility":"","ast-main-header-display":"","ast-hfb-above-header-display":"","ast-hfb-below-header-display":"","ast-hfb-mobile-header-display":"","site-post-title":"","ast-breadcrumbs-content":"","ast-featured-img":"","footer-sml-layout":"","ast-disable-related-posts":"","theme-transparent-header-meta":"default","adv-header-id-meta":"","stick-header-meta":"","header-above-stick-meta":"","header-main-stick-meta":"","header-below-stick-meta":"","astra-migrate-meta-layouts":"set","ast-page-background-enabled":"default","ast-page-background-meta":{"desktop":{"background-color":"","background-image":"","background-repeat":"repeat","background-position":"center center","background-size":"auto","background-attachment":"scroll","background-type":"","background-media":"","overlay-type":"","overlay-color":"","overlay-opacity":"","overlay-gradient":""},"tablet":{"background-color":"","background-image":"","background-repeat":"repeat","background-position":"center center","background-size":"auto","background-attachment":"scroll","background-type":"","background-media":"","overlay-type":"","overlay-color":"","overlay-opacity":"","overlay-gradient":""},"mobile":{"background-color":"","background-image":"","background-repeat":"repeat","background-position":"center center","background-size":"auto","background-attachment":"scroll","background-type":"","background-media":"","overlay-type":"","overlay-color":"","overlay-opacity":"","overlay-gradient":""}},"ast-content-background-meta":{"desktop":{"background-color":"var(--ast-global-color-5)","background-image":"","background-repeat":"repeat","background-position":"center center","background-size":"auto","background-attachment":"scroll","background-type":"","background-media":"","overlay-type":"","overlay-color":"","overlay-opacity":"","overlay-gradient":""},"tablet":{"background-color":"var(--ast-global-color-5)","background-image":"","background-repeat":"repeat","background-position":"center center","background-size":"auto","background-attachment":"scroll","background-type":"","background-media":"","overlay-type":"","overlay-color":"","overlay-opacity":"","overlay-gradient":""},"mobile":{"background-color":"var(--ast-global-color-5)","background-image":"","background-repeat":"repeat","background-position":"center center","background-size":"auto","background-attachment":"scroll","background-type":"","background-media":"","overlay-type":"","overlay-color":"","overlay-opacity":"","overlay-gradient":""}}},"product_brand":[],"product_cat":[1995,2013,1940,1950,1990,1965,2035],"product_tag":[2094,3232,2518],"class_list":{"0":"post-22323","1":"product","2":"type-product","3":"status-publish","4":"has-post-thumbnail","6":"product_cat-concentration-fr","7":"product_cat-contre-les-moustiques-et-les-tiques","8":"product_cat-huiles-essentielles","9":"product_cat-huiles-essentielles-pures","10":"product_cat-immunite","11":"product_cat-produits-de-soins-capillaires-salon-essentials","12":"product_cat-purification-de-lair","13":"product_tag-15-ml-fr","14":"product_tag-huiles-essentielles","15":"product_tag-rosemary-fr","16":"desktop-align-left","17":"tablet-align-left","18":"mobile-align-left","20":"first","21":"instock","22":"taxable","23":"shipping-taxable","24":"purchasable","25":"product-type-simple"},"_links":{"self":[{"href":"https:\/\/mamaterra.lt\/fr\/wp-json\/wp\/v2\/product\/22323","targetHints":{"allow":["GET"]}}],"collection":[{"href":"https:\/\/mamaterra.lt\/fr\/wp-json\/wp\/v2\/product"}],"about":[{"href":"https:\/\/mamaterra.lt\/fr\/wp-json\/wp\/v2\/types\/product"}],"wp:featuredmedia":[{"embeddable":true,"href":"https:\/\/mamaterra.lt\/fr\/wp-json\/wp\/v2\/media\/22324"}],"wp:attachment":[{"href":"https:\/\/mamaterra.lt\/fr\/wp-json\/wp\/v2\/media?parent=22323"}],"wp:term":[{"taxonomy":"product_brand","embeddable":true,"href":"https:\/\/mamaterra.lt\/fr\/wp-json\/wp\/v2\/product_brand?post=22323"},{"taxonomy":"product_cat","embeddable":true,"href":"https:\/\/mamaterra.lt\/fr\/wp-json\/wp\/v2\/product_cat?post=22323"},{"taxonomy":"product_tag","embeddable":true,"href":"https:\/\/mamaterra.lt\/fr\/wp-json\/wp\/v2\/product_tag?post=22323"}],"curies":[{"name":"wp","href":"https:\/\/api.w.org\/{rel}","templated":true}]}}