{"id":22289,"date":"2021-04-18T16:42:36","date_gmt":"2021-04-18T15:42:36","guid":{"rendered":"https:\/\/mamaterra.lt\/parduotuve\/non%20class\u00e9\/mairunu-marjoram-tyras-doterra-eterinis-aliejus-15ml\/"},"modified":"2024-03-11T20:17:30","modified_gmt":"2024-03-11T19:17:30","slug":"doterra-marjoram-15ml","status":"publish","type":"product","link":"https:\/\/mamaterra.lt\/fr\/parduotuve\/huiles-essentielles\/huiles-essentielles-pures\/doterra-marjoram-15ml\/","title":{"rendered":"doTERRA MARJORAM 15ml"},"content":{"rendered":"<p><strong>doTERRA MARJORAM\u00a0<\/strong><\/p>\n<p>Origanum majorana | 15ml<\/p>\n<p>&nbsp;<\/p>\n<p>La marjolaine \u00e9tait connue des Grecs et des Romains comme un symbole de bonheur. Reconnue pour sa capacit\u00e9 \u00e0 \u00e9picer les aliments, l&rsquo;huile essentielle de marjolaine est un additif unique pour la cuisine. L&rsquo;ar\u00f4me herbac\u00e9 de l&rsquo;huile de marjolaine peut \u00eatre utilis\u00e9 dans les soupes, les rago\u00fbts, les vinaigrettes et les sauces. En Allemagne, cette herbe est connue sous le nom d'\u00a0\u00bbherbe \u00e0 l&rsquo;oie\u00a0\u00bb en raison de son utilisation traditionnelle pour r\u00f4tir les oies.<br \/>\nLa saveur chaude et herbac\u00e9e de la marjolaine est utilis\u00e9e dans d&rsquo;innombrables recettes de cuisine sal\u00e9e et dans diverses cultures.<br \/>\nLa marjolaine est tr\u00e8s appr\u00e9ci\u00e9e pour son ar\u00f4me durable, positif et apaisant.<br \/>\nLes huiles essentielles sont tr\u00e8s puissantes par rapport aux assaisonnements secs, aux \u00e9pices ou \u00e0 d&rsquo;autres agents aromatiques, de sorte que m\u00eame la plus petite quantit\u00e9 peut ajouter une s\u00e9rieuse explosion de saveur \u00e0 votre plat. Pour utiliser la marjolaine en cuisine, il est pr\u00e9f\u00e9rable d&rsquo;utiliser la m\u00e9thode du cure-dent : trempez la pointe d&rsquo;un cure-dent propre dans le flacon d&rsquo;huile essentielle et m\u00e9langez le cure-dent \u00e0 vos ingr\u00e9dients. Apr\u00e8s avoir remu\u00e9 le cure-dent dans le plat, faites un test de go\u00fbt pour voir si vous voulez ajouter plus d&rsquo;huile ou non.<br \/>\nRemplacez l&rsquo;huile essentielle de marjolaine dans votre prochaine recette qui fait appel \u00e0 la marjolaine s\u00e9ch\u00e9e.<br \/>\nAjoutez une goutte de marjolaine aux plats sal\u00e9s, y compris les soupes, les sauces, les salades et surtout les plats de viande.<\/p>\n<p><iframe title=\"What Marjoram Essential Oil is good for?\" src=\"https:\/\/www.youtube.com\/embed\/E-bVcBNMfA0\" width=\"853\" height=\"480\" frameborder=\"0\" allowfullscreen=\"allowfullscreen\"><\/iframe><\/p>\n","protected":false},"excerpt":{"rendered":"<ul>\n<li>Assaisonnement alimentaire \u00e0 base de plantes chaudes<\/li>\n<li>Ar\u00f4me apaisant<\/li>\n<li>En usage interne, favorise le bien-\u00eatre<\/li>\n<\/ul>\n","protected":false},"featured_media":22290,"template":"","meta":{"site-sidebar-layout":"default","site-content-layout":"default","ast-site-content-layout":"default","site-content-style":"default","site-sidebar-style":"default","ast-global-header-display":"","ast-banner-title-visibility":"","ast-main-header-display":"","ast-hfb-above-header-display":"","ast-hfb-below-header-display":"","ast-hfb-mobile-header-display":"","site-post-title":"","ast-breadcrumbs-content":"","ast-featured-img":"","footer-sml-layout":"","ast-disable-related-posts":"","theme-transparent-header-meta":"default","adv-header-id-meta":"","stick-header-meta":"","header-above-stick-meta":"","header-main-stick-meta":"","header-below-stick-meta":"","astra-migrate-meta-layouts":"set","ast-page-background-enabled":"default","ast-page-background-meta":{"desktop":{"background-color":"","background-image":"","background-repeat":"repeat","background-position":"center center","background-size":"auto","background-attachment":"scroll","background-type":"","background-media":"","overlay-type":"","overlay-color":"","overlay-opacity":"","overlay-gradient":""},"tablet":{"background-color":"","background-image":"","background-repeat":"repeat","background-position":"center center","background-size":"auto","background-attachment":"scroll","background-type":"","background-media":"","overlay-type":"","overlay-color":"","overlay-opacity":"","overlay-gradient":""},"mobile":{"background-color":"","background-image":"","background-repeat":"repeat","background-position":"center center","background-size":"auto","background-attachment":"scroll","background-type":"","background-media":"","overlay-type":"","overlay-color":"","overlay-opacity":"","overlay-gradient":""}},"ast-content-background-meta":{"desktop":{"background-color":"var(--ast-global-color-5)","background-image":"","background-repeat":"repeat","background-position":"center center","background-size":"auto","background-attachment":"scroll","background-type":"","background-media":"","overlay-type":"","overlay-color":"","overlay-opacity":"","overlay-gradient":""},"tablet":{"background-color":"var(--ast-global-color-5)","background-image":"","background-repeat":"repeat","background-position":"center center","background-size":"auto","background-attachment":"scroll","background-type":"","background-media":"","overlay-type":"","overlay-color":"","overlay-opacity":"","overlay-gradient":""},"mobile":{"background-color":"var(--ast-global-color-5)","background-image":"","background-repeat":"repeat","background-position":"center center","background-size":"auto","background-attachment":"scroll","background-type":"","background-media":"","overlay-type":"","overlay-color":"","overlay-opacity":"","overlay-gradient":""}}},"product_brand":[],"product_cat":[2005,1940,1950,2040,2000],"product_tag":[2094,3232,2622],"class_list":{"0":"post-22289","1":"product","2":"type-product","3":"status-publish","4":"has-post-thumbnail","6":"product_cat-dormir-fr","7":"product_cat-huiles-essentielles","8":"product_cat-huiles-essentielles-pures","9":"product_cat-la-gestion-du-stress","10":"product_cat-massage-fr","11":"product_tag-15-ml-fr","12":"product_tag-huiles-essentielles","13":"product_tag-marjoram-fr","14":"desktop-align-left","15":"tablet-align-left","16":"mobile-align-left","18":"first","19":"instock","20":"taxable","21":"shipping-taxable","22":"purchasable","23":"product-type-simple"},"_links":{"self":[{"href":"https:\/\/mamaterra.lt\/fr\/wp-json\/wp\/v2\/product\/22289","targetHints":{"allow":["GET"]}}],"collection":[{"href":"https:\/\/mamaterra.lt\/fr\/wp-json\/wp\/v2\/product"}],"about":[{"href":"https:\/\/mamaterra.lt\/fr\/wp-json\/wp\/v2\/types\/product"}],"wp:featuredmedia":[{"embeddable":true,"href":"https:\/\/mamaterra.lt\/fr\/wp-json\/wp\/v2\/media\/22290"}],"wp:attachment":[{"href":"https:\/\/mamaterra.lt\/fr\/wp-json\/wp\/v2\/media?parent=22289"}],"wp:term":[{"taxonomy":"product_brand","embeddable":true,"href":"https:\/\/mamaterra.lt\/fr\/wp-json\/wp\/v2\/product_brand?post=22289"},{"taxonomy":"product_cat","embeddable":true,"href":"https:\/\/mamaterra.lt\/fr\/wp-json\/wp\/v2\/product_cat?post=22289"},{"taxonomy":"product_tag","embeddable":true,"href":"https:\/\/mamaterra.lt\/fr\/wp-json\/wp\/v2\/product_tag?post=22289"}],"curies":[{"name":"wp","href":"https:\/\/api.w.org\/{rel}","templated":true}]}}