{"id":22256,"date":"2021-04-18T16:46:34","date_gmt":"2021-04-18T15:46:34","guid":{"rendered":"https:\/\/mamaterra.lt\/parduotuve\/non%20class\u00e9\/romenisku-ramuneliu-roman-chamomile-tyras-doterra-eterinis-aliejus-5ml\/"},"modified":"2024-03-11T19:37:52","modified_gmt":"2024-03-11T18:37:52","slug":"doterra-roman-chamomile-huile-essentielle-pure-5-ml","status":"publish","type":"product","link":"https:\/\/mamaterra.lt\/fr\/parduotuve\/huiles-essentielles\/huiles-essentielles-pures\/doterra-roman-chamomile-huile-essentielle-pure-5-ml\/","title":{"rendered":"doTERRA ROMAN CHAMOMILE Huile Essentielle Pure 5 ml"},"content":{"rendered":"<h6>doTERRA ROMAN CHAMOMILE Huile Essentielle Pure<\/h6>\n<p>Anthemis nobilis | 5ml<\/p>\n<p>&nbsp;<\/p>\n<p>La camomille romaine pousse pr\u00e8s du sol, \u00e0 une hauteur maximale d&rsquo;un pied. Elle a des feuilles gris-vert, des fleurs qui ressemblent \u00e0 une marguerite et une odeur de pomme. La plante a \u00e9t\u00e9 surnomm\u00e9e le \u00ab\u00a0m\u00e9decin des plantes\u00a0\u00bb car elle a des effets positifs sur les plantes qui poussent \u00e0 proximit\u00e9. Les Romains de l&rsquo;Antiquit\u00e9 utilisaient l&rsquo;huile de camomille romaine pour se donner du courage pendant la guerre. Si l&rsquo;utilisation la plus courante de la camomille est le th\u00e9, la camomille romaine est \u00e9galement pr\u00e9sente dans les cr\u00e8mes pour le visage, les teintures capillaires, les shampooings et les parfums.<br \/>\nLes propri\u00e9t\u00e9s apaisantes de l&rsquo;huile essentielle de camomille romaine sont \u00e9galement utiles lorsque vous souhaitez apaiser votre peau ou dompter vos cheveux. Ajoutez une \u00e0 deux gouttes de l&rsquo;huile dans une cr\u00e8me hydratante quotidienne pour incorporer l&rsquo;huile essentielle de camomille romaine dans votre r\u00e9gime de soins quotidiens. Si vous souhaitez utiliser l&rsquo;huile de camomille romaine pour les cheveux, vous pouvez envisager d&rsquo;en ajouter quelques gouttes \u00e0 votre shampooing ou \u00e0 votre apr\u00e8s-shampooing. Non seulement vous obtiendrez des cheveux d&rsquo;apparence saine, mais vous laisserez \u00e9galement \u00e0 vos cheveux un parfum frais et floral.<\/p>\n<p>Incorporez la camomille romaine \u00e0 votre routine du coucher en appliquant 1 \u00e0 2 gouttes sur la plante des pieds avant de vous mettre au lit.<br \/>\nAjoutez 1 \u00e0 2 gouttes \u00e0 votre shampoing ou \u00e0 votre apr\u00e8s-shampoing pour un effet lissant.<br \/>\nM\u00e9langez-la \u00e0 d&rsquo;autres huiles essentielles florales comme la lavande, l&rsquo;ylang-ylang et le patchouli.<br \/>\nAjoutez \u00e0 votre cr\u00e8me hydratante quotidienne pour b\u00e9n\u00e9ficier de ses effets calmants sur la peau.<br \/>\nMode d&#8217;emploi<br \/>\nUsage topique : Pour le massage, m\u00e9langez 5 gouttes \u00e0 10 ml d&rsquo;huile de base. Pour le bain, m\u00e9langez 5 gouttes \u00e0 5 ml d&rsquo;huile de base. En parfumerie, m\u00e9langez 1 goutte \u00e0 10 gouttes d&rsquo;huile de base. Pour usage topique uniquement.<br \/>\nPr\u00e9cautions<br \/>\nSensibilit\u00e9 cutan\u00e9e possible. Tenir hors de port\u00e9e des enfants. Consulter votre m\u00e9decin en cas de grossesse ou de traitement. \u00c9viter les yeux, les oreilles internes et les zones sensibles.<\/p>\n","protected":false},"excerpt":{"rendered":"<p>Les propri\u00e9t\u00e9s apaisantes de l&rsquo;huile essentielle de camomille romaine sont \u00e9galement utiles lorsque vous souhaitez apaiser votre peau ou dompter vos cheveux<\/p>\n","protected":false},"featured_media":0,"template":"","meta":{"site-sidebar-layout":"default","site-content-layout":"default","ast-site-content-layout":"default","site-content-style":"default","site-sidebar-style":"default","ast-global-header-display":"","ast-banner-title-visibility":"","ast-main-header-display":"","ast-hfb-above-header-display":"","ast-hfb-below-header-display":"","ast-hfb-mobile-header-display":"","site-post-title":"","ast-breadcrumbs-content":"","ast-featured-img":"","footer-sml-layout":"","ast-disable-related-posts":"","theme-transparent-header-meta":"default","adv-header-id-meta":"","stick-header-meta":"","header-above-stick-meta":"","header-main-stick-meta":"","header-below-stick-meta":"","astra-migrate-meta-layouts":"set","ast-page-background-enabled":"default","ast-page-background-meta":{"desktop":{"background-color":"","background-image":"","background-repeat":"repeat","background-position":"center center","background-size":"auto","background-attachment":"scroll","background-type":"","background-media":"","overlay-type":"","overlay-color":"","overlay-opacity":"","overlay-gradient":""},"tablet":{"background-color":"","background-image":"","background-repeat":"repeat","background-position":"center center","background-size":"auto","background-attachment":"scroll","background-type":"","background-media":"","overlay-type":"","overlay-color":"","overlay-opacity":"","overlay-gradient":""},"mobile":{"background-color":"","background-image":"","background-repeat":"repeat","background-position":"center center","background-size":"auto","background-attachment":"scroll","background-type":"","background-media":"","overlay-type":"","overlay-color":"","overlay-opacity":"","overlay-gradient":""}},"ast-content-background-meta":{"desktop":{"background-color":"var(--ast-global-color-5)","background-image":"","background-repeat":"repeat","background-position":"center center","background-size":"auto","background-attachment":"scroll","background-type":"","background-media":"","overlay-type":"","overlay-color":"","overlay-opacity":"","overlay-gradient":""},"tablet":{"background-color":"var(--ast-global-color-5)","background-image":"","background-repeat":"repeat","background-position":"center center","background-size":"auto","background-attachment":"scroll","background-type":"","background-media":"","overlay-type":"","overlay-color":"","overlay-opacity":"","overlay-gradient":""},"mobile":{"background-color":"var(--ast-global-color-5)","background-image":"","background-repeat":"repeat","background-position":"center center","background-size":"auto","background-attachment":"scroll","background-type":"","background-media":"","overlay-type":"","overlay-color":"","overlay-opacity":"","overlay-gradient":""}}},"product_brand":[],"product_cat":[2005,1940,1950,2040,2045],"product_tag":[2063,3232,2515],"class_list":{"0":"post-22256","1":"product","2":"type-product","3":"status-publish","5":"product_cat-dormir-fr","6":"product_cat-huiles-essentielles","7":"product_cat-huiles-essentielles-pures","8":"product_cat-la-gestion-du-stress","9":"product_cat-pour-les-enfants","10":"product_tag-5-ml-fr","11":"product_tag-huiles-essentielles","12":"product_tag-roman-chamomile-fr","13":"desktop-align-left","14":"tablet-align-left","15":"mobile-align-left","17":"first","18":"instock","19":"taxable","20":"shipping-taxable","21":"purchasable","22":"product-type-simple"},"_links":{"self":[{"href":"https:\/\/mamaterra.lt\/fr\/wp-json\/wp\/v2\/product\/22256","targetHints":{"allow":["GET"]}}],"collection":[{"href":"https:\/\/mamaterra.lt\/fr\/wp-json\/wp\/v2\/product"}],"about":[{"href":"https:\/\/mamaterra.lt\/fr\/wp-json\/wp\/v2\/types\/product"}],"wp:attachment":[{"href":"https:\/\/mamaterra.lt\/fr\/wp-json\/wp\/v2\/media?parent=22256"}],"wp:term":[{"taxonomy":"product_brand","embeddable":true,"href":"https:\/\/mamaterra.lt\/fr\/wp-json\/wp\/v2\/product_brand?post=22256"},{"taxonomy":"product_cat","embeddable":true,"href":"https:\/\/mamaterra.lt\/fr\/wp-json\/wp\/v2\/product_cat?post=22256"},{"taxonomy":"product_tag","embeddable":true,"href":"https:\/\/mamaterra.lt\/fr\/wp-json\/wp\/v2\/product_tag?post=22256"}],"curies":[{"name":"wp","href":"https:\/\/api.w.org\/{rel}","templated":true}]}}