{"id":22243,"date":"2021-09-08T09:46:38","date_gmt":"2021-09-08T08:46:38","guid":{"rendered":"https:\/\/mamaterra.lt\/parduotuve\/non%20class\u00e9\/doterra-on-guard-softgels-60-kapsuliu\/"},"modified":"2024-03-11T19:22:00","modified_gmt":"2024-03-11T18:22:00","slug":"doterra-on-guard-softgels-60-gelules","status":"publish","type":"product","link":"https:\/\/mamaterra.lt\/fr\/parduotuve\/huiles-essentielles\/melanges-dhuiles-essentielles\/doterra-on-guard-softgels-60-gelules\/","title":{"rendered":"doTERRA  On Guard Softgels (60 gelules)"},"content":{"rendered":"<h6>doTERRA On Guard Softgels (60 gelules)<\/h6>\n<h6>M\u00e9lange protecteur<\/h6>\n<p>60 g\u00e9lules<br \/>\nLes g\u00e9lules douces d\u014dTERRA On Guard+ associent le m\u00e9lange exclusif d\u014dTERRA On Guard Protective Blend aux huiles essentielles de poivre noir, d&rsquo;origan et de m\u00e9lisse pour un soutien suppl\u00e9mentaire. Encapsul\u00e9 dans des g\u00e9lules v\u00e9g\u00e9tales, ce m\u00e9lange distinctif contient des huiles essentielles connues pour leurs nombreux bienfaits.<\/p>\n<p>&nbsp;<\/p>\n<p>G\u00e9lules v\u00e9g\u00e9tariennes.<br \/>\nAjout d&rsquo;huiles essentielles de poivre noir, d&rsquo;origan et de m\u00e9lisse pour un soutien accru.<\/p>\n<p><iframe title=\"Best Immunity Boost With doTERRA On Guard Softgels\" src=\"https:\/\/www.youtube.com\/embed\/-AZ2DrqulO8\" width=\"944\" height=\"532\" frameborder=\"0\" allowfullscreen=\"allowfullscreen\"><\/iframe><\/p>\n","protected":false},"excerpt":{"rendered":"<p>Les g\u00e9lules douces d\u014dTERRA On Guard+ associent le m\u00e9lange exclusif d\u014dTERRA On Guard Protective Blend aux huiles essentielles de poivre noir, d&rsquo;origan et de m\u00e9lisse pour un soutien suppl\u00e9mentaire. Encapsul\u00e9 dans des g\u00e9lules v\u00e9g\u00e9tales, ce m\u00e9lange distinctif contient des huiles essentielles connues pour leurs nombreux bienfaits.<\/p>\n","protected":false},"featured_media":22244,"template":"","meta":{"site-sidebar-layout":"default","site-content-layout":"default","ast-site-content-layout":"default","site-content-style":"default","site-sidebar-style":"default","ast-global-header-display":"","ast-banner-title-visibility":"","ast-main-header-display":"","ast-hfb-above-header-display":"","ast-hfb-below-header-display":"","ast-hfb-mobile-header-display":"","site-post-title":"","ast-breadcrumbs-content":"","ast-featured-img":"","footer-sml-layout":"","ast-disable-related-posts":"","theme-transparent-header-meta":"default","adv-header-id-meta":"","stick-header-meta":"","header-above-stick-meta":"","header-main-stick-meta":"","header-below-stick-meta":"","astra-migrate-meta-layouts":"set","ast-page-background-enabled":"default","ast-page-background-meta":{"desktop":{"background-color":"","background-image":"","background-repeat":"repeat","background-position":"center center","background-size":"auto","background-attachment":"scroll","background-type":"","background-media":"","overlay-type":"","overlay-color":"","overlay-opacity":"","overlay-gradient":""},"tablet":{"background-color":"","background-image":"","background-repeat":"repeat","background-position":"center center","background-size":"auto","background-attachment":"scroll","background-type":"","background-media":"","overlay-type":"","overlay-color":"","overlay-opacity":"","overlay-gradient":""},"mobile":{"background-color":"","background-image":"","background-repeat":"repeat","background-position":"center center","background-size":"auto","background-attachment":"scroll","background-type":"","background-media":"","overlay-type":"","overlay-color":"","overlay-opacity":"","overlay-gradient":""}},"ast-content-background-meta":{"desktop":{"background-color":"var(--ast-global-color-5)","background-image":"","background-repeat":"repeat","background-position":"center center","background-size":"auto","background-attachment":"scroll","background-type":"","background-media":"","overlay-type":"","overlay-color":"","overlay-opacity":"","overlay-gradient":""},"tablet":{"background-color":"var(--ast-global-color-5)","background-image":"","background-repeat":"repeat","background-position":"center center","background-size":"auto","background-attachment":"scroll","background-type":"","background-media":"","overlay-type":"","overlay-color":"","overlay-opacity":"","overlay-gradient":""},"mobile":{"background-color":"var(--ast-global-color-5)","background-image":"","background-repeat":"repeat","background-position":"center center","background-size":"auto","background-attachment":"scroll","background-type":"","background-media":"","overlay-type":"","overlay-color":"","overlay-opacity":"","overlay-gradient":""}}},"product_brand":[],"product_cat":[1940,1945,2020],"product_tag":[3247,3089],"class_list":{"0":"post-22243","1":"product","2":"type-product","3":"status-publish","4":"has-post-thumbnail","6":"product_cat-huiles-essentielles","7":"product_cat-melanges-dhuiles-essentielles","8":"product_cat-produits-on-guard","9":"product_tag-gelules","10":"product_tag-on-guard-fr","11":"desktop-align-left","12":"tablet-align-left","13":"mobile-align-left","15":"first","16":"instock","17":"sale","18":"taxable","19":"shipping-taxable","20":"purchasable","21":"product-type-simple"},"_links":{"self":[{"href":"https:\/\/mamaterra.lt\/fr\/wp-json\/wp\/v2\/product\/22243","targetHints":{"allow":["GET"]}}],"collection":[{"href":"https:\/\/mamaterra.lt\/fr\/wp-json\/wp\/v2\/product"}],"about":[{"href":"https:\/\/mamaterra.lt\/fr\/wp-json\/wp\/v2\/types\/product"}],"wp:featuredmedia":[{"embeddable":true,"href":"https:\/\/mamaterra.lt\/fr\/wp-json\/wp\/v2\/media\/22244"}],"wp:attachment":[{"href":"https:\/\/mamaterra.lt\/fr\/wp-json\/wp\/v2\/media?parent=22243"}],"wp:term":[{"taxonomy":"product_brand","embeddable":true,"href":"https:\/\/mamaterra.lt\/fr\/wp-json\/wp\/v2\/product_brand?post=22243"},{"taxonomy":"product_cat","embeddable":true,"href":"https:\/\/mamaterra.lt\/fr\/wp-json\/wp\/v2\/product_cat?post=22243"},{"taxonomy":"product_tag","embeddable":true,"href":"https:\/\/mamaterra.lt\/fr\/wp-json\/wp\/v2\/product_tag?post=22243"}],"curies":[{"name":"wp","href":"https:\/\/api.w.org\/{rel}","templated":true}]}}