{"id":22227,"date":"2024-03-11T18:36:41","date_gmt":"2024-03-11T17:36:41","guid":{"rendered":"https:\/\/mamaterra.lt\/?post_type=product&#038;p=22227"},"modified":"2024-03-11T18:59:34","modified_gmt":"2024-03-11T17:59:34","slug":"doterra-metapwr-melange-dhuiles-essentielles-perles-beadlets","status":"publish","type":"product","link":"https:\/\/mamaterra.lt\/fr\/parduotuve\/huiles-essentielles\/melanges-dhuiles-essentielles\/doterra-metapwr-melange-dhuiles-essentielles-perles-beadlets\/","title":{"rendered":"doTERRA MetaPWR M\u00e9lange d&rsquo;huiles essentielles perles Beadlets"},"content":{"rendered":"<div class=\"spotlight__head\">\n<div class=\"ui container\">\n<div class=\"spotlight__wrap\">\n<div class=\"spotlight__head-item spotlight__head-item--copy\">\n<h3 class=\"spotlight__head-latin-title\">doTERRA MetaPWR M\u00e9lange d&rsquo;huiles essentielles perles Beadlets<\/h3>\n<p>125<\/p>\n<div class=\"spotlight__head-copy\">\n<p>Les perles MetaPWR sont un moyen facile et pratique d&rsquo;incorporer le m\u00e9lange d&rsquo;huiles essentielles MetaPWR dans votre routine quotidienne de bien-\u00eatre et d&rsquo;exercice. D\u00e9velopp\u00e9 par les scientifiques cliniques et m\u00e9dicaux de doTERRA, le m\u00e9lange MetaPWR est formul\u00e9 avec des ratios \u00e9quilibr\u00e9s sp\u00e9cifiques d&rsquo;huiles essentielles de pamplemousse, de citron, de menthe poivr\u00e9e, de gingembre et de cannelle. Les perles se glissent parfaitement dans un sac, \u00e0 ranger \u00e0 la maison ou au bureau, afin que vous puissiez favoriser une alimentation r\u00e9fl\u00e9chie \u00e0 tout moment et en tout lieu.<\/p>\n<p>Sans OGM, produits laitiers, soja, gluten, conservateurs, \u00e9dulcorants ou ar\u00f4mes artificiels.<br \/>\nUn format de billes pratique pour profiter des bienfaits du m\u00e9lange d&rsquo;huiles essentielles MetaPWR o\u00f9 que vous alliez.<br \/>\nOffre le coup de pouce id\u00e9al dont vous avez besoin avant et pendant une s\u00e9ance d&rsquo;entra\u00eenement vigoureuse.<br \/>\nUn compl\u00e9ment b\u00e9n\u00e9fique \u00e0 votre routine de bien-\u00eatre pour compl\u00e9ter les choix alimentaires r\u00e9fl\u00e9chis.<\/p>\n<p>Pour vous sentir frais et dispos, prenez un MetaPWR Beadlet juste avant l&rsquo;exercice pour cr\u00e9er un environnement stimulant.<br \/>\n\u00c0 consommer en parall\u00e8le d&rsquo;un r\u00e9gime alimentaire vari\u00e9 et \u00e9quilibr\u00e9 et d&rsquo;un mode de vie sain<br \/>\nLorsque vous avez envie d&rsquo;aliments sucr\u00e9s, optez pour le go\u00fbt fruit\u00e9 et frais de MetaPWR sous forme de billes.<br \/>\nPrendre en conjonction avec le syst\u00e8me complet MetaPWR\u2122 pour vivre votre vie la plus puissante.<br \/>\nMode d&#8217;emploi<br \/>\nConsommer jusqu&rsquo;\u00e0 4 billes par jour.<br \/>\nPr\u00e9cautions d&#8217;emploi<br \/>\nTenir hors de port\u00e9e des enfants. Ne pas d\u00e9passer la dose journali\u00e8re recommand\u00e9e. Les compl\u00e9ments alimentaires ne doivent pas se substituer \u00e0 une alimentation vari\u00e9e et \u00e9quilibr\u00e9e et \u00e0 un mode de vie sain. Les femmes enceintes ou allaitantes et les personnes souffrant de troubles m\u00e9dicaux connus doivent consulter un m\u00e9decin avant d&rsquo;utiliser ce produit. Conserver herm\u00e9tiquement ferm\u00e9 et dans un endroit frais.<\/p>\n<\/div>\n<\/div>\n<\/div>\n<\/div>\n<\/div>\n","protected":false},"excerpt":{"rendered":"<ul>\n<li>Les perles se glissent parfaitement dans un sac, \u00e0 ranger \u00e0 la maison ou au bureau, afin que vous puissiez favoriser une alimentation r\u00e9fl\u00e9chie \u00e0 tout moment et en tout lieu<\/li>\n<li>Prenez-le avec le syst\u00e8me complet MetaPWR\u2122 pour vivre votre vie la plus \u00e9nergique.<\/li>\n<\/ul>\n","protected":false},"featured_media":23714,"template":"","meta":{"site-sidebar-layout":"default","site-content-layout":"","ast-site-content-layout":"default","site-content-style":"default","site-sidebar-style":"default","ast-global-header-display":"","ast-banner-title-visibility":"","ast-main-header-display":"","ast-hfb-above-header-display":"","ast-hfb-below-header-display":"","ast-hfb-mobile-header-display":"","site-post-title":"","ast-breadcrumbs-content":"","ast-featured-img":"","footer-sml-layout":"","ast-disable-related-posts":"","theme-transparent-header-meta":"","adv-header-id-meta":"","stick-header-meta":"","header-above-stick-meta":"","header-main-stick-meta":"","header-below-stick-meta":"","astra-migrate-meta-layouts":"set","ast-page-background-enabled":"default","ast-page-background-meta":{"desktop":{"background-color":"","background-image":"","background-repeat":"repeat","background-position":"center center","background-size":"auto","background-attachment":"scroll","background-type":"","background-media":"","overlay-type":"","overlay-color":"","overlay-opacity":"","overlay-gradient":""},"tablet":{"background-color":"","background-image":"","background-repeat":"repeat","background-position":"center center","background-size":"auto","background-attachment":"scroll","background-type":"","background-media":"","overlay-type":"","overlay-color":"","overlay-opacity":"","overlay-gradient":""},"mobile":{"background-color":"","background-image":"","background-repeat":"repeat","background-position":"center center","background-size":"auto","background-attachment":"scroll","background-type":"","background-media":"","overlay-type":"","overlay-color":"","overlay-opacity":"","overlay-gradient":""}},"ast-content-background-meta":{"desktop":{"background-color":"var(--ast-global-color-5)","background-image":"","background-repeat":"repeat","background-position":"center center","background-size":"auto","background-attachment":"scroll","background-type":"","background-media":"","overlay-type":"","overlay-color":"","overlay-opacity":"","overlay-gradient":""},"tablet":{"background-color":"var(--ast-global-color-5)","background-image":"","background-repeat":"repeat","background-position":"center center","background-size":"auto","background-attachment":"scroll","background-type":"","background-media":"","overlay-type":"","overlay-color":"","overlay-opacity":"","overlay-gradient":""},"mobile":{"background-color":"var(--ast-global-color-5)","background-image":"","background-repeat":"repeat","background-position":"center center","background-size":"auto","background-attachment":"scroll","background-type":"","background-media":"","overlay-type":"","overlay-color":"","overlay-opacity":"","overlay-gradient":""}}},"product_brand":[],"product_cat":[2050,1940,1945],"product_tag":[3103],"class_list":{"0":"post-22227","1":"product","2":"type-product","3":"status-publish","4":"has-post-thumbnail","6":"product_cat-digestion-fr","7":"product_cat-huiles-essentielles","8":"product_cat-melanges-dhuiles-essentielles","9":"product_tag-metapwr-fr","10":"desktop-align-left","11":"tablet-align-left","12":"mobile-align-left","14":"first","15":"instock","16":"taxable","17":"shipping-taxable","18":"product-type-simple"},"_links":{"self":[{"href":"https:\/\/mamaterra.lt\/fr\/wp-json\/wp\/v2\/product\/22227","targetHints":{"allow":["GET"]}}],"collection":[{"href":"https:\/\/mamaterra.lt\/fr\/wp-json\/wp\/v2\/product"}],"about":[{"href":"https:\/\/mamaterra.lt\/fr\/wp-json\/wp\/v2\/types\/product"}],"wp:featuredmedia":[{"embeddable":true,"href":"https:\/\/mamaterra.lt\/fr\/wp-json\/wp\/v2\/media\/23714"}],"wp:attachment":[{"href":"https:\/\/mamaterra.lt\/fr\/wp-json\/wp\/v2\/media?parent=22227"}],"wp:term":[{"taxonomy":"product_brand","embeddable":true,"href":"https:\/\/mamaterra.lt\/fr\/wp-json\/wp\/v2\/product_brand?post=22227"},{"taxonomy":"product_cat","embeddable":true,"href":"https:\/\/mamaterra.lt\/fr\/wp-json\/wp\/v2\/product_cat?post=22227"},{"taxonomy":"product_tag","embeddable":true,"href":"https:\/\/mamaterra.lt\/fr\/wp-json\/wp\/v2\/product_tag?post=22227"}],"curies":[{"name":"wp","href":"https:\/\/api.w.org\/{rel}","templated":true}]}}