{"id":22206,"date":"2023-05-30T20:27:56","date_gmt":"2023-05-30T19:27:56","guid":{"rendered":"https:\/\/mamaterra.lt\/parduotuve\/non%20class\u00e9\/mineralinis-losjonas-nuo-saules-veidui-ir-kunui-sunscreen-150-ml\/"},"modified":"2024-03-10T19:46:05","modified_gmt":"2024-03-10T18:46:05","slug":"lotion-solaire-minerale-pour-le-visage-et-le-corps-sunscreen-150-ml","status":"publish","type":"product","link":"https:\/\/mamaterra.lt\/fr\/parduotuve\/hygiene-et-soins-de-la-peau\/doterra-soleil-fr\/lotion-solaire-minerale-pour-le-visage-et-le-corps-sunscreen-150-ml\/","title":{"rendered":"Lotion solaire min\u00e9rale pour le visage et le corps (SUNSCREEN) 150 ml"},"content":{"rendered":"<p>Une peau ensoleill\u00e9e est une peau prot\u00e9g\u00e9e gr\u00e2ce \u00e0 notre lotion solaire min\u00e9rale pour le visage et le corps. Elle contient des huiles essentielles de mandarine rouge, de magnolia, de citronnelle, d&rsquo;ylang-ylang, de graines de carotte, d&rsquo;encens et d&rsquo;h\u00e9lichryse pour un ar\u00f4me merveilleusement l\u00e9ger et joyeux. La formule nourrissante, hydratante et apaisante glisse sur la peau et offre jusqu&rsquo;\u00e0 80 minutes de protection r\u00e9sistante \u00e0 l&rsquo;eau. Appliquer g\u00e9n\u00e9reusement avant une journ\u00e9e au soleil pour une couverture de la t\u00eate aux pieds.<\/p>\n<p>Offre une protection SPF 30+ \u00e0 large spectre (UVA\/UVB) dans une cr\u00e8me douce et hydratante.<br \/>\nContient de l&rsquo;oxyde de zinc non nano, de l&rsquo;huile d&rsquo;avocat, de l&rsquo;aloe vera, des huiles de p\u00e9pins de framboise et de la vitamine E.<br \/>\nExempte de phtalates, d&rsquo;oxybenzone et de parfums synth\u00e9tiques.<br \/>\nLa formule nourrissante et intens\u00e9ment hydratante a \u00e9t\u00e9 test\u00e9e sous contr\u00f4le dermatologique et r\u00e9siste \u00e0 l&rsquo;eau jusqu&rsquo;\u00e0 80 minutes.<br \/>\nConvient aux v\u00e9g\u00e9tariens et aux r\u00e9cifs marins.<\/p>\n<p>Appliquer g\u00e9n\u00e9reusement 15 minutes avant l&rsquo;exposition au soleil. Appliquer sur toute la peau expos\u00e9e au soleil. Renouveler l&rsquo;application au moins toutes les 2 heures.<br \/>\nPr\u00e9cautions d&#8217;emploi<br \/>\nPour usage externe uniquement. Ne pas utiliser sur une peau ab\u00eem\u00e9e ou cass\u00e9e. Lors de l&rsquo;utilisation de ce produit, ne pas le laisser entrer en contact avec les yeux. Rincer \u00e0 l&rsquo;eau pour \u00e9liminer le produit. En cas d&rsquo;\u00e9ruption cutan\u00e9e, arr\u00eater l&rsquo;utilisation et consulter un m\u00e9decin. Ne restez pas trop longtemps au soleil, m\u00eame si vous utilisez un produit de protection solaire. Gardez les b\u00e9b\u00e9s et les jeunes enfants \u00e0 l&rsquo;abri de la lumi\u00e8re directe du soleil. La surexposition au soleil constitue une menace s\u00e9rieuse pour la sant\u00e9. Sensibilit\u00e9 possible de la peau. Tenir hors de port\u00e9e des enfants. Consultez votre m\u00e9decin en cas de grossesse ou de traitement. \u00c9viter les yeux, les oreilles internes et les zones sensibles. Enfants de moins de 6 mois : consulter un m\u00e9decin.<\/p>\n","protected":false},"excerpt":{"rendered":"<ul class=\"spotlight__list-custom custom-list\">\n<li>Offre une protection SPF 30+ \u00e0 large spectre (UVA\/UVB) dans une cr\u00e8me douce et hydratante.<\/li>\n<li>Contient de l&rsquo;oxyde de zinc non nano, de l&rsquo;huile d&rsquo;avocat, de l&rsquo;aloe vera, des huiles de p\u00e9pins de framboise et de la vitamine E.<\/li>\n<li>Exempte de phtalates, d&rsquo;oxybenzone et de parfums synth\u00e9tiques.<\/li>\n<li>La formule nourrissante et intens\u00e9ment hydratante a \u00e9t\u00e9 test\u00e9e sous contr\u00f4le dermatologique et r\u00e9siste \u00e0 l&rsquo;eau jusqu&rsquo;\u00e0 80 minutes.<\/li>\n<li>Convient aux v\u00e9g\u00e9tariens et aux r\u00e9cifs marins.<\/li>\n<\/ul>\n","protected":false},"featured_media":23264,"template":"","meta":{"site-sidebar-layout":"default","site-content-layout":"default","ast-site-content-layout":"default","site-content-style":"default","site-sidebar-style":"default","ast-global-header-display":"","ast-banner-title-visibility":"","ast-main-header-display":"","ast-hfb-above-header-display":"","ast-hfb-below-header-display":"","ast-hfb-mobile-header-display":"","site-post-title":"","ast-breadcrumbs-content":"","ast-featured-img":"","footer-sml-layout":"","ast-disable-related-posts":"","theme-transparent-header-meta":"default","adv-header-id-meta":"","stick-header-meta":"","header-above-stick-meta":"","header-main-stick-meta":"","header-below-stick-meta":"","astra-migrate-meta-layouts":"set","ast-page-background-enabled":"default","ast-page-background-meta":{"desktop":{"background-color":"","background-image":"","background-repeat":"repeat","background-position":"center center","background-size":"auto","background-attachment":"scroll","background-type":"","background-media":"","overlay-type":"","overlay-color":"","overlay-opacity":"","overlay-gradient":""},"tablet":{"background-color":"","background-image":"","background-repeat":"repeat","background-position":"center center","background-size":"auto","background-attachment":"scroll","background-type":"","background-media":"","overlay-type":"","overlay-color":"","overlay-opacity":"","overlay-gradient":""},"mobile":{"background-color":"","background-image":"","background-repeat":"repeat","background-position":"center center","background-size":"auto","background-attachment":"scroll","background-type":"","background-media":"","overlay-type":"","overlay-color":"","overlay-opacity":"","overlay-gradient":""}},"ast-content-background-meta":{"desktop":{"background-color":"var(--ast-global-color-5)","background-image":"","background-repeat":"repeat","background-position":"center center","background-size":"auto","background-attachment":"scroll","background-type":"","background-media":"","overlay-type":"","overlay-color":"","overlay-opacity":"","overlay-gradient":""},"tablet":{"background-color":"var(--ast-global-color-5)","background-image":"","background-repeat":"repeat","background-position":"center center","background-size":"auto","background-attachment":"scroll","background-type":"","background-media":"","overlay-type":"","overlay-color":"","overlay-opacity":"","overlay-gradient":""},"mobile":{"background-color":"var(--ast-global-color-5)","background-image":"","background-repeat":"repeat","background-position":"center center","background-size":"auto","background-attachment":"scroll","background-type":"","background-media":"","overlay-type":"","overlay-color":"","overlay-opacity":"","overlay-gradient":""}}},"product_brand":[],"product_cat":[3579,1960],"product_tag":[],"class_list":{"0":"post-22206","1":"product","2":"type-product","3":"status-publish","4":"has-post-thumbnail","6":"product_cat-doterra-soleil-fr","7":"product_cat-hygiene-et-soins-de-la-peau","8":"desktop-align-left","9":"tablet-align-left","10":"mobile-align-left","12":"first","13":"instock","14":"sale","15":"taxable","16":"shipping-taxable","17":"purchasable","18":"product-type-simple"},"_links":{"self":[{"href":"https:\/\/mamaterra.lt\/fr\/wp-json\/wp\/v2\/product\/22206","targetHints":{"allow":["GET"]}}],"collection":[{"href":"https:\/\/mamaterra.lt\/fr\/wp-json\/wp\/v2\/product"}],"about":[{"href":"https:\/\/mamaterra.lt\/fr\/wp-json\/wp\/v2\/types\/product"}],"wp:featuredmedia":[{"embeddable":true,"href":"https:\/\/mamaterra.lt\/fr\/wp-json\/wp\/v2\/media\/23264"}],"wp:attachment":[{"href":"https:\/\/mamaterra.lt\/fr\/wp-json\/wp\/v2\/media?parent=22206"}],"wp:term":[{"taxonomy":"product_brand","embeddable":true,"href":"https:\/\/mamaterra.lt\/fr\/wp-json\/wp\/v2\/product_brand?post=22206"},{"taxonomy":"product_cat","embeddable":true,"href":"https:\/\/mamaterra.lt\/fr\/wp-json\/wp\/v2\/product_cat?post=22206"},{"taxonomy":"product_tag","embeddable":true,"href":"https:\/\/mamaterra.lt\/fr\/wp-json\/wp\/v2\/product_tag?post=22206"}],"curies":[{"name":"wp","href":"https:\/\/api.w.org\/{rel}","templated":true}]}}