{"id":22166,"date":"2021-09-09T18:42:21","date_gmt":"2021-09-09T17:42:21","guid":{"rendered":"https:\/\/mamaterra.lt\/parduotuve\/non%20class\u00e9\/doterra-deep-blue-rub-tepalas-raumenu-sanariu-diskomfortui-120ml\/"},"modified":"2024-03-10T18:36:49","modified_gmt":"2024-03-10T17:36:49","slug":"doterra-deep-blue-rub-120ml","status":"publish","type":"product","link":"https:\/\/mamaterra.lt\/fr\/parduotuve\/huiles-essentielles\/melanges-dhuiles-essentielles\/doterra-deep-blue-rub-120ml\/","title":{"rendered":"doTERRA Deep Blue Rub  120ml"},"content":{"rendered":"<h6>doTERRA Deep Blue Rub 120ml<\/h6>\n<p>&nbsp;<\/p>\n<ul>\n<li>Deep Blue Rub est une cr\u00e8me topique formul\u00e9e avec le m\u00e9lange d&rsquo;huiles essentielles d\u014dTERRA Deep Blue et des extraits naturels de plantes qui apportent du confort aux zones \u00e0 probl\u00e8mes. Deep Blue Rub r\u00e9unit des huiles essentielles connues pour r\u00e9conforter et rafra\u00eechir les articulations et les muscles. Une combinaison de romarin d&rsquo;Espagne, riche en camphre, de menthe japonaise, d&rsquo;anis \u00e9toil\u00e9, de menthe poivr\u00e9e et d&rsquo;arbre \u00e0 th\u00e9 contribue \u00e0 rafra\u00eechir la peau. L&rsquo;ajout des propri\u00e9t\u00e9s du Copaiba, qui favorise une peau saine, s&rsquo;associe \u00e0 la capacit\u00e9 de la menthe bergamote \u00e0 apaiser et \u00e0 calmer. Ces huiles essentielles apportent du confort au dos, aux jambes et aux pieds, en particulier apr\u00e8s une s\u00e9ance d&rsquo;entra\u00eenement intense.<\/li>\n<\/ul>\n<p><iframe title=\"How-To Use doTerra Deep Blue Rub | Joshua Sawtell\" src=\"https:\/\/www.youtube.com\/embed\/kPnU5NG8aXE\" width=\"946\" height=\"532\" frameborder=\"0\" allowfullscreen=\"allowfullscreen\"><\/iframe><\/p>\n","protected":false},"excerpt":{"rendered":"<ul>\n<li>doTERRA Deep Blue Rub est une cr\u00e8me \u00e0 application externe contenant 5 ml de Deep Blue, un m\u00e9lange apaisant d&rsquo;huiles essentielles CPTG\u00ae.<br \/>\nFormul\u00e9 avec un m\u00e9lange exclusif d&rsquo;extraits de plantes naturelles et d&rsquo;autres ingr\u00e9dients puissants, Deep Blue Rub procure une sensation apaisante de fra\u00eecheur et de chaleur sur les zones \u00e0 probl\u00e8mes.<br \/>\nDeep Blue Rub est bas\u00e9 sur des \u00e9mollients hydratants qui laissent la peau douce et non grasse. C&rsquo;est le choix des massoth\u00e9rapeutes et des athl\u00e8tes, qui l&rsquo;utilisent d\u00e9sormais largement dans leur pratique.<\/li>\n<\/ul>\n","protected":false},"featured_media":25676,"template":"","meta":{"site-sidebar-layout":"default","site-content-layout":"default","ast-site-content-layout":"default","site-content-style":"default","site-sidebar-style":"default","ast-global-header-display":"","ast-banner-title-visibility":"","ast-main-header-display":"","ast-hfb-above-header-display":"","ast-hfb-below-header-display":"","ast-hfb-mobile-header-display":"","site-post-title":"","ast-breadcrumbs-content":"","ast-featured-img":"","footer-sml-layout":"","ast-disable-related-posts":"","theme-transparent-header-meta":"default","adv-header-id-meta":"","stick-header-meta":"","header-above-stick-meta":"","header-main-stick-meta":"","header-below-stick-meta":"","astra-migrate-meta-layouts":"set","ast-page-background-enabled":"default","ast-page-background-meta":{"desktop":{"background-color":"","background-image":"","background-repeat":"repeat","background-position":"center center","background-size":"auto","background-attachment":"scroll","background-type":"","background-media":"","overlay-type":"","overlay-color":"","overlay-opacity":"","overlay-gradient":""},"tablet":{"background-color":"","background-image":"","background-repeat":"repeat","background-position":"center center","background-size":"auto","background-attachment":"scroll","background-type":"","background-media":"","overlay-type":"","overlay-color":"","overlay-opacity":"","overlay-gradient":""},"mobile":{"background-color":"","background-image":"","background-repeat":"repeat","background-position":"center center","background-size":"auto","background-attachment":"scroll","background-type":"","background-media":"","overlay-type":"","overlay-color":"","overlay-opacity":"","overlay-gradient":""}},"ast-content-background-meta":{"desktop":{"background-color":"var(--ast-global-color-5)","background-image":"","background-repeat":"repeat","background-position":"center center","background-size":"auto","background-attachment":"scroll","background-type":"","background-media":"","overlay-type":"","overlay-color":"","overlay-opacity":"","overlay-gradient":""},"tablet":{"background-color":"var(--ast-global-color-5)","background-image":"","background-repeat":"repeat","background-position":"center center","background-size":"auto","background-attachment":"scroll","background-type":"","background-media":"","overlay-type":"","overlay-color":"","overlay-opacity":"","overlay-gradient":""},"mobile":{"background-color":"var(--ast-global-color-5)","background-image":"","background-repeat":"repeat","background-position":"center center","background-size":"auto","background-attachment":"scroll","background-type":"","background-media":"","overlay-type":"","overlay-color":"","overlay-opacity":"","overlay-gradient":""}}},"product_brand":[],"product_cat":[1923,1935,1940,2000,1945,1896],"product_tag":[2200,3171,3342,3292],"class_list":{"0":"post-22166","1":"product","2":"type-product","3":"status-publish","4":"has-post-thumbnail","6":"product_cat-cadeaux","7":"product_cat-cadeaux-pour-hommes","8":"product_cat-huiles-essentielles","9":"product_cat-massage-fr","10":"product_cat-melanges-dhuiles-essentielles","11":"product_cat-produits-bleu-profond","12":"product_tag-120ml-fr","13":"product_tag-deep-blue-fr","14":"product_tag-lubrifiant","15":"product_tag-populaire","16":"desktop-align-left","17":"tablet-align-left","18":"mobile-align-left","20":"first","21":"instock","22":"sale","23":"featured","24":"taxable","25":"shipping-taxable","26":"purchasable","27":"product-type-simple"},"_links":{"self":[{"href":"https:\/\/mamaterra.lt\/fr\/wp-json\/wp\/v2\/product\/22166","targetHints":{"allow":["GET"]}}],"collection":[{"href":"https:\/\/mamaterra.lt\/fr\/wp-json\/wp\/v2\/product"}],"about":[{"href":"https:\/\/mamaterra.lt\/fr\/wp-json\/wp\/v2\/types\/product"}],"wp:featuredmedia":[{"embeddable":true,"href":"https:\/\/mamaterra.lt\/fr\/wp-json\/wp\/v2\/media\/25676"}],"wp:attachment":[{"href":"https:\/\/mamaterra.lt\/fr\/wp-json\/wp\/v2\/media?parent=22166"}],"wp:term":[{"taxonomy":"product_brand","embeddable":true,"href":"https:\/\/mamaterra.lt\/fr\/wp-json\/wp\/v2\/product_brand?post=22166"},{"taxonomy":"product_cat","embeddable":true,"href":"https:\/\/mamaterra.lt\/fr\/wp-json\/wp\/v2\/product_cat?post=22166"},{"taxonomy":"product_tag","embeddable":true,"href":"https:\/\/mamaterra.lt\/fr\/wp-json\/wp\/v2\/product_tag?post=22166"}],"curies":[{"name":"wp","href":"https:\/\/api.w.org\/{rel}","templated":true}]}}