{"id":22134,"date":"2023-10-01T17:31:28","date_gmt":"2023-10-01T16:31:28","guid":{"rendered":"https:\/\/mamaterra.lt\/parduotuve\/non%20class\u00e9\/miru-myrrh-touch-10ml\/"},"modified":"2024-03-10T17:34:13","modified_gmt":"2024-03-10T16:34:13","slug":"myrrh-touch-10ml","status":"publish","type":"product","link":"https:\/\/mamaterra.lt\/fr\/parduotuve\/huiles-essentielles\/huiles-essentielles-pures\/myrrh-touch-10ml\/","title":{"rendered":"MYRRH touch 10ml"},"content":{"rendered":"<h6>MYRRH Pure huile essentielle doTERRA dilu\u00e9e avec de l&rsquo;huile de coco fractionn\u00e9e, pr\u00eate \u00e0 \u00eatre appliqu\u00e9e sur la peau.<\/h6>\n<p>Commiphora myrrha | 10ml<\/p>\n<p>L&rsquo;huile essentielle de myrrhe est consid\u00e9r\u00e9e comme l&rsquo;une des huiles les plus pr\u00e9cieuses au monde. Elle am\u00e9liore l&rsquo;apparence de la peau et est un ingr\u00e9dient cl\u00e9 dans de nombreux produits de soins de la peau, y compris la Salubelle de doTERRA. La myrrhe est utilis\u00e9e depuis des si\u00e8cles pour la m\u00e9ditation et l&#8217;embaumement. Aujourd&rsquo;hui, elle est encore tr\u00e8s appr\u00e9ci\u00e9e et utilis\u00e9e dans une vaste gamme de produits tels que les parfums, l&rsquo;encens et les produits de soins de beaut\u00e9. doTERRA combine l&rsquo;huile essentielle de myrrhe \u00e0 l&rsquo;huile de noix de coco fractionn\u00e9e pour cr\u00e9er un ajout hautement hydratant et rajeunissant \u00e0 toute routine de soins de la peau.<\/p>\n<p>Principaux avantages<br \/>\nAppliqu\u00e9e sur la peau, elle a un effet apaisant.<br \/>\nDonne \u00e0 la peau une apparence saine.<br \/>\nB\u00e9n\u00e9fique pour les pratiques de pleine conscience, augmentant la concentration et renfor\u00e7ant le sentiment de paix.<br \/>\nEnrichissez votre routine<br \/>\nVous cherchez un moyen d&rsquo;apaiser votre peau ? Essayez la cr\u00e8me hydratante Myrrh Touch, qui vous permet de maintenir facilement votre peau en bon \u00e9tat. L&rsquo;huile essentielle de myrrhe poss\u00e8de de nombreuses propri\u00e9t\u00e9s b\u00e9n\u00e9fiques qui peuvent contribuer \u00e0 am\u00e9liorer la beaut\u00e9 de votre peau, alors pourquoi ne pas l&rsquo;essayer ?<\/p>\n<p>&nbsp;<\/p>\n<p>Pour plus d&rsquo;informations sur l&rsquo;huile essentielle de myrrhe (MYRRH) doTERRA, regardez la vid\u00e9o ci-dessous.<\/p>\n<p><iframe title=\"do\u0304TERRA Myrrh Essential Oil\" src=\"https:\/\/www.youtube.com\/embed\/foVE7H7r_nk\" width=\"853\" height=\"480\" frameborder=\"0\" allowfullscreen=\"allowfullscreen\"><\/iframe><\/p>\n","protected":false},"excerpt":{"rendered":"<ul>\n<li>Aide \u00e0 ressentir un \u00e9quilibre \u00e9motionnel et un sentiment de bien-\u00eatre.<\/li>\n<li>Elle est b\u00e9n\u00e9fique pour les pratiques de pleine conscience, en augmentant la concentration et en renfor\u00e7ant le sentiment de paix.<\/li>\n<li>Apaise la peau et lui donne un aspect clair et jeune.<\/li>\n<\/ul>\n","protected":false},"featured_media":21472,"template":"","meta":{"site-sidebar-layout":"default","site-content-layout":"default","ast-site-content-layout":"default","site-content-style":"default","site-sidebar-style":"default","ast-global-header-display":"","ast-banner-title-visibility":"","ast-main-header-display":"","ast-hfb-above-header-display":"","ast-hfb-below-header-display":"","ast-hfb-mobile-header-display":"","site-post-title":"","ast-breadcrumbs-content":"","ast-featured-img":"","footer-sml-layout":"","ast-disable-related-posts":"","theme-transparent-header-meta":"default","adv-header-id-meta":"","stick-header-meta":"","header-above-stick-meta":"","header-main-stick-meta":"","header-below-stick-meta":"","astra-migrate-meta-layouts":"set","ast-page-background-enabled":"default","ast-page-background-meta":{"desktop":{"background-color":"","background-image":"","background-repeat":"repeat","background-position":"center center","background-size":"auto","background-attachment":"scroll","background-type":"","background-media":"","overlay-type":"","overlay-color":"","overlay-opacity":"","overlay-gradient":""},"tablet":{"background-color":"","background-image":"","background-repeat":"repeat","background-position":"center center","background-size":"auto","background-attachment":"scroll","background-type":"","background-media":"","overlay-type":"","overlay-color":"","overlay-opacity":"","overlay-gradient":""},"mobile":{"background-color":"","background-image":"","background-repeat":"repeat","background-position":"center center","background-size":"auto","background-attachment":"scroll","background-type":"","background-media":"","overlay-type":"","overlay-color":"","overlay-opacity":"","overlay-gradient":""}},"ast-content-background-meta":{"desktop":{"background-color":"var(--ast-global-color-5)","background-image":"","background-repeat":"repeat","background-position":"center center","background-size":"auto","background-attachment":"scroll","background-type":"","background-media":"","overlay-type":"","overlay-color":"","overlay-opacity":"","overlay-gradient":""},"tablet":{"background-color":"var(--ast-global-color-5)","background-image":"","background-repeat":"repeat","background-position":"center center","background-size":"auto","background-attachment":"scroll","background-type":"","background-media":"","overlay-type":"","overlay-color":"","overlay-opacity":"","overlay-gradient":""},"mobile":{"background-color":"var(--ast-global-color-5)","background-image":"","background-repeat":"repeat","background-position":"center center","background-size":"auto","background-attachment":"scroll","background-type":"","background-media":"","overlay-type":"","overlay-color":"","overlay-opacity":"","overlay-gradient":""}}},"product_brand":[],"product_cat":[2005,1940,1950,1960,2040],"product_tag":[2094,3232,2595],"class_list":{"0":"post-22134","1":"product","2":"type-product","3":"status-publish","4":"has-post-thumbnail","6":"product_cat-dormir-fr","7":"product_cat-huiles-essentielles","8":"product_cat-huiles-essentielles-pures","9":"product_cat-hygiene-et-soins-de-la-peau","10":"product_cat-la-gestion-du-stress","11":"product_tag-15-ml-fr","12":"product_tag-huiles-essentielles","13":"product_tag-myrrh-fr","14":"desktop-align-left","15":"tablet-align-left","16":"mobile-align-left","18":"first","19":"outofstock","20":"taxable","21":"shipping-taxable","22":"purchasable","23":"product-type-simple"},"_links":{"self":[{"href":"https:\/\/mamaterra.lt\/fr\/wp-json\/wp\/v2\/product\/22134","targetHints":{"allow":["GET"]}}],"collection":[{"href":"https:\/\/mamaterra.lt\/fr\/wp-json\/wp\/v2\/product"}],"about":[{"href":"https:\/\/mamaterra.lt\/fr\/wp-json\/wp\/v2\/types\/product"}],"wp:featuredmedia":[{"embeddable":true,"href":"https:\/\/mamaterra.lt\/fr\/wp-json\/wp\/v2\/media\/21472"}],"wp:attachment":[{"href":"https:\/\/mamaterra.lt\/fr\/wp-json\/wp\/v2\/media?parent=22134"}],"wp:term":[{"taxonomy":"product_brand","embeddable":true,"href":"https:\/\/mamaterra.lt\/fr\/wp-json\/wp\/v2\/product_brand?post=22134"},{"taxonomy":"product_cat","embeddable":true,"href":"https:\/\/mamaterra.lt\/fr\/wp-json\/wp\/v2\/product_cat?post=22134"},{"taxonomy":"product_tag","embeddable":true,"href":"https:\/\/mamaterra.lt\/fr\/wp-json\/wp\/v2\/product_tag?post=22134"}],"curies":[{"name":"wp","href":"https:\/\/api.w.org\/{rel}","templated":true}]}}