{"id":22125,"date":"2023-12-23T18:59:49","date_gmt":"2023-12-23T17:59:49","guid":{"rendered":"https:\/\/mamaterra.lt\/parduotuve\/non%20class\u00e9\/ravintsara-5ml\/"},"modified":"2024-11-16T14:58:35","modified_gmt":"2024-11-16T13:58:35","slug":"doterra-ravintsara-5ml","status":"publish","type":"product","link":"https:\/\/mamaterra.lt\/fr\/parduotuve\/huiles-essentielles\/huiles-essentielles-pures\/doterra-ravintsara-5ml\/","title":{"rendered":"doTERRA Ravintsara 5ml"},"content":{"rendered":"<h6>L&rsquo;huile de Ravintsara doTERRA est distill\u00e9e \u00e0 partir des feuilles de l&rsquo;arbre Cinnamomum camphora \u00e0 Madagascar.<\/h6>\n<p>&nbsp;<\/p>\n<div class=\"x11i5rnm xat24cr x1mh8g0r x1vvkbs xtlvy1s x126k92a\">\n<div dir=\"auto\">Cet arbre est puissant et r\u00e9sistant, avec un tronc \u00e9pais et des racines profondes.<br \/>\nIl atteint une hauteur de 20 \u00e0 30 m et peut vivre plus de 1000 ans.<br \/>\nLe camphrier est consid\u00e9r\u00e9 comme sacr\u00e9 au Japon.<br \/>\nUn exemple de l&rsquo;importance d&rsquo;un arbre sacr\u00e9 est le camphrier vieux de 700 ans qui pousse au milieu de la gare de Kajashima.<br \/>\nLes r\u00e9sidents locaux ont protest\u00e9 contre le d\u00e9placement de l&rsquo;arbre lorsque la gare a d\u00fb \u00eatre agrandie, et la gare a donc \u00e9t\u00e9 construite autour de l&rsquo;arbre.<br \/>\nL&rsquo;ar\u00f4me de Ravintsara peut \u00eatre d\u00e9crit comme une combinaison de camphre et d&rsquo;eucalyptus, mais en plus vert, en plus tonique et \u00e9nergisant.<br \/>\nFra\u00eeche et terreuse, l&rsquo;huile de Ravintsara a un fort effet purifiant et rafra\u00eechissant.<br \/>\nL&rsquo;ar\u00f4me rafra\u00eechissant, comme celui de l&rsquo;eucalyptus, est id\u00e9al pour la saison froide, car il permet de respirer avec l\u00e9g\u00e8ret\u00e9.<br \/>\nEn aromath\u00e9rapie \u00e9nerg\u00e9tique, l&rsquo;huile de Ravintsara est associ\u00e9e au chakra de la gorge Vishuddha &#8211; facilitant la communication verbale et la capacit\u00e9 \u00e0 s&rsquo;exprimer \u00e0 travers l&rsquo;art et la litt\u00e9rature.<br \/>\nUtilisations :<br \/>\nPour l&rsquo;\u00e9tat \u00e9motionnel &#8211; appliquer 2-4 gouttes d&rsquo;huile \u00e9th\u00e9r\u00e9e dilu\u00e9es dans une huile de base sur la poitrine, les pieds, les points de pulsation.<br \/>\nPour am\u00e9liorer la sant\u00e9 &#8211; appliquer 2-4 gouttes d&rsquo;huile essentielle dilu\u00e9es dans l&rsquo;huile de base sur la colonne vert\u00e9brale, le dos, la poitrine, les pieds.<br \/>\nPour un teint plus beau &#8211; appliquer 1 \u00e0 2 gouttes d&rsquo;huile dans la paume de la main avec un nettoyant pour le visage.<br \/>\nPour la tranquillit\u00e9 &#8211; ajoutez des sels d&rsquo;Epson ou du lait et profitez d&rsquo;un bain paisible et relaxant.<br \/>\nPour les massages &#8211; versez 2 \u00e0 4 gouttes d&rsquo;huile d&rsquo;epson dans la paume de votre main avec une huile de massage.<br \/>\nPour cr\u00e9er un environnement relaxant avant le coucher ou pour am\u00e9liorer l&rsquo;odeur de la maison, versez 4 \u00e0 6 gouttes dans un diffuseur.<\/div>\n<\/div>\n","protected":false},"excerpt":{"rendered":"<p>Fra\u00eeche et terreuse, l&rsquo;huile de Ravintsara a un fort effet purifiant et rafra\u00eechissant.<br \/>\nL&rsquo;ar\u00f4me rafra\u00eechissant, comme celui de l&rsquo;eucalyptus, est id\u00e9al pour la saison froide, car il permet de respirer avec l\u00e9g\u00e8ret\u00e9.<\/p>\n","protected":false},"featured_media":22126,"template":"","meta":{"site-sidebar-layout":"default","site-content-layout":"","ast-site-content-layout":"default","site-content-style":"default","site-sidebar-style":"default","ast-global-header-display":"","ast-banner-title-visibility":"","ast-main-header-display":"","ast-hfb-above-header-display":"","ast-hfb-below-header-display":"","ast-hfb-mobile-header-display":"","site-post-title":"","ast-breadcrumbs-content":"","ast-featured-img":"","footer-sml-layout":"","ast-disable-related-posts":"","theme-transparent-header-meta":"default","adv-header-id-meta":"","stick-header-meta":"","header-above-stick-meta":"","header-main-stick-meta":"","header-below-stick-meta":"","astra-migrate-meta-layouts":"set","ast-page-background-enabled":"default","ast-page-background-meta":{"desktop":{"background-color":"","background-image":"","background-repeat":"repeat","background-position":"center center","background-size":"auto","background-attachment":"scroll","background-type":"","background-media":"","overlay-type":"","overlay-color":"","overlay-opacity":"","overlay-gradient":""},"tablet":{"background-color":"","background-image":"","background-repeat":"repeat","background-position":"center center","background-size":"auto","background-attachment":"scroll","background-type":"","background-media":"","overlay-type":"","overlay-color":"","overlay-opacity":"","overlay-gradient":""},"mobile":{"background-color":"","background-image":"","background-repeat":"repeat","background-position":"center center","background-size":"auto","background-attachment":"scroll","background-type":"","background-media":"","overlay-type":"","overlay-color":"","overlay-opacity":"","overlay-gradient":""}},"ast-content-background-meta":{"desktop":{"background-color":"var(--ast-global-color-5)","background-image":"","background-repeat":"repeat","background-position":"center center","background-size":"auto","background-attachment":"scroll","background-type":"","background-media":"","overlay-type":"","overlay-color":"","overlay-opacity":"","overlay-gradient":""},"tablet":{"background-color":"var(--ast-global-color-5)","background-image":"","background-repeat":"repeat","background-position":"center center","background-size":"auto","background-attachment":"scroll","background-type":"","background-media":"","overlay-type":"","overlay-color":"","overlay-opacity":"","overlay-gradient":""},"mobile":{"background-color":"var(--ast-global-color-5)","background-image":"","background-repeat":"repeat","background-position":"center center","background-size":"auto","background-attachment":"scroll","background-type":"","background-media":"","overlay-type":"","overlay-color":"","overlay-opacity":"","overlay-gradient":""}}},"product_brand":[],"product_cat":[2005,1940,1950,1990,2040,2035],"product_tag":[],"class_list":{"0":"post-22125","1":"product","2":"type-product","3":"status-publish","4":"has-post-thumbnail","6":"product_cat-dormir-fr","7":"product_cat-huiles-essentielles","8":"product_cat-huiles-essentielles-pures","9":"product_cat-immunite","10":"product_cat-la-gestion-du-stress","11":"product_cat-purification-de-lair","12":"desktop-align-left","13":"tablet-align-left","14":"mobile-align-left","16":"first","17":"instock","18":"taxable","19":"shipping-taxable","20":"purchasable","21":"product-type-simple"},"_links":{"self":[{"href":"https:\/\/mamaterra.lt\/fr\/wp-json\/wp\/v2\/product\/22125","targetHints":{"allow":["GET"]}}],"collection":[{"href":"https:\/\/mamaterra.lt\/fr\/wp-json\/wp\/v2\/product"}],"about":[{"href":"https:\/\/mamaterra.lt\/fr\/wp-json\/wp\/v2\/types\/product"}],"wp:featuredmedia":[{"embeddable":true,"href":"https:\/\/mamaterra.lt\/fr\/wp-json\/wp\/v2\/media\/22126"}],"wp:attachment":[{"href":"https:\/\/mamaterra.lt\/fr\/wp-json\/wp\/v2\/media?parent=22125"}],"wp:term":[{"taxonomy":"product_brand","embeddable":true,"href":"https:\/\/mamaterra.lt\/fr\/wp-json\/wp\/v2\/product_brand?post=22125"},{"taxonomy":"product_cat","embeddable":true,"href":"https:\/\/mamaterra.lt\/fr\/wp-json\/wp\/v2\/product_cat?post=22125"},{"taxonomy":"product_tag","embeddable":true,"href":"https:\/\/mamaterra.lt\/fr\/wp-json\/wp\/v2\/product_tag?post=22125"}],"curies":[{"name":"wp","href":"https:\/\/api.w.org\/{rel}","templated":true}]}}