{"id":22106,"date":"2022-12-22T12:47:42","date_gmt":"2022-12-22T11:47:42","guid":{"rendered":"https:\/\/mamaterra.lt\/parduotuve\/non%20class\u00e9\/doterra-puosniuju-gyvamedziu-guaiacwood-eterinis-aliejus-15ml\/"},"modified":"2024-03-10T17:08:28","modified_gmt":"2024-03-10T16:08:28","slug":"doterra-guaiacwood-huile-essentielle-15ml","status":"publish","type":"product","link":"https:\/\/mamaterra.lt\/fr\/parduotuve\/huiles-essentielles\/huiles-essentielles-pures\/doterra-guaiacwood-huile-essentielle-15ml\/","title":{"rendered":"doTERRA GUAIACWOOD Huile Essentielle 15ml"},"content":{"rendered":"<h6>doTERRA GUAIACWOOD Huile Essentielle 15ml<\/h6>\n<p>15ml<\/p>\n<p>&nbsp;<\/p>\n<p>ddoTERRA s&rsquo;approvisionne de mani\u00e8re durable et \u00e9thique en huile essentielle de bois de ga\u00efac au Paraguay. En travaillant avec notre partenaire d&rsquo;approvisionnement, nous changeons l&rsquo;avenir de la for\u00eat Gran Chaco en p\u00e9ril, l&rsquo;une des r\u00e9gions les plus diversifi\u00e9es sur le plan biologique au monde. L&rsquo;huile essentielle est distill\u00e9e \u00e0 la vapeur \u00e0 partir du bois de c\u0153ur du Bulnesia sarmientoi et m\u00e9lang\u00e9e \u00e0 de l&rsquo;huile de noix de coco fractionn\u00e9e pour produire l&rsquo;huile essentielle de bois de ga\u00efac doTERRA. Connue pour son ar\u00f4me terreux et terreux avec une douceur subtile, son parfum bois\u00e9 peut favoriser une atmosph\u00e8re calme et tranquille.<\/p>\n<p>&nbsp;<\/p>\n<ul>\n<li>Traditionnellement utilis\u00e9 dans les pratiques am\u00e9rindiennes telles que la m\u00e9ditation et les c\u00e9r\u00e9monies de bien-\u00eatre.<\/li>\n<li>Utilis\u00e9e dans les parfums fins et les produits de soins pour son parfum l\u00e9g\u00e8rement sucr\u00e9 et terreux.<\/li>\n<li>Associ\u00e9e \u00e0 l&rsquo;huile de coco fractionn\u00e9e, elle aide \u00e0 apaiser les petites irritations cutan\u00e9es et favorise l&rsquo;hydratation naturelle de la peau.<\/li>\n<li>Son parfum bois\u00e9 peut favoriser un ar\u00f4me de terre, d&rsquo;apaisement et de tranquillit\u00e9.<\/li>\n<\/ul>\n<p>&nbsp;<\/p>\n","protected":false},"excerpt":{"rendered":"<ul>\n<li>Traditionnellement utilis\u00e9 dans les pratiques am\u00e9rindiennes telles que la m\u00e9ditation et les c\u00e9r\u00e9monies de bien-\u00eatre.<\/li>\n<li>Utilis\u00e9e dans les parfums fins et les produits de soins pour son parfum l\u00e9g\u00e8rement sucr\u00e9 et terreux.<\/li>\n<li>Associ\u00e9e \u00e0 l&rsquo;huile de coco fractionn\u00e9e, elle aide \u00e0 apaiser les petites irritations cutan\u00e9es et favorise l&rsquo;hydratation naturelle de la peau.<\/li>\n<li>Son parfum bois\u00e9 peut favoriser un ar\u00f4me de terre, d&rsquo;apaisement et de tranquillit\u00e9.<\/li>\n<\/ul>\n","protected":false},"featured_media":0,"template":"","meta":{"site-sidebar-layout":"default","site-content-layout":"default","ast-site-content-layout":"default","site-content-style":"default","site-sidebar-style":"default","ast-global-header-display":"","ast-banner-title-visibility":"","ast-main-header-display":"","ast-hfb-above-header-display":"","ast-hfb-below-header-display":"","ast-hfb-mobile-header-display":"","site-post-title":"","ast-breadcrumbs-content":"","ast-featured-img":"","footer-sml-layout":"","ast-disable-related-posts":"","theme-transparent-header-meta":"default","adv-header-id-meta":"","stick-header-meta":"","header-above-stick-meta":"","header-main-stick-meta":"","header-below-stick-meta":"","astra-migrate-meta-layouts":"set","ast-page-background-enabled":"default","ast-page-background-meta":{"desktop":{"background-color":"","background-image":"","background-repeat":"repeat","background-position":"center center","background-size":"auto","background-attachment":"scroll","background-type":"","background-media":"","overlay-type":"","overlay-color":"","overlay-opacity":"","overlay-gradient":""},"tablet":{"background-color":"","background-image":"","background-repeat":"repeat","background-position":"center center","background-size":"auto","background-attachment":"scroll","background-type":"","background-media":"","overlay-type":"","overlay-color":"","overlay-opacity":"","overlay-gradient":""},"mobile":{"background-color":"","background-image":"","background-repeat":"repeat","background-position":"center center","background-size":"auto","background-attachment":"scroll","background-type":"","background-media":"","overlay-type":"","overlay-color":"","overlay-opacity":"","overlay-gradient":""}},"ast-content-background-meta":{"desktop":{"background-color":"var(--ast-global-color-5)","background-image":"","background-repeat":"repeat","background-position":"center center","background-size":"auto","background-attachment":"scroll","background-type":"","background-media":"","overlay-type":"","overlay-color":"","overlay-opacity":"","overlay-gradient":""},"tablet":{"background-color":"var(--ast-global-color-5)","background-image":"","background-repeat":"repeat","background-position":"center center","background-size":"auto","background-attachment":"scroll","background-type":"","background-media":"","overlay-type":"","overlay-color":"","overlay-opacity":"","overlay-gradient":""},"mobile":{"background-color":"var(--ast-global-color-5)","background-image":"","background-repeat":"repeat","background-position":"center center","background-size":"auto","background-attachment":"scroll","background-type":"","background-media":"","overlay-type":"","overlay-color":"","overlay-opacity":"","overlay-gradient":""}}},"product_brand":[],"product_cat":[2005,1940,1950,1960,1990,2040,2000,2035],"product_tag":[2540,3132,3232,3404,3445,3429],"class_list":{"0":"post-22106","1":"product","2":"type-product","3":"status-publish","5":"product_cat-dormir-fr","6":"product_cat-huiles-essentielles","7":"product_cat-huiles-essentielles-pures","8":"product_cat-hygiene-et-soins-de-la-peau","9":"product_cat-immunite","10":"product_cat-la-gestion-du-stress","11":"product_cat-massage-fr","12":"product_cat-purification-de-lair","13":"product_tag-apaisant","14":"product_tag-guaiacwood-fr","15":"product_tag-huiles-essentielles","16":"product_tag-parfum-fr","17":"product_tag-peau","18":"product_tag-production-de-parfum","19":"desktop-align-left","20":"tablet-align-left","21":"mobile-align-left","23":"first","24":"instock","25":"taxable","26":"shipping-taxable","27":"purchasable","28":"product-type-simple"},"_links":{"self":[{"href":"https:\/\/mamaterra.lt\/fr\/wp-json\/wp\/v2\/product\/22106","targetHints":{"allow":["GET"]}}],"collection":[{"href":"https:\/\/mamaterra.lt\/fr\/wp-json\/wp\/v2\/product"}],"about":[{"href":"https:\/\/mamaterra.lt\/fr\/wp-json\/wp\/v2\/types\/product"}],"wp:attachment":[{"href":"https:\/\/mamaterra.lt\/fr\/wp-json\/wp\/v2\/media?parent=22106"}],"wp:term":[{"taxonomy":"product_brand","embeddable":true,"href":"https:\/\/mamaterra.lt\/fr\/wp-json\/wp\/v2\/product_brand?post=22106"},{"taxonomy":"product_cat","embeddable":true,"href":"https:\/\/mamaterra.lt\/fr\/wp-json\/wp\/v2\/product_cat?post=22106"},{"taxonomy":"product_tag","embeddable":true,"href":"https:\/\/mamaterra.lt\/fr\/wp-json\/wp\/v2\/product_tag?post=22106"}],"curies":[{"name":"wp","href":"https:\/\/api.w.org\/{rel}","templated":true}]}}